{"id":1139,"date":"2018-04-30T18:42:00","date_gmt":"2018-04-30T16:42:00","guid":{"rendered":"http:\/\/hojas.co.at\/blog\/?page_id=1139"},"modified":"2023-12-09T20:26:01","modified_gmt":"2023-12-09T18:26:01","slug":"youtubekanaele","status":"publish","type":"page","link":"http:\/\/hojas.co.at\/blog\/youtubekanaele\/","title":{"rendered":"Youtubekan\u00e4le"},"content":{"rendered":"<h2>Interessante Kan\u00e4le auf Youtube<\/h2>\n<h3>100perxentme<\/h3>\n<p>100percentme soll DEINE Plattform sein, hier kannst du zeigen, wie du lebst. Einfach Realtalk statt Sch\u00f6ngerede, denn #inspirationporn ist sowas von vorbei? Dann lass uns \u00fcber Behinderungen in unserer Zeit sprechen. Wenn es sein muss, Finger in Wunden legen, gemeinsam etwas erreichen. Und einfach eine gute Zeit haben.<\/p>\n<p><a href=\"https:\/\/www.youtube.com\/channel\/UCqaEnSlLYkutT6tVAmSyHCw\/playlists\">Link zum Youtubekanal 100percentme<\/a><\/p>\n<h3>Behindert aber gl\u00fccklich<\/h3>\n<p>Hallo ihr lieben, ich bin Darleen,22 Jahre alt und mir fehlen von Geburt an 1,5 Unterschenkel,ein paar Zehen und ein bisschen Fu\u00df. Auf meinem Kanal &#8222;behindert aber gl\u00fccklich&#8220; zeige ich euch,das man auch mit Prothesen ein gl\u00fcckliches Leben f\u00fchren kann.<\/p>\n<p><a href=\"https:\/\/www.youtube.com\/channel\/UCo1W59_dmpu2NOBOqYtTX8g\/about\">Link zum Youtubekanal Behindert aber gl\u00fccklich<\/a><\/p>\n<h3>blind and beauty<\/h3>\n<p>Willkommen auf dem Channel von&#8220;Blind and Beauty&#8220;. Wir sind ein junges Unternehmen, gegr\u00fcndet von Tina Sohrab, welches sehbehinderten und blinden Frauen die M\u00f6glichkeit verschaffen m\u00f6chte, dekorative Kosmetik genauso wie sehende Frauen nutzen zu k\u00f6nnen. Tutorials und Make-up-Workshops sollen den Frauen das n\u00f6tige Selbstbewusstsein schenken, um sich weiblich und attraktiv zu f\u00fchlen.<\/p>\n<p><a href=\"https:\/\/www.youtube.com\/channel\/UCDJuBUnivYWotq2STWTFKSg\/videos\">Link zum Youtbekanal von blind and beauty<\/a><\/p>\n<h3>Blindlife<\/h3>\n<p>ich hei\u00dfe Erdin und lebe in Hamburg. Mit einem Sehrest von nur 2 % und einer Leidenschaft von 100 %, nehme ich euch mit in meinen Alltag, auf Reisen und interessanten Veranstaltungen. Meinen Alltag bew\u00e4ltige ich mit diversen Hilfsmitteln wie z. B. einem wei\u00dfen Langstock, verschiedenen technischen Hilfsmitteln und meinen vier anderen Sinnen, die noch sehr gut meine Sehbehinderung ausgleichen. Bei mir geht es also rund um das Thema: &#8222;Blindheit und Sehbehinderung&#8220; und all das, was mich sonst so interessiert. Auf meinem Kanal wird also die Inklusion gelebt. Nimm auch du gern aktiv daran teil und kommentiere meine Videos. Stelle Fragen und diskutiere mit. Nur durch einen gemeinsamen Austausch kann die Inklusion gef\u00f6rdert werden.<\/p>\n<p><a href=\"https:\/\/www.youtube.com\/user\/blindlifevideos\/videos\">Link zum Youtubekanal Blindlife<\/a><\/p>\n<h3>Blind-Tech by Jeco<\/h3>\n<p>\u00dcberlegst du dir auch ein neues Ger\u00e4t zu kaufen aber wei\u00dft nicht ob es f\u00fcr Sehbehinderte oder blinde geeignet ist? M\u00f6chtest du wissen welche Ger\u00e4te, Smartger\u00e4te und Gadgets sich wie bedienen lassen und ob es einschr\u00e4nkungen gibt?<br \/>\nKein Problem schaue einfach auf dem YouTube Kanal \u201eBlind-Tech by Jeco\u201c mal rein und lass dir von einer betroffenen Ger\u00e4te die f\u00fcr Sehgesch\u00e4digte und Blinde geeignet sind erkl\u00e4ren und empfeheln.<br \/>\nDu findest dort Erfahrungsberichte, Erkl\u00e4rungen wie das entsprechende Ger\u00e4t Eingerichtet und Bedient wird, Ger\u00e4te vergleiche, und ganz wichtig ihr habt Fragen zu einem Ger\u00e4t oder Funktion auch kein Problem hinterlasst ein Kommentar oder schreibt eine E-Mail.<span id=\"more-22674\"><\/span><\/p>\n<p><a href=\"https:\/\/www.youtube.com\/user\/frekels0\">Link zum Youtubekanal von Blind-Tech<\/a><\/p>\n<h3>BIZEPS<\/h3>\n<p id=\"channel-title-container\" class=\"style-scope ytd-c4-tabbed-header-renderer\"><span id=\"channel-title\" class=\"style-scope ytd-c4-tabbed-header-renderer\">BIZEPS Zentrum f\u00fcr Selbstbestimmtes Leben.<\/span><\/p>\n<p><a href=\"https:\/\/www.youtube.com\/user\/bizepsinfo\">Link zum Youtubekanal von BIZEPS<\/a><\/p>\n<h3>Casy M. Dinsing<\/h3>\n<div id=\"wrapper\" class=\"style-scope app-header-layout\">\n<p id=\"description-container\" class=\"style-scope ytd-channel-about-metadata-renderer\">\u00a0BeschreibungWir m\u00fcssen nicht psychisch krank sein, um gest\u00f6rt zu sein :-). Und wir k\u00f6nnen uns auch &#8222;gesund&#8220; ganz fabelhaft das Leben schwer machen. In meinen Videos spreche ich \u00fcber typische Ph\u00e4nomene, die mir in meinem Job als &#8222;Krisen- &amp; Psycho-Coach&#8220; begegnen. Denn da berate und unterst\u00fctze ich Menschen in Krisen &amp; Konflikten, sei es in Unternehmen oder privat. Ich bin studierte Geisteswissenschaftlerin, studierte psychologische Beraterin\/Coach, volontierte Jounalistin, Heilpraktikerin f\u00fcr Psychotherapie und Kommunikationsexpertin. Ich verdiene mein Geld damit, Menschen in schwierigen Situationen zu unterst\u00fctzen,<\/p>\n<\/div>\n<p><a href=\"https:\/\/www.youtube.com\/user\/casydinsing\/videos\">\u00a0Link zum Youtubekanal Casy M. Dinsing<\/a><\/p>\n<h3>Der letzte seines Standes<\/h3>\n<p>Alte Handwerksberufe im Film. Die \u00e4lteren Leserinnen und Leser werden sich noch an alte Berufe, die es so heute nicht mehr gibt,\u00a0 erinnern k\u00f6nnen. Der Kalkbrenner (Das machte noch mein Vater. Dann hatte er wieder gel\u00f6schten Kalk zum Auswei\u00dfen), der K\u00f6hler\u00a0 (den kannte ich auch noch),<\/p>\n<p>Link zum Youtubekanal der letzte seines Standes: <a href=\"https:\/\/www.youtube.com\/results?search_query=swr+handwerkskunst+playlist\">https:\/\/www.youtube.com\/results?search_query=swr+handwerkskunst+playlist<\/a><\/p>\n<h3>Einfach Geschichte<\/h3>\n<p>EINFACH GESCHICHTE ist DER Geschichtskanal auf YouTube. Wir tauchen ein in die wichtigsten Epochen der Menschheit, erkl\u00e4ren euch dabei, wie es zu den einflussreichsten Erfindungen kam und stellen euch die ber\u00fchmtesten K\u00f6pfe der jeweiligen \u00c4ra vor. In unserem Format Battlefields beleuchten wir in jeder Folge eine bedeutende Schlacht aus milit\u00e4r-historischer Sicht.<\/p>\n<p><a href=\"https:\/\/www.youtube.com\/user\/BlastFromThePastDE\/videos\">Link zum Youtubekanal Einfach Geschichte<\/a><\/p>\n<h3>Explaimity &#8211; Erkl\u00e4rvideos<\/h3>\n<p>Explainity ist eine Agentur zur Komplexit\u00e4tsreduktion. Die hier ver\u00f6ffentlichten Erkl\u00e4rvideos entstehen im Rahmen des &#8222;explainity education projects&#8220;. Wir sind KEIN (Meinungs-) journalistisches Angebot, sondern ein Erkl\u00e4rdienst, der seinen Namen (hoffentlich) verdient hat. Wir versuchen komplexe Sachverhalte so einfach wie m\u00f6glich auf&#8217;s Wesentliche zu reduzieren. Unsere Erkl\u00e4rvideos sollen grunds\u00e4tzlich einen komplexen Zusammenhang so sachlich wie m\u00f6glich erkl\u00e4ren und idealerweise zur Auseinandersetzung und Diskussion anregen.<\/p>\n<p><a href=\"https:\/\/www.youtube.com\/user\/explainity\/videos\">LInk zum Youtubekanal eyplaimity<\/a><\/p>\n<h3>freiraum-europa<\/h3>\n<p>freiraum-europa die expertInnen f\u00fcr barrierefreiheit ist eine Nonprofit-Organisation mit Sitz im ober\u00f6sterreichischen Linz. Der Verein versteht sich als Interessensvertretung f\u00fcr die Gleichberechtigung von Menschen mit Behinderungen. freiraum-europa betreibt Lobbying f\u00fcr Barrierefreiheit, vertreibt barrierefreie Produkte und bietet Beratungen und Evaluierungen f\u00fcr barrierefreies Bauen und Gestalten an. freiraum-europa ist im Dachverband f\u00fcr barrierefreies Bauen, Gestalten und Kommunikation. Er vertritt den 1993 gegr\u00fcndeten Europ\u00e4ischen Dachverband \u201eEIDD &#8211; Design for all Europe&#8220;. Vereinsgr\u00fcnder und Gesch\u00e4ftsf\u00fchrer ist Dietmar Janoschek, der mit 22 Jahren erblindete.<\/p>\n<p><a href=\"https:\/\/www.youtube.com\/user\/freiraumeuropa\/videos\">Link zum Youtubekanal freiraum-europa<\/a><\/p>\n<h3>HJG erkl\u00e4rt<\/h3>\n<p>Willkommen auf dem Kanal &#8222;HJG-ERKL\u00c4RT&#8217;S&#8220;!<br \/>\nIn den Videos auf diesem Kanal wird dir Hans-J\u00fcrgen Gro\u00df (HJG) interessante Themen zum Thema Behinderungen erkl\u00e4ren und n\u00fctzliche Infos dazu geben wo und wie Du z.B. Deinen Behindertenpass beantragen kannst und wer Dir dabei helfen kann.<\/p>\n<p><a href=\"https:\/\/www.youtube.com\/channel\/UCmMEiZRVZByFuDYVAa_sibQ\/videos\">Link zum Youtubekanal HJG erkl\u00e4r<\/a>t<\/p>\n<h3>Kare kl\u00e4rt auf<\/h3>\n<p>Hier werden psychologische Begriffe erkl\u00e4rt.l<\/p>\n<p><a href=\"https:\/\/www.youtube.com\/playlist?list=PLkod9iLbcFkWJ4DjyU94A6fO3Fdf1Dr9h\">Link zum Youtubekanal Kare kl\u00e4rt auf<\/a><\/p>\n<h3>KuUBuS<\/h3>\n<p>KuUBuS Podcasts auf YouTube.<\/p>\n<p><a href=\"https:\/\/www.youtube.com\/user\/yrgate\/videos\">Link zum Youtubekanal KuUBuS<\/a><\/p>\n<h3>Lehrer Schmidt<\/h3>\n<p>Hier sind meine Videos zu schulischen Themen zu finden. Die Videos sind f\u00fcr Sch\u00fcler, Eltern, Kollegen und Interessierte gemacht! Jeder darf diese Video nutzen und verlinken! Die Sammlung wird st\u00e4ndig erweitert! Es gibt keine festen Sendetermine und auch keine feste Themenfolge. Ich mache die Videos immer dann, wenn ich Zeit finde.<\/p>\n<p><a href=\"https:\/\/www.youtube.com\/channel\/UCy0FxMgGUlRnkxCoNZUNRQQ\/videos\">Link zum Youtubekanal Lehrer Schmidt<\/a><\/p>\n<h3>Mabacher TV<\/h3>\n<p>mabacherTV pr\u00e4sentiert \u00d6sterreichs kleinsten Youtuber! Dieser Kanal soll Spa\u00df machen, informieren und jedem der Lust hat, einen Einblick in das Leben eines Rollstuhlfahrers erm\u00f6glichen. Mein Name ist Martin Habacher und ich m\u00f6chte hier ein anderes, aktives, intelligentes und kreatives Bild von Behinderung vermitteln. Ein Gegenkonzept zur \u00fcblichen medialen Pr\u00e4sentation von Menschen mit Behinderung.<\/p>\n<p><a href=\"https:\/\/www.youtube.com\/user\/mabacherTV\/videos\">Link zum Youtubekanal Mabacher TV<\/a><\/p>\n<h3>Marion Kaindl<\/h3>\n<p>Blinde S\u00e4ngerin<\/p>\n<p><a href=\"https:\/\/www.youtube.com\/channel\/UC5bpYwfMzrDcmoiWBOCSy0g\">Link zum Youtubekanal Marion Kaindl<\/a><\/p>\n<h3>Normalo TV<\/h3>\n<p>Wir k\u00f6nnen es nicht akzeptieren, wie Behinderte derzeit in den Medien pr\u00e4sentiert werden. Es ist wichtig, Menschen mit Behinderung so zu zeigen, wie sie sind. Was bringt sie zum Lachen, was bringt sie zum Weinen, was leisten sie oder wie kann man ihre Leistungen f\u00f6rdern.<br \/>\nAu\u00dferdem muss gezeigt werden, in welchen Situationen sie von der Gesellschaft oder Politik bei Ihrer pers\u00f6nlichen Entfaltung behindert werden.<\/p>\n<p><a href=\"https:\/\/www.youtube.com\/user\/NormaloTV\">Link zum Youtubekanal Normalo TV<\/a><\/p>\n<h3>Paloma in Action<\/h3>\n<p>Hallo meine Lieben, hier seid ihr auf meinem verr\u00fcckten Youtube Kanal gelandet. Neuerdings ist dies auch ein Kanal f\u00fcr Geh\u00f6rlose. Manche alten Videos sind noch nicht \u00fcbersetzt, aber ich versuche es nach und nach. Mein Name ist Paloma, Ich bin 24 Jahre alt. Ich habe ein Handicap, dieses hei\u00dft Tetraparese.<\/p>\n<p><a href=\"https:\/\/www.youtube.com\/channel\/UCmZcoejShSjrkiDw4rks-Xw\">Link zum Youtubekanal Paloma in Action<\/a><\/p>\n<h3>Psychologie im Alltag<\/h3>\n<p>Willkommen auf unserem Kanal &#8222;Psychologie im Alltag&#8220;! Hier findest du informative und unterhaltsame Videos zu unterschiedlichen psychologischen Themen sowie Tipps f\u00fcr den Alltag.<\/p>\n<p>Unser Ziel ist es, psychologische Themen f\u00fcr viele Menschen einfach und verst\u00e4ndlich zug\u00e4nglich zu machen und gleichzeitig allen Interessierten die M\u00f6glichkeit eines wertsch\u00e4tzenden und respektvollen Austausches anzubieten.<\/p>\n<p>Die Themen sind sorgf\u00e4ltig und umfangreich recherchiert und basieren auf Erfahrungen aus dem beruflichen Kontext, erheben jedoch nicht den Anspruch, wissenschaftlich fundiert zu sein.<\/p>\n<p>Der Kanal ersetzt keine Diagnostik und bietet keine therapeutischen Angebote. Hilfesuchende k\u00f6nnen sich an Haus\u00e4rzte, \u00f6rtliche Psychotherapeuten und psychiatrische Institutsambulanzen wenden.<\/p>\n<p>Zum Youtubekanal Psychologie im Alltag: <a href=\"https:\/\/www.youtube.com\/results?search_query=psychologie+im+alltag+playlist\">https:\/\/www.youtube.com\/results?search_query=psychologie+im+alltag+playlist<\/a><\/p>\n<h3>Quetschn Academy &#8211; Die Steirische Harmonika Schule<\/h3>\n<p>Steirische Harmonika lernen ohne Noten.Du spielst alle St\u00fccke nach Geh\u00f6r!So gut wie alle St\u00fccke, die wir auf YouTube spielen, kannst du auf unserer Homepage lernen.Wie funktioniert das?In unseren Lernvideos zeigen wir dir alle Griffe ganz langsam &amp; gut erkl\u00e4rt, so spielst du direkt alles auswendig und kannst schon nach kurzer Zeit viele neue St\u00fccke!<\/p>\n<p><a href=\"https:\/\/www.youtube.com\/channel\/UCBciO-A_Y1fUuYE8W_4ZFYg\">Link zur Quetschn Academy<\/a><\/p>\n<h3>Selbstbestimmt 1<\/h3>\n<p><a href=\"https:\/\/www.youtube.com\/user\/selbstbestimmt1\/videos\">Link zum Youtubekanal Selbstbestimmt 1<\/a><\/p>\n<h3>Sendung ohne Barrieren<\/h3>\n<p><a href=\"https:\/\/www.youtube.com\/channel\/UCYUQB_bmF-z_t-AEe8QiaDA\/videos\">Link zum Youtubekanal Sendung ohne Barrieren<\/a><\/p>\n<h3>SWR Handwerkskunst<\/h3>\n<p>&nbsp;<\/p>\n<p>Auf diesem Youtubekanal werden die verschiedensten Handwerke vorgestellt. Hervorragend dab dabei sind die akustischen Eindr\u00fccke der einzelnen Handwerksberufe. Ob es bei der Glockengie\u00dferei, beim Holzf\u00e4llen, in der S\u00e4ge beim Gatter, wie man eine eiserne Pfanne schmiedet, beim Holzkohle machen, das Herstellen von Schleifscheiben und sehr vielen Berufen mehr. Hier kommt man zu sehr vielen akustischen Gustost\u00fcckerln die man so nicht mehr h\u00f6rt.<\/p>\n<p>Link zum Youtubekanal SWR Handwerkskunst: <a href=\"https:\/\/www.youtube.com\/@Handwerkskunst\">https:\/\/www.youtube.com\/@Handwerkskunst<\/a><\/p>\n<h3>SproutsDeutschland<\/h3>\n<p>Wir erstellen Cartoons f\u00fcr Sch\u00fcler und Studenten auf der ganzen Welt. Wir wollen eine Welt schaffen, in der Lehrer und Sch\u00fcler freien Zugang zu Materialien haben.<\/p>\n<p><a href=\"https:\/\/www.youtube.com\/@SproutsDeutschland\/videos\">Link zum Youtubekanal SproutsDeutschland<\/a><\/p>\n<h3>Stephan Merk<\/h3>\n<p>Willkommen auf dem Kanal von merkst.de! Hier pr\u00e4sentiere ich Euch Videos zu technischen Themen, die mich besch\u00e4ftigen und sich zum Teil auch am merkst.de-Podcast orientieren. Dazu z\u00e4hlen auch Testberichte zu Produkten, die ich interessant finde bzw. hinter deren Qualit\u00e4t ich pers\u00f6nlich stehe. Dabei lege ich mich technisch nicht fest, so bietet dieser Kanal auch die eine oder andere \u00dcberraschung. Gerne d\u00fcrft ihr mich abonnieren, um stets \u00fcber neue Videos informiert zu bleiben.<\/p>\n<p><a href=\"https:\/\/www.youtube.com\/user\/dl7fos\/videos\">Link zum Youtubekanal Stephan Merk<\/a><\/p>\n<h3>Woche des Sehens<\/h3>\n<p>Die sieben Tr\u00e4gerorganisationen machen durch eine Vielzahl von Aktionen bundesweit auf die Bedeutung von gutem Sehverm\u00f6gen, auf die Ursachen vermeidbarer Erblindung sowie auf die Situation sehbehinderter und blinder Menschen in Deutschland und in den sogenannten Entwicklungsl\u00e4ndern aufmerksam. Jeder, der die Ziele der Kampagne unterst\u00fctzt, kann sich beteiligen und eine Veranstaltung im Rahmen der Woche des Sehens organisieren.<\/p>\n<p><a href=\"https:\/\/www.youtube.com\/user\/WochedesSehens\/videos\">Link zum Youtubekanal Woche des Sehens<\/a><\/p>\n<h3>Ypsilon<\/h3>\n<p>Hier gebe ich euch Einblicke \u00fcber &amp; in meinen Alltag und mein Leben mit visueller Einschr\u00e4nkung. Ich m\u00f6chte das aussprechen, was sonst keine Sprache erh\u00e4lt. Die Aufkl\u00e4rung auf diesem Gebiet steht f\u00fcr mich in Kombi mit Humor an erster Stelle um aufzukl\u00e4ren und m\u00f6glichst viele Menschen zu erreichen, um die ein oder andere Barriere in die Knie zu zwingen! (: Eure Meinung, Perspektive und Erfahrung ist gefragt &#8211; lasst uns auf konstruktiver Ebene ins Gespr\u00e4ch kommen und \u00fcber Randthemen diskutieren! Jede Woche ein neues Video, auf keinen Fall verpassen!!<\/p>\n<p><a href=\"https:\/\/www.youtube.com\/channel\/UC-2D0N8RCgWIHG6IbqCqmzQ\/videos\">Link zum Youtubekanal Ypsilon<\/a><\/p>\n<h3>Inklusions TV<\/h3>\n<p>Am 16. Oktober 2013 hat der nordrhein-westf\u00e4lische Landtag das erste Gesetz zur Umsetzung der VN-Behindertenrechtskonvention verabschiedet. Diesem Schritt ist ein umfangreiches Beteiligungsverfahren vorausgegangen, in das neben den Lehrer- und Elternverb\u00e4nden, den kommunalen Spitzenverb\u00e4nden, Kirchen und vielen Fachverb\u00e4nden auch die Selbsthilfeorganisationen der Menschen mit Behinderungen eingebunden waren. Seitdem versuchen viele Institutionen, sich schrittweise dem Idealbild eines inklusorischen Lebens anzun\u00e4hern. Mit Inklusions-TV versuche ich als leidenschaftlicher Filmemacher, diesen Prozess zu unterst\u00fctzen und freue mich \u00fcber jeden, der mir hilft bei der Idee, sch\u00f6ne, interessante und spannende Geschichten rund um den Inklusionsgedanken zu finden, zu realisieren und umzusetzen. Sei es mit Themenvorschl\u00e4gen, Umsetzungsideen, Daumen-Bekundungen bei Facebook, YouTube-Aufrufen und\/oder auch finanziellen Unterst\u00fctzungsideen.<\/p>\n<p><a href=\"https:\/\/www.youtube.com\/channel\/UCVapH5loz324wNM2PAjLJ4g\">Link zum Youtubekanal Inlusions TV<\/a><\/p>\n<h3>Meine Wien-Tipps von Claudia Rendler<\/h3>\n<p>Meine Wien-Tipps auf Youtube! F\u00fcr alle, die keine Podcasts h\u00f6ren und sich lieber auf YouTube aufhalten, habe ich alle Folgen auf YouTube hochgeladen. Nat\u00fcrlich nicht als Video, sondern nur als Audio.<\/p>\n<p>Link zum Youtobekanal Meine Wien-Tipps: <a href=\"https:\/\/www.youtube.com\/channel\/UCl9mOBBfcVfEVtyzJfCQg4g\/videos\">https:\/\/www.youtube.com\/channel\/UCl9mOBBfcVfEVtyzJfCQg4g\/videos<\/a><\/p>\n<p>&nbsp;<\/p>\n","protected":false},"excerpt":{"rendered":"<p>Interessante Kan\u00e4le auf Youtube 100perxentme 100percentme soll DEINE Plattform sein, hier kannst du zeigen, wie du lebst. Einfach Realtalk statt Sch\u00f6ngerede, denn #inspirationporn ist sowas von vorbei? Dann lass uns&#8230; <a class=\"read-more-button\" href=\"http:\/\/hojas.co.at\/blog\/youtubekanaele\/\">Lesen Sie mehr &gt;<\/a><\/p>\n","protected":false},"author":1,"featured_media":0,"parent":0,"menu_order":0,"comment_status":"closed","ping_status":"closed","template":"","meta":{"spay_email":""},"jetpack_sharing_enabled":true,"jetpack_shortlink":"https:\/\/wp.me\/PawkJb-in","_links":{"self":[{"href":"http:\/\/hojas.co.at\/blog\/wp-json\/wp\/v2\/pages\/1139"}],"collection":[{"href":"http:\/\/hojas.co.at\/blog\/wp-json\/wp\/v2\/pages"}],"about":[{"href":"http:\/\/hojas.co.at\/blog\/wp-json\/wp\/v2\/types\/page"}],"author":[{"embeddable":true,"href":"http:\/\/hojas.co.at\/blog\/wp-json\/wp\/v2\/users\/1"}],"replies":[{"embeddable":true,"href":"http:\/\/hojas.co.at\/blog\/wp-json\/wp\/v2\/comments?post=1139"}],"version-history":[{"count":24,"href":"http:\/\/hojas.co.at\/blog\/wp-json\/wp\/v2\/pages\/1139\/revisions"}],"predecessor-version":[{"id":1927,"href":"http:\/\/hojas.co.at\/blog\/wp-json\/wp\/v2\/pages\/1139\/revisions\/1927"}],"wp:attachment":[{"href":"http:\/\/hojas.co.at\/blog\/wp-json\/wp\/v2\/media?parent=1139"}],"curies":[{"name":"wp","href":"https:\/\/api.w.org\/{rel}","templated":true}]}}