{"id":1335,"date":"2019-01-13T18:54:23","date_gmt":"2019-01-13T16:54:23","guid":{"rendered":"http:\/\/hojas.co.at\/blog\/?page_id=1335"},"modified":"2020-01-10T19:57:53","modified_gmt":"2020-01-10T17:57:53","slug":"hoerbuch-co","status":"publish","type":"page","link":"http:\/\/hojas.co.at\/blog\/hoerbuch-co\/","title":{"rendered":"H\u00f6rbuch &#038; Co"},"content":{"rendered":"<h3>H\u00f6rbuch &amp; Co: H\u00f6rb\u00fccher und blindengerechte Medien<\/h3>\n<p>&nbsp;<\/p>\n<p>In der heutigen Zeit hat man auch als Blinde oder Sehbehinderte Person einen umfangreichen Zugang zu Medien wie H\u00f6rb\u00fccher, H\u00f6rspielen, EBooks und verschiedensten Texten, die man sich von Screenreadern vorlesen lassen kann.<\/p>\n<p>Man kann sich H\u00f6rb\u00fccher von CD\u00b4s \u00fcber CD-Player, Daisyplayer, PC oder DVD-Player anh\u00f6ren. Weiters kann man H\u00f6rb\u00fccher und H\u00f6rspiele von SD-Card\u00b4s und USB-Sticks \u00fcber PC, verschiedenen Medienger\u00e4ten (die \u00fcber die entsprechenden Anschl\u00fcsse verf\u00fcgen) oder dem Milestone abspielen.<\/p>\n<p>Aber man kann sich viele H\u00f6rb\u00fccher und andere Medien auch aus dem Internet streamen oder downloaden und am PC, Smartphone, Tablet und jetzt auch mit den Echoger\u00e4ten von Amazon (Alexa) anh\u00f6ren.<\/p>\n<p>Ich habe \u00fcber die Jahre alle Systeme kennengelernt und mein pers\u00f6nlicher Favorit ist das Streamen oder Downloaden der Medien \u00fcber das Internet. Dadurch bin ich Ortsunabh\u00e4ngig und kann meine B\u00fccher h\u00f6ren und lesen wo immer ich will.<\/p>\n<p>&nbsp;<\/p>\n<p>Es gibt einige Dienste, wo man sich H\u00f6rb\u00fccher, H\u00f6rspiele von Kostenlos bis kostenpflichtig streamen und downloaden kann.<\/p>\n<p>Kostenlos H\u00f6rb\u00fccher ausleihen von verschiedenen H\u00f6rb\u00fcchereien der Blindenverb\u00e4nde..<\/p>\n<p>Bei einigen Blindenverb\u00e4nden kann man H\u00f6rb\u00fccher, H\u00f6rspiele, H\u00f6rfilme, Zeitschriften etc. kostenlos \u00fcber CD, SD-Card oder per download auf dem PC, am \u201aSmartphone, Tablet oder mit Alexa \u00a0h\u00f6ren.<\/p>\n<p>Man muss sich logischerweise bei der entsprechenden H\u00f6rb\u00fccherei anmelden.<\/p>\n<h4>DZB \u2013 Deutsche Zentralb\u00fccherei f\u00fcr Blinde<\/h4>\n<p>Wer sich bei der deutschen Zentralb\u00fccherei (DZB) kostenlos H\u00f6rb\u00fccher oder auch B\u00fccher in Braille ausborgen m\u00f6chte, muss sich nat\u00fcrlich registrieren und einen Nachweis seiner Sehbehinderung beibringen. Ist auch logisch!<br \/>\nDas alles geht \u00fcber die Homepage der DZB. Mann f\u00fcllt ein Onlineformular aus und kann den Nachweis seiner Behinderung entweder per Post, Fax, Mail oder sofort als Anhang des Onlineformulars mitsenden.<\/p>\n<p>Wenn man seine Zugangsdaten erhalten hat, kann man sofort loslegen!<\/p>\n<p>Link zur Anmeldeseite der DZB: <a href=\"https:\/\/www.dzb.de\/index.php?site_id=2.8&amp;r=dzb\">https:\/\/www.dzb.de\/index.php?site_id=2.8&amp;r=dzb<\/a><\/p>\n<h3>DZB auch mit Alexa von Amazon.<\/h3>\n<p>Eine weitere M\u00f6glichkeit um H\u00f6rb\u00fccher, H\u00f6rfilme oder Zeitschriften von der DZB anzuh\u00f6ren, ist die Sprachsteuerung Alexa von Amazon.<\/p>\n<p>Voraussetzung: Mitgliedschaft bei der DZB, ein Konto bei Amazon und ein Echo von Amazon.<\/p>\n<p>Link zum aktivieren des \u201aAlexa DZB Skill\u00b4s bei Amazon: <a href=\"https:\/\/www.amazon.de\/Deutsche-Zentralb%C3%BCcherei-f%C3%BCr-Blinde-Leipzig\/dp\/B07K23R82P?fbclid=IwAR3tXg7ANOnU_K5q3DOqJ2nxKupxrTJZ-CcDoZBd8VP9w0k8okXYf1o_ILw\">https:\/\/www.amazon.de\/Deutsche-Zentralb%C3%BCcherei-f%C3%BCr-Blinde-Leipzig\/dp\/B07K23R82P?fbclid=IwAR3tXg7ANOnU_K5q3DOqJ2nxKupxrTJZ-CcDoZBd8VP9w0k8okXYf1o_ILw<\/a><\/p>\n<p>Link zur DZB: <a href=\"https:\/\/www.dzb.de\/\">https:\/\/www.dzb.de\/<\/a><\/p>\n<p>Link zum Appstore f\u00fcr die DZB: <a href=\"https:\/\/itunes.apple.com\/at\/app\/dzb\/id1068857943?mt=8\">https:\/\/itunes.apple.com\/at\/app\/dzb\/id1068857943?mt=8<\/a><br \/>\nLink zu Google Play f\u00fcr die DZB: <a href=\"https:\/\/play.google.com\/store\/apps\/details?id=de.dzb.dzb_app&amp;hl=de_AT\">https:\/\/play.google.com\/store\/apps\/details?id=de.dzb.dzb_app&amp;hl=de_AT<\/a><\/p>\n<h3>WBH \u2013 Westdeutsche Blindenh\u00f6rb\u00fccherei e. V.<\/h3>\n<p>Die Westdeutsche Blindenh\u00f6rb\u00fccherei e.V. verleiht kostenlos H\u00f6rb\u00fccher als DAISY-CD aus allen Bereichen der Literatur an Sehbehinderte und Blinde. Auch die Ausleihe an k\u00f6rperlich Beeintr\u00e4chtigte, die ein Buch nicht handhaben k\u00f6nnen, ist m\u00f6glich. Zudem bietet die WBH f\u00fcnf DAISY-H\u00f6rzeitschriften im Abonnement an. H\u00f6rb\u00fccher k\u00f6nnen au\u00dferdem heruntergeladen oder auf zuvor eingeschickte eigene Speicherkarten oder USB-Sticks kopiert werden.<\/p>\n<p>Link zur Anmeldung bei der WBH (Westdeutsche Blindenh\u00f6rb\u00fccherei) : <a href=\"https:\/\/www.wbh-online.de\/anmeldung.html\">https:\/\/www.wbh-online.de\/anmeldung.html<\/a><\/p>\n<p>Nach einigen Tagen bekommt man von der WBH Post in Schwarzschrift mit der H\u00f6rernummer.<br \/>\nMit dieser H\u00f6rernummer kann man sich auf der Homepage der WBH registrieren und nach Freischalten kann man die H\u00f6rb\u00fccher beziehen.<\/p>\n<p>Link zum registrieren bei der WBH: <a href=\"https:\/\/www.wbh-online.de\/cb-registration.html\">https:\/\/www.wbh-online.de\/cb-registration.html<\/a><\/p>\n<p>Man muss bei der Anmeldung logischerweise einen Nachweis seiner Behinderung mitsenden. Das kann per Mail, Post oder \u201aFax geschehen.<\/p>\n<p>Wenn alles geklappt hat, kann man sich die H\u00f6rb\u00fccher auch per App anh\u00f6ren. Die\u00a0 App der WBH hat einen integrierten Daisy-Player.<br \/>\nLink zum Appstore f\u00fcr den Katalog der WBH: <a href=\"https:\/\/itunes.apple.com\/de\/app\/wbh-app\/id573824067?mt=8\">https:\/\/itunes.apple.com\/de\/app\/wbh-app\/id573824067?mt=8<\/a><\/p>\n<h3>H\u00f6rb\u00fccherei des Blinden- und Sehbehindertenverbandes \u00d6sterreich<\/h3>\n<p>Man kann als Mitglied der H\u00f6rb\u00fccherei des Blinden- und Sehbehindertenverbandes \u00d6sterreich jetzt auch die H\u00f6rb\u00fccher per download beziehen. Man bekommt das H\u00f6rbuch in mehreren ZIP Dateien. Die entpackten Dateien liegen dann als MP3 Dateien vor.<\/p>\n<p>Man muss sich auch hier zuerst bei der H\u00f6rb\u00fccherei anmelden und mit seiner H\u00f6rernummer kann man sich im Downloadportal registrieren!<\/p>\n<p>Link zur H\u00f6rb\u00fccherei des BSV \u00d6 (Anmeldung): <a href=\"http:\/\/www.hoerbuecherei.at\/home\/hoerbuechereikontakt\/anmeldung\">http:\/\/www.hoerbuecherei.at\/home\/hoerbuechereikontakt\/anmeldung<\/a><\/p>\n<p>Link zum Downloadportal der H\u00f6rb\u00fccherei des BSV \u00d6(Registrierung): <a href=\"https:\/\/www.hoerbuecherei.org\/webverleih\/index.php\/site\/registrierung\">https:\/\/www.hoerbuecherei.org\/webverleih\/index.php\/site\/registrierung<\/a><\/p>\n<h3>Buchknacker<\/h3>\n<p>Buchknacker ist ein Projekt der Schweizerischen Bibliothek f\u00fcr Blinde, Seh- und Lesebehinderte in Z\u00fcrich.<\/p>\n<p>Personen mit einer nachgewiesenen Legasthenie k\u00f6nnen sofort \u00fcber 40.000 H\u00f6rb\u00fccher und E-Books ausleihen oder herunterladen \u2013 und das bis zum 18. Lebensjahr sogar gratis.<\/p>\n<p>Es kann auf Produktionen von H\u00f6rb\u00fcchereien des gesamtdeutschen Sprachraums zugegriffen werden. \u00dcber den Online-Player k\u00f6nnen die Werke direkt und ohne notwendigen Zusatz abgespielt werden.<\/p>\n<p>Link zum Buchknacker: <a href=\"https:\/\/www.buchknacker.at\/iguanalega\/www.main.cls?surl=AT#top\">https:\/\/www.buchknacker.at\/iguanalega\/www.main.cls?surl=AT#top<\/a><\/p>\n<p>&nbsp;<\/p>\n<h3>LibriVox<\/h3>\n<p>H\u00f6rb\u00fccher LibriVox bietet kostenlosen Zugang zu mehr als 15.000 H\u00f6rb\u00fcchern. Jedes der H\u00f6rb\u00fccher kann \u00fcber das Internet kostenlos gestreamt oder zur sp\u00e4teren Verwendung heruntergeladen werden. Die H\u00f6rb\u00fccher LibriVox-App enth\u00e4lt eine Liste aller neuen Aufnahmen, unter denen sich sowohl beliebte Klassiker als auch nicht mehr in Druckversion erh\u00e4ltliche Sch\u00e4tze befinden<\/p>\n<p>Link zur Homepage von LibriVox: <a href=\"http:\/\/librivox.bookdesign.biz\/de\/search.jsp\">http:\/\/librivox.bookdesign.biz\/de\/search.jsp<\/a><\/p>\n<p>Link zur Wikipediaseite von LibriVox: <a href=\"https:\/\/de.wikipedia.org\/wiki\/LibriVox\">https:\/\/de.wikipedia.org\/wiki\/LibriVox<\/a><\/p>\n<p>Link zum Applestore von LibriVox: <a href=\"https:\/\/itunes.apple.com\/us\/app\/librivox-audio-books\/id596159212?mt=8\">https:\/\/itunes.apple.com\/us\/app\/librivox-audio-books\/id596159212?mt=8<\/a><\/p>\n<p>Link zu Google Play f\u00fcr LibriVox: <a href=\"https:\/\/play.google.com\/store\/apps\/details?id=app.librivox.android&amp;hl=de_AT\">https:\/\/play.google.com\/store\/apps\/details?id=app.librivox.android&amp;hl=de_AT<\/a><\/p>\n<p>&nbsp;<\/p>\n<h3>Vorleser.net<\/h3>\n<p>Das Internetportal vorleser.net existiert seit 2003 und bietet inzwischen rund 700 H\u00f6rb\u00fccher und H\u00f6rspiele kostenlos zum Download an. Etwa 80 professionelle Sprecherinnen und Sprecher haben Texte klassischer und zeitgen\u00f6ssischer Autoren aufgenommen \u2013 M\u00e4rchen, Geschichten, Krimis und Gedichte. Im eigenen Tonstudio produziert der BUCHFUNK Verlag als Betreiber von vorleser.net laufend Nachschub.<\/p>\n<p>Link zur Homepage von Vorleser.net: <a href=\"https:\/\/www.vorleser.net\/\">https:\/\/www.vorleser.net\/<\/a><\/p>\n<p>Link zum Applestore f\u00fcr Vorleser.net: <a href=\"https:\/\/itunes.apple.com\/de\/app\/vorleser.net-kostenlose-horbucher\/id882692631?mt=8\">https:\/\/itunes.apple.com\/de\/app\/vorleser.net-kostenlose-horbucher\/id882692631?mt=8<\/a><\/p>\n<p>Link zu Google Play f\u00fcr Vorleser.net: <a href=\"https:\/\/play.google.com\/store\/apps\/details?id=de.publishair.vorleser\">https:\/\/play.google.com\/store\/apps\/details?id=de.publishair.vorleser<\/a><\/p>\n<p>&nbsp;<\/p>\n<h3>Ohrka.de<\/h3>\n<p>Kostenlose H\u00f6rabenteuer f\u00fcr Kinderohren. Wieso stehen kaum gute H\u00f6rabenteuer\u00a0f\u00fcr Kinder im Netz? Weshalb muss man sich immer noch nach\u00a0Sendezeiten richten?\u00a0Das alles\u00a0hat\u00a0sich der Journalist Michael Schulte gefragt. Zusammen mit Gleichgesinnten hat er\u00a02012 Ohrka.de gegr\u00fcndet und bisher insgesamt 80 H\u00f6rstunden im Tonstudio produziert.\u00a0Mit tollen Stimmen wie Anke Engelke,\u00a0Katharina Thalbach oder Oliver Rohrbeck von den drei Fragezeichen.<\/p>\n<p>Link zur Homepage von Ohrka.de: <a href=\"http:\/\/www.ohrka.de\/\">http:\/\/www.ohrka.de\/<\/a><\/p>\n<h2>Kostenpflichtige H\u00f6rb\u00fccher und H\u00f6rspiele<\/h2>\n<p>&nbsp;<\/p>\n<h3>Audible<\/h3>\n<p>Audible ist ein Tochterunternehmen von Amazon und der weltweit gr\u00f6\u00dfte Anbieter digitaler H\u00f6rb\u00fccher, H\u00f6rspiele, Serien, Original Podcasts, exklusiver Eigenproduktionen und mehr!<\/p>\n<p>Audible H\u00f6rb\u00fccher k\u00f6nnen entweder im Einzelkauf oder im Abo erworben werden. Das Abo kostet Euro 9,95 im Monat. Daf\u00fcr kann man sich ein H\u00f6rbuch streamen oder downloaden. Jedes weitere H\u00f6rbuch kostet Euro 9,95. Auch wenn es im Einzelkauf z. B. Euro 27,&#8211; kostet.<\/p>\n<p>Mit Audible kann man die H\u00f6rb\u00fccher \u00fcber PC, Smartphone, \u201aTablet oder Alexa anh\u00f6ren!,<\/p>\n<p>Link zur Homepage von Audible: <a href=\"https:\/\/www.audible.de\/\">https:\/\/www.audible.de\/<\/a><\/p>\n<p>Link zum Appstore f\u00fcr Audible: <a href=\"https:\/\/itunes.apple.com\/de\/app\/audible-h%C3%B6rb%C3%BCcher-podcasts\/id379693831?mt=8\">https:\/\/itunes.apple.com\/de\/app\/audible-h%C3%B6rb%C3%BCcher-podcasts\/id379693831?mt=8<\/a><\/p>\n<p>Link zu Google Play f\u00fcr Audible: <a href=\"https:\/\/play.google.com\/store\/apps\/details?id=com.audible.application&amp;hl=de\">https:\/\/play.google.com\/store\/apps\/details?id=com.audible.application&amp;hl=de<\/a><\/p>\n<p>&nbsp;<\/p>\n<h3>Bookbeat<\/h3>\n<p>Eine weitere M\u00f6glichkeit zum streamen oder downloaden von kostenpflichtigen H\u00f6rb\u00fcchern ist Bookbeat. Dieses Portal bietet eine Flatrate an. Man kann f\u00fcr Euro 14,99 \/ Monat 30 Stunden H\u00f6rb\u00fccher und f\u00fcr Euro 19,99 \/ Monat unbegrenzt H\u00f6rb\u00fccher h\u00f6ren. Funktioniert nur mit Smartphone!<\/p>\n<p>Link zur Homepage von Bookbeat: <a href=\"https:\/\/www.bookbeat.de\/\">https:\/\/www.bookbeat.de\/<\/a><\/p>\n<p>Link zum Appstore f\u00fcr Bookbeat: <a href=\"https:\/\/itunes.apple.com\/at\/app\/bookbeat-h%C3%B6rbuch-flatrate\/id1056652614?mt=8\">https:\/\/itunes.apple.com\/at\/app\/bookbeat-h%C3%B6rbuch-flatrate\/id1056652614?mt=8<\/a><\/p>\n<p>Link zu Google Play f\u00fcr Bookbeat: <a href=\"https:\/\/play.google.com\/store\/apps\/details?id=com.bookbeat.android&amp;hl=de\">https:\/\/play.google.com\/store\/apps\/details?id=com.bookbeat.android&amp;hl=de<\/a><\/p>\n<h3>Eine weitere, unersch\u00f6pfliche Informationsquelle sind Podcasts.<\/h3>\n<p>Die innovative Podcasts-App bietet gro\u00dfartige M\u00f6glichkeiten, um Podcasts zu entdecken, zu abonnieren und abzuspielen. Entdecken Sie in den Highlights Hunderttausende von kostenlosen Audio- und Videopodcasts oder navigieren Sie durch die Topcharts, um die aktuellsten Podcasts zu finden. F\u00fcgen Sie bevorzugte Podcasts zu pers\u00f6nlichen Sendern hinzu, die automatisch mit neuen Folgen aktualisiert werden, sobald diese verf\u00fcgbar sind. Podcasts machen den H\u00f6rer unabh\u00e4ngig von Sendezeiten und -formaten.<\/p>\n<p>Link zum Applestore von Podcasts: <a href=\"https:\/\/itunes.apple.com\/at\/app\/podcasts\/id525463029?mt=8\">https:\/\/itunes.apple.com\/at\/app\/podcasts\/id525463029?mt=8<\/a><\/p>\n<p>Link zu Google Play f\u00fcr Doublepod: <a href=\"https:\/\/play.google.com\/store\/apps\/details?id=com.doubleiq.podcast\">https:\/\/play.google.com\/store\/apps\/details?id=com.doubleiq.podcast<\/a><\/p>\n<p>&nbsp;<\/p>\n<h3>Podcast RadioWissen Bayern 2<\/h3>\n<p>&#8211; radioWissen bietet eine F\u00fclle unterschiedlicher Themen: Spannendes aus der Geschichte, Interessantes aus Literatur und Musik, Faszinierendes \u00fcber Mythen, Menschen und Religionen, Erhellendes \u00fcber Natur und Umwelt, Hintergr\u00fcndiges \u00fcber aktuelle Themen im Gespr\u00e4ch. Die ganze Welt des Wissens &#8211; der radioWissen-Podcast liefert t\u00e4glich ausgew\u00e4hlte Sendungen frei Haus &#8211; spannend erz\u00e4hlt, gut aufbereitet, n\u00fctzlich f\u00fcr die Schule und bereichernd f\u00fcr alle Bildungsinteressierten.<\/p>\n<p>Link zur Homepage von radioWissen Bayern 2: <a href=\"http:\/\/www.br-online.de\/podcast\/mp3-download\/bayern2\/mp3-download-podcast-radiowissen.shtml\">http:\/\/www.br-online.de\/podcast\/mp3-download\/bayern2\/mp3-download-podcast-radiowissen.shtml<\/a><\/p>\n<p>Link zum Applestore f\u00fcr radioWissen Bayern 2: <a href=\"https:\/\/itunes.apple.com\/WebObjects\/MZStore.woa\/wa\/viewPodcast?id=257719552\">https:\/\/itunes.apple.com\/WebObjects\/MZStore.woa\/wa\/viewPodcast?id=257719552<\/a><\/p>\n<p>&nbsp;<\/p>\n<h3>Podcast IQ Wissenschaft und Forschung Bayern 2<\/h3>\n<p>Neues, Spannendes und Au\u00dfergew\u00f6hnliches aus Natur- und Geisteswissenschaften, aus Medizin und Sozialwissenschaften, aus den Bereichen Computer und Telekommunikation. Von A(stronomie) bis Z(oologie) &#8211; ein bunter Themenmix mit Berichten, Interviews, Reportagen und Studiog\u00e4sten. IQ &#8211; Wissenschaft und Forschung: Jeden Montag, Mittwoch und Freitag mit einem aktuellen Magazin. Dienstag und Donnerstag: eine monothematische Sendung zu einzelnen Forschungsfragen und ihrem Hintergrund.<\/p>\n<p>Link zur Homepage von IQ \u2013 Wissenschaft und Forschung Bayern 2: <a href=\"http:\/\/www.br-online.de\/podcast\/mp3-download\/bayern2\/mp3-download-podcast-iq.shtml\">http:\/\/www.br-online.de\/podcast\/mp3-download\/bayern2\/mp3-download-podcast-iq.shtml<\/a><\/p>\n<p>Link zum Applestore f\u00fcr IQ \u2013 Wissenschaft und Forschung Bayern 2:: <a href=\"https:\/\/itunes.apple.com\/WebObjects\/MZStore.woa\/wa\/viewPodcast?id=259863713\">https:\/\/itunes.apple.com\/WebObjects\/MZStore.woa\/wa\/viewPodcast?id=259863713<\/a><\/p>\n<p>&nbsp;<\/p>\n<h2>Radioapp\u00b4s mit Podcasts<\/h2>\n<p>Es gibt auch Radioapp\u00b4s, auf denen man sehr viele interessante und spannende Podcasts findet.<\/p>\n<h3>Tunein Radio<\/h3>\n<p>Link zu Appstore f\u00fcr Tunein Radio: <a href=\"https:\/\/itunes.apple.com\/at\/app\/tunein-radio\/id418987775?mt=8\">https:\/\/itunes.apple.com\/at\/app\/tunein-radio\/id418987775?mt=8<\/a><\/p>\n<p>Link zu Google Play f\u00fcr Tunein Radio: <a href=\"https:\/\/play.google.com\/store\/apps\/details?id=radiotime.player&amp;hl=de_AT\">https:\/\/play.google.com\/store\/apps\/details?id=radiotime.player&amp;hl=de_AT<\/a><\/p>\n<h3>Receiver<\/h3>\n<p>Die Radio App mit den angeblich besten Musiksendern der Welt f\u00fcr iPhone, iPad, Android, Apple TV und Fire TV<\/p>\n<p>Mit der Receiver Radio-App empf\u00e4ngt man \u00fcber 40.000 Radiostationen auch auf dem Fernseher. Zudem kann man in \u00fcber 25.000 Podcasts reinh\u00f6ren.<\/p>\n<p>Kosten der Receiver-App:<\/p>\n<p>Amazon Euro 0,99,<\/p>\n<p>Google Play Euro 1,99,<\/p>\n<p>iTunes Euro 4,49<\/p>\n<p>Link zum Appstore f\u00fcr Receiver Radio: <a href=\"https:\/\/itunes.apple.com\/at\/app\/receiver-radio\/id311658127?mt=8\">https:\/\/itunes.apple.com\/at\/app\/receiver-radio\/id311658127?mt=8<\/a><\/p>\n<p>Link zu Google Play f\u00fcr Receiver Radio: <a href=\"https:\/\/play.google.com\/store\/apps\/details?id=de.appsolute.receiver.receiverphone\">https:\/\/play.google.com\/store\/apps\/details?id=de.appsolute.receiver.receiverphone<\/a><\/p>\n<p>Link zu Amazon f\u00fcr Receiver Radio: <a href=\"https:\/\/www.amazon.de\/dp\/B01DDX7MZQ\">https:\/\/www.amazon.de\/dp\/B01DDX7MZQ<\/a><\/p>\n<h2>Sonstige Informationsquellen<\/h2>\n<h3>ARD Audiothek<\/h3>\n<p>Mit der ARD Audiothek kommt das Beste aus den Radioprogrammen der ARD und des Deutschlandradios auf das Smartphone.<\/p>\n<p>Link zum Appstore f\u00fcr die ARD Audiothek: <a href=\"https:\/\/itunes.apple.com\/de\/app\/ard-audiothek\/id1224607890?mt=8\">https:\/\/itunes.apple.com\/de\/app\/ard-audiothek\/id1224607890?mt=8<\/a><\/p>\n<p>Link zu Google Play f\u00fcr die _ARD Audiothek: <a href=\"https:\/\/play.google.com\/store\/apps\/details?id=de.ard.audiothek&amp;hl=de_AT\">https:\/\/play.google.com\/store\/apps\/details?id=de.ard.audiothek&amp;hl=de_AT<\/a><\/p>\n<h3>Youtube<\/h3>\n<p>Die unersch\u00f6pflichste Quelle f\u00fcr Ohr und Auge. Hier findet man fast alles was das Herz begehrt. Jede Art von Musik, Kabarett, Comedy, Theater, Film und Fernsehen, Reiseberichte, Skurriles, Gruseliges und Unheimliches, Mysteri\u00f6ses und noch vieles mehr.<\/p>\n<p>Link zur Homepage von Youtube: <a href=\"https:\/\/www.youtube.com\/\">https:\/\/www.youtube.com\/<\/a><\/p>\n<p>Link zum Appstore f\u00fcr Youtube: <a href=\"https:\/\/itunes.apple.com\/at\/app\/youtube\/id544007664?mt=8\">https:\/\/itunes.apple.com\/at\/app\/youtube\/id544007664?mt=8<\/a><\/p>\n<p>Link zu Google Play f\u00fcr Youtube: <a href=\"https:\/\/play.google.com\/store\/apps\/details?id=com.google.android.youtube&amp;hl=de_AT\">https:\/\/play.google.com\/store\/apps\/details?id=com.google.android.youtube&amp;hl=de_AT<\/a><\/p>\n<h2>Sonstige, mit Screenreadern h\u00f6rbare Medien<\/h2>\n<h3>Kindle bei Amazon<\/h3>\n<p>Kindeleb\u00fccher sind keine H\u00f6rb\u00fccher sondern eBooks. PC, Tablet oder Smartphone, die mit Screenreadern ausgestattet sind, k\u00f6nnen solche eBooks nat\u00fcrlich akustisch wiedergeben.<\/p>\n<p>Link zur Homepage von Kindle: <a href=\"https:\/\/www.amazon.com\/kindle-dbs\/fd\/kcp\">https:\/\/www.amazon.com\/kindle-dbs\/fd\/kcp<\/a><\/p>\n<p>Link zum Appstore f\u00fcr Kindle: <a href=\"https:\/\/itunes.apple.com\/at\/app\/kindle\/id302584613?mt=8\">https:\/\/itunes.apple.com\/at\/app\/kindle\/id302584613?mt=8<\/a><\/p>\n<p>Link zu Google Play f\u00fcr Kindle: <a href=\"https:\/\/play.google.com\/store\/apps\/details?id=com.amazon.kindle&amp;hl=de\">https:\/\/play.google.com\/store\/apps\/details?id=com.amazon.kindle&amp;hl=de<\/a><\/p>\n<p>Kindle-eBooks kann man auch mit dem PC, mit dem Smartphone und Tablet oder mit Alexa anh\u00f6ren.<\/p>\n<p>&nbsp;<\/p>\n<h3>Voice Dream Reader<\/h3>\n<p>Der Voice Dream Reader ist ein Universalwerkzeug zum Anh\u00f6ren von MP3 Dateien und von Texten in verschiedenen Dateiformaten.<\/p>\n<p>Die vorzulesenden Inhalte k\u00f6nnen an verschiedenen Orten liegen und aus Quellen aller Art kommen. Voice Dream Reader kann direkt E-Books im Epub-Format oder PDF vorlesen, sofern diese nicht durch digitale Rechteminderung (DRM) geschm\u00e4lert sind. Dropbox und Google Drive werden als Cloud-Dienste unterst\u00fctzt, ferner Evernote, Pocket, Instapaper aus der Reihe der Sp\u00e4ter-Lesen-Apps. Sodann kann man sich direkt mit den B\u00fccherlieferanten aus dem Projekt Gutenberg verbinden und zum Beispiel Shakespeares Werke und andere gemeinfreie laden. Die eigene Bibliothek vorzulesender Texte l\u00e4sst sich gef\u00e4llig verwalten, und nat\u00fcrlich speichert die App den Zeitpunkt der letzten Unterbrechung, um nach abermaligem Start nahtlos fortzusetzen. Voice Dream Reader liest auch Texte im Format Docx, TXT, RTF.<\/p>\n<p>Man kann sich B\u00fccher mit dem KNFB Reader am Smartphone einscannen und das gespeicherte Werk per Funktion \u201eTeilen\u201c an den Voice Dream Reader \u00fcbergeben.<\/p>\n<p>Bei der Apfelschule gibt es einen sehr guten Podcast im Umgang mit dem Voice Dream Reader.<\/p>\n<p>Link zum Podcast der Apfelschule: <a href=\"https:\/\/apfelschule.ch\/tipps-und-tricks\/voice-dream-reader-eine-app-zum-lesen-und-verwalten-von-text-und-audiodokumenten\/\">https:\/\/apfelschule.ch\/tipps-und-tricks\/voice-dream-reader-eine-app-zum-lesen-und-verwalten-von-text-und-audiodokumenten\/<\/a><\/p>\n<p>Die App kostet im Appstore von Apple Euro 16,99<\/p>\n<p>Link zum Appstore f\u00fcr Voice Dream Reader: <a href=\"https:\/\/itunes.apple.com\/at\/app\/voice-dream-reader\/id496177674?mt=8\">https:\/\/itunes.apple.com\/at\/app\/voice-dream-reader\/id496177674?mt=8<\/a><\/p>\n<p>Die App kostet bei Google Play Euro 5,49. In-App K\u00e4ufe m\u00f6glich.<\/p>\n<p>Link zu Google Play f\u00fcr Voice Dream Reader: <a href=\"https:\/\/play.google.com\/store\/apps\/details?id=voicedream.reader&amp;hl=de_AT\">https:\/\/play.google.com\/store\/apps\/details?id=voicedream.reader&amp;hl=de_AT<\/a><\/p>\n","protected":false},"excerpt":{"rendered":"<p>H\u00f6rbuch &amp; Co: H\u00f6rb\u00fccher und blindengerechte Medien &nbsp; In der heutigen Zeit hat man auch als Blinde oder Sehbehinderte Person einen umfangreichen Zugang zu Medien wie H\u00f6rb\u00fccher, H\u00f6rspielen, EBooks und&#8230; <a class=\"read-more-button\" href=\"http:\/\/hojas.co.at\/blog\/hoerbuch-co\/\">Lesen Sie mehr &gt;<\/a><\/p>\n","protected":false},"author":1,"featured_media":0,"parent":0,"menu_order":0,"comment_status":"closed","ping_status":"closed","template":"","meta":{"spay_email":""},"jetpack_sharing_enabled":true,"jetpack_shortlink":"https:\/\/wp.me\/PawkJb-lx","_links":{"self":[{"href":"http:\/\/hojas.co.at\/blog\/wp-json\/wp\/v2\/pages\/1335"}],"collection":[{"href":"http:\/\/hojas.co.at\/blog\/wp-json\/wp\/v2\/pages"}],"about":[{"href":"http:\/\/hojas.co.at\/blog\/wp-json\/wp\/v2\/types\/page"}],"author":[{"embeddable":true,"href":"http:\/\/hojas.co.at\/blog\/wp-json\/wp\/v2\/users\/1"}],"replies":[{"embeddable":true,"href":"http:\/\/hojas.co.at\/blog\/wp-json\/wp\/v2\/comments?post=1335"}],"version-history":[{"count":4,"href":"http:\/\/hojas.co.at\/blog\/wp-json\/wp\/v2\/pages\/1335\/revisions"}],"predecessor-version":[{"id":1477,"href":"http:\/\/hojas.co.at\/blog\/wp-json\/wp\/v2\/pages\/1335\/revisions\/1477"}],"wp:attachment":[{"href":"http:\/\/hojas.co.at\/blog\/wp-json\/wp\/v2\/media?parent=1335"}],"curies":[{"name":"wp","href":"https:\/\/api.w.org\/{rel}","templated":true}]}}