{"id":1353,"date":"2019-03-16T19:07:53","date_gmt":"2019-03-16T17:07:53","guid":{"rendered":"http:\/\/hojas.co.at\/blog\/?page_id=1353"},"modified":"2026-01-04T14:57:04","modified_gmt":"2026-01-04T12:57:04","slug":"braille","status":"publish","type":"page","link":"http:\/\/hojas.co.at\/blog\/braille\/","title":{"rendered":"Braille"},"content":{"rendered":"<h2>Die Zeichen der Blindenschrift als Audiodateien<\/h2>\n<p>&nbsp;<\/p>\n<p>Hier findet ihr eine Sammlung der Blindenschrift\u2011Zeichen (Braille) als Audiodateien. Alle Dateien sind \u00fcbersichtlich aufgelistet und enthalten jeweils eine Beschreibung der Braillezeichen.<\/p>\n<p>&nbsp;<\/p>\n<p>Die Audiodateien umfassen:<\/p>\n<ul>\n<li>die Braille\u2011Grundzeichen in alphabetischer Reihenfolge, jeweils mit Punktebezeichnung und zugeh\u00f6rigem Buchstaben<\/li>\n<li>ein- und zweiformige Wortk\u00fcrzungen<\/li>\n<li>Kommak\u00fcrzungen<\/li>\n<li>Lautgruppenk\u00fcrzungen<\/li>\n<li>Vor- und Nachsilben<\/li>\n<li>Satzzeichen<\/li>\n<\/ul>\n<p>&nbsp;<\/p>\n<p>Jede dieser Kategorien liegt in einer eigenen Datei vor.<\/p>\n<p><strong>\u00a0<\/strong><\/p>\n<p><strong>Hinweis zum Download:<\/strong><\/p>\n<p><strong>\u00a0<\/strong><\/p>\n<p>Die Datei <strong>\u201eBraillezeichen.zip\u201c<\/strong> ist eine komprimierte ZIP\u2011Datei. Zum Herunterladen einfach den angegebenen Link ausw\u00e4hlen und entweder die Eingabetaste dr\u00fccken oder einen Doppelklick mit der Maus ausf\u00fchren.<\/p>\n<p>Die Datei wird anschlie\u00dfend im Ordner <strong>\u201eDownloads\u201c<\/strong> gespeichert \u2013 sofern auf dem Computer kein anderer Download\u2011Ordner festgelegt wurde.<\/p>\n<p>&nbsp;<\/p>\n<p>Um die ZIP\u2011Datei zu entpacken, kann man sie in einen beliebigen Ordner verschieben und dort per Doppelklick oder mit der Eingabetaste \u00f6ffnen. Nach dem Entpacken stehen die einzelnen Ordner mit den jeweiligen MP3\u2011Dateien bereit.<\/p>\n<p>&nbsp;<\/p>\n<p>Falls diese Datei am iPhone oder iPad ge\u00f6ffnet wird, wird sie im Ordner \u201eDateien\u201c gespeichert und man kann dort die ZIP-Datei \u00f6ffnen.<\/p>\n<p>&nbsp;<\/p>\n<p>Link zum Download:<\/p>\n<p>&nbsp;<\/p>\n<p><a href=\"http:\/\/www.hojas.co.at\/extern\/braille\/Braillezeichen.zip\">http:\/\/www.hojas.co.at\/extern\/braille\/Braillezeichen.zip<\/a><\/p>\n<p>&nbsp;<\/p>\n<p>Hinweis: Diese akustische Aufstellung erhebt keinen Anspruch auf Vollst\u00e4ndigkeit, Richtigkeit und Aktualit\u00e4t!<\/p>\n<p>&nbsp;<\/p>\n<p>\u00a9 J\u00e4nner 2026 by Gerhard Hojas, Linz \/ Ebelsberg<\/p>\n<h2><\/h2>\n<h2>App Der Braille-Trainer<\/h2>\n<p>Der 4. Januar ist \u201eWelt-Braille-Tag\u201c<\/p>\n<p>Mit neuer App k\u00f6nnen auch Sehende die Brailleschrift lernen!<\/p>\n<p>Mit nur sechs tastbaren Punkten hat der 16-j\u00e4hrige Franzose Louis Braille blinden Menschen vor \u00fcber 200 Jahren die Welt des Lesens und Schreibens er\u00f6ffnet. An diese bahnbrechende Erfindung, die bis heute nichts von ihrer Bedeutung verloren hat, wird an seinem Geburtstag, dem 4. Januar, mit dem \u201eWelt-Braille-Tag\u201c erinnert. Ein besonderes Geburtstagsgeschenk macht in diesem Jahr die Deutsche Blindenstudienanstalt e. V. (blista) in Marburg. Die App \u201eBraille-Trainer\u201c zum Erlernen der Blindenschrift wurde von dem Hamburger Programmierer Martin Gertz entwickelt sowie in Zusammenarbeit mit dem bundesweiten Zentrum f\u00fcr Bildung und Barrierefreiheit an der blista kontinuierlich verbessert.<\/p>\n<p>&nbsp;<\/p>\n<h2>Links:<\/h2>\n<p>Apple AppStore:<\/p>\n<p><a href=\"https:\/\/apps.apple.com\/de\/app\/braille-trainer\/id1464977255\">https:\/\/apps.apple.com\/de\/app\/braille-trainer\/id1464977255<\/a><\/p>\n<p>Google PlayStore:<\/p>\n<p><a href=\"https:\/\/play.google.com\/store\/apps\/details?id=com.martingertz.brailletrainer\">https:\/\/play.google.com\/store\/apps\/details?id=com.martingertz.brailletrainer<\/a><\/p>\n<p>Quelle: blista Marburg<\/p>\n<h2><\/h2>\n<h2 class=\"main-headline\">DBSV: Punktum: Braille Lernen f\u00fcr alle!<\/h2>\n<p class=\"post-info\"><span class=\"post-info-date\"><a href=\"https:\/\/hojas.co.at\/blog\/dbsv-punktum-braille-lernen-fuer-alle\/\">4. Dezember 2025<\/a><\/span><span class=\"post-info-category\"><a href=\"https:\/\/hojas.co.at\/blog\/category\/allgemein\/\" rel=\"category tag\">Allgemein<\/a><\/span><\/p>\n<div class=\"entry-content\">\n<p>Sie<\/p>\n<p>k\u00f6nnen in jedem Alter die Brailleschrift lernen. Der DBSV bietet daf\u00fcr einen Kurs, eine Software, Seminare und Lehrkr\u00e4fte.<\/p>\n<p>&nbsp;<\/p>\n<\/div>\n<p>Link zum weiterlesen: https:\/\/www.dbsv.org\/punktumbraillelernen.html?fbclid=IwY2xjawOcz8hleHRuA2FlbQIxMABicmlkETBFWURFWktGRGo5RldlSU1Mc3J0YwZhcHBfaWQQMjIyMDM5MTc4ODIwMDg5MgABHhJpTIuu_aGWJQlkJ59cWGI2DaMIq6cudOThfqZb541avsVT7OCzUnt6ix3A_aem_DOsz_uoccJzhNIBaxomWtA<\/p>\n<h2><strong>Braille Online lernen &#8211; <\/strong>Das Braille-Alphabet lernen.<\/h2>\n<p>Lernen Sie die Blindenschrift optisch, die sp\u00e4tere \u00dcbertragung auf die Finger (taktiles Lesen) ist dann um einiges leichter. Aber auch Angeh\u00f6rige von Blinden k\u00f6nnen hier Braille optisch lernen.<\/p>\n<p>&nbsp;<\/p>\n<p>Weiterlesen: <a href=\"https:\/\/fakoo.de\/braille-lernen.html\">https:\/\/fakoo.de\/braille-lernen.html<\/a><\/p>\n<p>&nbsp;<\/p>\n<h1>Informationen zur Blindenschrift (Braille)<\/h1>\n<p>&nbsp;<\/p>\n<h2>Das Verm\u00e4chtnis des Louis Braille.<\/h2>\n<p>Es steht au\u00dfer Frage, dass Louis Braille die Brailleschrift erfunden hat \u2013 ein System, das das Leben vieler blinder und sehbehinderter Menschen nachhaltig gepr\u00e4gt hat. Doch jede gro\u00dfe Ver\u00e4nderung, jede bahnbrechende Idee, h\u00e4ngt immer von einer Vielzahl an Faktoren, Mitmenschen und \u00e4u\u00dferen Umst\u00e4nden ab und schaft ein Verm\u00e4chtnis, das von vielen Personen weiterentwickelt wird.<\/p>\n<p>&nbsp;<\/p>\n<p>Weiterlesen: <a href=\"https:\/\/offsight.de\/viewtopic.php?f=24&amp;t=493&amp;sid=5c0ab5fdf028d759f2091eaa49605c02\">https:\/\/offsight.de\/viewtopic.php?f=24&amp;t=493&amp;sid=5c0ab5fdf028d759f2091eaa49605c02<\/a><\/p>\n<p>&nbsp;<\/p>\n<h2>Brailleschriftkomitees der deutschsprachigen L\u00e4nder.<\/h2>\n<p>Hier finden Sie Informationen \u00fcber das Komitee sowie \u00fcber dessen Arbeit und das deutsche Brailleschriftsystem.<\/p>\n<p>&nbsp;<\/p>\n<p><strong>Weiterlesen: <\/strong><a href=\"http:\/\/www.bskdl.org\/\"><strong>http:\/\/www.bskdl.org\/<\/strong><\/a><\/p>\n<p>&nbsp;<\/p>\n<h2>Offsight \u2013 Jugendprojekt des DBSV<\/h2>\n<p>Blinde und sehbehinderte junge und aktive Leute teilen Erfahrungen und tauschen sich aus. Mach mit, finde Tipps, hol dir Rat im Forum!<\/p>\n<p>&nbsp;<\/p>\n<p>Weiterlesen: <a href=\"https:\/\/offsight.de\/viewforum.php?f=24\">https:\/\/offsight.de\/viewforum.php?f=24<\/a><\/p>\n<p>&nbsp;<\/p>\n<p>Apfelschule.ch<\/p>\n<p>&nbsp;<\/p>\n<h2>Die Braillebildschirmeingabe \u2013 auf dem iPhone rasch und sicher schreiben.<\/h2>\n<p>Mit der Eingabe von Texten oder Passw\u00f6rtern auf der virtuellen Tastatur tun sich manche Leute schwer. Das muss nicht sein! Mit der Eingabe in Blindenschrift geht das rasch, bequem und sicher.<\/p>\n<p>&nbsp;<\/p>\n<p>Weiterlesen: <a href=\"https:\/\/apfelschule.ch\/tipps-und-tricks\/die-braille-bildschirmeingabe-ein-geheimtipp-fuer-schnellschreibende\/\">https:\/\/apfelschule.ch\/tipps-und-tricks\/die-braille-bildschirmeingabe-ein-geheimtipp-fuer-schnellschreibende\/<\/a><\/p>\n<p>&nbsp;<\/p>\n<p>Apfelschule.ch<\/p>\n<p>&nbsp;<\/p>\n<h2>Der Befehlsmodus in der Braillebildschirmeingabe \u2013 ein neuer Weg f\u00fcr die iPhone-Bedienung.<\/h2>\n<p>Wer eine Blindenschrift-Tastatur nutzt, kennt es bereits: Die Steuerung des iPhones mit Tastenbefehlen. Mit iOS 18 gibt es diese praktische M\u00f6glichkeit nun auch f\u00fcr die Braillebildschirmeingabe.<\/p>\n<p>&nbsp;<\/p>\n<p>Weiterlesen: <a href=\"https:\/\/apfelschule.ch\/tipps-und-tricks\/der-befehlsmodus-in-der-braillebildschirmeingabe-ein-neuer-weg-fuer-die-iphone-bedienung\/\">https:\/\/apfelschule.ch\/tipps-und-tricks\/der-befehlsmodus-in-der-braillebildschirmeingabe-ein-neuer-weg-fuer-die-iphone-bedienung\/<\/a><\/p>\n<p>&nbsp;<\/p>\n<p>\u00a9 Mai 2025 by Gerhard Hojas<\/p>\n","protected":false},"excerpt":{"rendered":"<p>Die Zeichen der Blindenschrift als Audiodateien &nbsp; Hier findet ihr eine Sammlung der Blindenschrift\u2011Zeichen (Braille) als Audiodateien. Alle Dateien sind \u00fcbersichtlich aufgelistet und enthalten jeweils eine Beschreibung der Braillezeichen. &nbsp;&#8230; <a class=\"read-more-button\" href=\"http:\/\/hojas.co.at\/blog\/braille\/\">Lesen Sie mehr &gt;<\/a><\/p>\n","protected":false},"author":1,"featured_media":0,"parent":0,"menu_order":0,"comment_status":"closed","ping_status":"closed","template":"","meta":{"spay_email":""},"jetpack_sharing_enabled":true,"jetpack_shortlink":"https:\/\/wp.me\/PawkJb-lP","_links":{"self":[{"href":"http:\/\/hojas.co.at\/blog\/wp-json\/wp\/v2\/pages\/1353"}],"collection":[{"href":"http:\/\/hojas.co.at\/blog\/wp-json\/wp\/v2\/pages"}],"about":[{"href":"http:\/\/hojas.co.at\/blog\/wp-json\/wp\/v2\/types\/page"}],"author":[{"embeddable":true,"href":"http:\/\/hojas.co.at\/blog\/wp-json\/wp\/v2\/users\/1"}],"replies":[{"embeddable":true,"href":"http:\/\/hojas.co.at\/blog\/wp-json\/wp\/v2\/comments?post=1353"}],"version-history":[{"count":8,"href":"http:\/\/hojas.co.at\/blog\/wp-json\/wp\/v2\/pages\/1353\/revisions"}],"predecessor-version":[{"id":2153,"href":"http:\/\/hojas.co.at\/blog\/wp-json\/wp\/v2\/pages\/1353\/revisions\/2153"}],"wp:attachment":[{"href":"http:\/\/hojas.co.at\/blog\/wp-json\/wp\/v2\/media?parent=1353"}],"curies":[{"name":"wp","href":"https:\/\/api.w.org\/{rel}","templated":true}]}}