{"id":1536,"date":"2020-06-01T20:36:24","date_gmt":"2020-06-01T18:36:24","guid":{"rendered":"http:\/\/hojas.co.at\/blog\/?page_id=1536"},"modified":"2020-06-14T18:55:16","modified_gmt":"2020-06-14T16:55:16","slug":"hoerfilm-co","status":"publish","type":"page","link":"http:\/\/hojas.co.at\/blog\/hoerfilm-co\/","title":{"rendered":"H\u00f6rfilm &#038; Co"},"content":{"rendered":"<div class=\"post-content\">\n<div class=\"post-entry-content\">\n<p>Eine Infoseite zu H\u00f6rfilmen, DVD\u00b4s mit Audiodeskription, Blu-ray, Mediatheken mit H\u00f6rfilmen, Fernsehempf\u00e4nger mit Sprachausgabe, Fernsehprogrammen mit H\u00f6rfilmen, App\u00b4s etc..<\/p>\n<h3>H\u00f6rfilm.Info<\/h3>\n<h4>Alles \u00fcber die Audiodeskription<\/h4>\n<p>Welche H\u00f6rfilme laufen im TV, auf DVD und in Mediatheken und Streaming-Diensten? Wie stellt man die Audiodeskription ein? Wo gibt es Audiodeskription?<\/p>\n<h4>DVD und Blu-ray<\/h4>\n<p>Worauf Sie achten sollten, wenn Sie eine DVD oder Blu-ray mit Audiodeskription kaufen m\u00f6chten.<\/p>\n<h4>Kino<\/h4>\n<p>Im Kino gibt es unterschiedliche M\u00f6glichkeiten, eine Audiodeskription zu empfangen.<\/p>\n<h4>Mediatheken<\/h4>\n<p>Wie Sie H\u00f6rfilme in den Mediatheken schauen k\u00f6nnen<\/p>\n<h4>Streaming-Dienste<\/h4>\n<p>Welche Streaming-Dienste H\u00f6rfilme anbieten<\/p>\n<h4>Mobile Apps<\/h4>\n<p>Tipps f\u00fcr mobile Apps zum Empfang von H\u00f6rfilmen<\/p>\n<p>Link zu H\u00f6rfilm.info: <a href=\"https:\/\/hoerfilm.info\/\">https:\/\/hoerfilm.info\/<\/a><\/p>\n<h3>TV f\u00fcr Alle<\/h3>\n<p>TV f\u00fcr Alle ist die barrierefreie Fernseh-Programmzeitschrift. Finde heraus, welche Sendungen Untertitel und Audiodeskription haben.<\/p>\n<p>Filtere das TV-Programm nach Sendungen mit Untertiteln und Audiodeskription.<\/p>\n<p>Link zu TV f\u00fcr Alle: <a href=\"https:\/\/tvfueralle.de\/\">https:\/\/tvfueralle.de\/<\/a><\/p>\n<h3>H\u00f6rfilmdatenbank H\u00f6rfilm e. V.<\/h3>\n<p>H\u00f6rfilm e.V. ist ein Zusammenschluss professioneller sehender und blinder Filmbeschreiberinnen und Filmbeschreiber (oder auch H\u00f6rfilmautoren). Mit unserer Arbeit und unseren vielf\u00e4ltigen Projekten m\u00f6chten wir die Audiodeskription mehr und mehr etablieren, auf alle kulturellen Bereiche ausdehnen, die Qualit\u00e4t der Beschreibungen sichern und das Berufsbild des H\u00f6rfilmautoren professionalisieren.<\/p>\n<p>Link zur H\u00f6rfilmdatenbank: <a href=\"https:\/\/hoerfilmev.de\/?id=117\">https:\/\/hoerfilmev.de\/?id=117<\/a><\/p>\n<h3>Deutsche H\u00f6rfilm gGmbH<\/h3>\n<p>DVDs mit Audiodeskription<\/p>\n<p>Die DVD ist das ideale Medium f\u00fcr den H\u00f6rfilm. Sie bietet ausreichend Platz f\u00fcr verschiedene Tonkan\u00e4le, die optional anw\u00e4hlbar sind, darunter auch die Audiodeskription.<\/p>\n<p>Die ersten deutschsprachigen DVDs mit Audiodeskription hat die DHG 1999 (noch als Vorl\u00e4uferorganisation \u201eProjekt H\u00f6rfilm\u201c) in Zusammenarbeit mit \u201eKinowelt Home-Entertainment\u201c realisiert.<\/p>\n<p>Link zu Deutsche H\u00f6rfilm gGmbH: <a href=\"http:\/\/www.hoerfilm.de\/pages\/willkommen.html\">http:\/\/www.hoerfilm.de\/pages\/willkommen.html<\/a><\/p>\n<h3>Grata &amp; Starks Kino Barrierefrei<\/h3>\n<p>&nbsp;<\/p>\n<p>Die App GRETA macht Audiodeskriptionen und Untertitel zug\u00e4nglich, in jedem Kino, in jedem Saal, zu jeder gew\u00fcnschten Vorstellung \u2013 einfach vom eigenen Smartphone! Erlebe barrierefreies Kino dass richtig Spa\u00df macht \u2013 eigenst\u00e4ndig und unabh\u00e4ngig, allein oder mit Freunden<\/p>\n<p>Was ist eine barrierefreie Kinofilmfassung?<\/p>\n<p>Eine barrierefreie Kinofilmfassung ist ein Kinofilm, der anhand einer barrierefreien Version, sprich Audiodeskription oder Untertitel, zug\u00e4nglich sein kann. Entweder \u00fcber spezielle Technik, die du im Kino ausleihen kannst oder einfach \u00fcber dein eigenes Smart Device (Smartphone, iPod Touch oder Tablet) mit der App Greta.<\/p>\n<p>Was ist eine Audiodeskription?<\/p>\n<p>Die Audiodeskription beschreibt in knappen Worten wichtige Elemente der Handlung, Gestik, Mimik und der dramaturgisch relevanten Umgebung. Die Bildbeschreibungen werden in den Dialogpausen eingesprochen. Audiodeskription erm\u00f6glicht blinden Zuschauern auf diese Weise einen Film zu erleben.<\/p>\n<p>Was sind Untertitel f\u00fcr geh\u00f6rlose bzw. h\u00f6rbeeintr\u00e4chtigte Zuschauer?<\/p>\n<p>Diese speziellen Untertitel machen einen Film erlebbar, indem alle Dialoge und dramaturgisch relevanten Umgebungsger\u00e4usche im Bild oder Hintergrund wie z.B. mit dem Hinweis \u201elauter Knall\u201c in Untertitel \u201e\u00fcbersetzt\u201c werden. Zus\u00e4tzlich k\u00f6nnen durch farbige und\/oder formatierte Untertitel die Hauptfiguren unterscheidbar gemacht werden.<\/p>\n<p>Link Appstore f\u00fcr Greta: <a href=\"https:\/\/apps.apple.com\/de\/app\/greta\/id793892423\">https:\/\/apps.apple.com\/de\/app\/greta\/id793892423<\/a><\/p>\n<p>Link Google Play f\u00fcr Grata: <a href=\"https:\/\/play.google.com\/store\/apps\/details?id=de.debesefilm.greta\">https:\/\/play.google.com\/store\/apps\/details?id=de.debesefilm.greta<\/a><\/p>\n<h2>TV Programm Online<\/h2>\n<p>Infoseiten \u00fcber das aktuelle Fernsehprogramm f\u00fcr H\u00f6rfilme.<\/p>\n<h3>TV Butler<\/h3>\n<p>Bei TV Butler sind alle Filme mit Audiodeskription aufgelistet. Der Link startet die Seite mit den H\u00f6rfilmen.<\/p>\n<p>Link zum TV Butler <a href=\"https:\/\/hoerfilm.tvbutler.at\/audiodeskription\/hoerfilme\/hoerfilme-heute\/\">https:\/\/hoerfilm.tvbutler.at\/audiodeskription\/hoerfilme\/hoerfilme-heute\/<\/a><\/p>\n<h3>H\u00f6rzu<\/h3>\n<p>Die H\u00f6rzu Programmseite f\u00fcr H\u00f6rfilme<\/p>\n<p>Link zu H\u00f6rzu.de: http:\/\/www.hoerzu.de\/text\/tv-programm\/hoerfilm.php<\/p>\n<h3>Projekt Theater4all<\/h3>\n<p>Das Projekt Theater4all hat es sich zur Aufgabe gemacht, Theater f\u00fcr blinde Menschen und f\u00fcr Menschen mit einer Sehbehinderung m\u00f6glich zu machen. Erfahrene Kommentatorinnen und Kommentatoren \u00fcbernehmen die Bildbeschreibung der gesamten Vorstellung. Die Theaterbesucherinnen und Theaterbesucher k\u00f6nnen vor der Vorstellung Informationen zum St\u00fcck, sowie w\u00e4hrend der Vorstellung die Audiodeskription des St\u00fcckes \u00fcber Kopfh\u00f6rer erleben.<\/p>\n<p>Die Selbstbestimmung und die gesellschaftliche Teilhabe sind unverzichtbare Grundwerte f\u00fcr Menschen mit einer Behinderung. Ziel ist es deshalb, dass blinde Menschen oder Menschen mit einer Sehbehinderung ihrem kulturellen Interesse, wie dem Theater, ohne gro\u00dfe Barrieren jederzeit nachgehen k\u00f6nnen. Ein Theaterbesuch sollte f\u00fcr Menschen mit einer Behinderung genauso \u201eunspektakul\u00e4r\u201c m\u00f6glich sein, wie f\u00fcr alle anderen Besucherinnen und Besucher. Derzeit nehmen am Projekt das Theater in der Josefstadt, das Burgtheater, das Volkstheater, das Schauspielhaus und das Altonaer Theater in Hamburg teil.<\/p>\n<p>im Theater<\/p>\n<p>Die Bildbeschreibungen werden im Vorfeld Szene f\u00fcr Szene von erfahrenen Texterinnen und Textern erstellt, um dem Publikum bei der Vorstellung ein harmonisches Gef\u00fcge von Audiodeskription und dem Agieren der Schauspieler pr\u00e4sentieren zu k\u00f6nnen. Die Bildbeschreibung wird w\u00e4hrend des St\u00fccks LIVE von der Kommentatorin oder dem Kommentator gesprochen.<\/p>\n<p>Um die Audiodeskription im Theater erleben zu k\u00f6nnen, ben\u00f6tigen die Besucher ein portables Radio oder ein Handy mit Radioempfangsm\u00f6glichkeit und einen Kopfh\u00f6rer. Die Empfangsfrequenz ist 96,4 MHz. Das Personal im Theater oder ein AUDIO2-Techniker sind gerne bei der Einstellung des Empf\u00e4ngers behilflich.<\/p>\n<p>Link zu Theater4all: <a href=\"http:\/\/www.theater4all.at\/\">http:\/\/www.theater4all.at\/<\/a><\/p>\n<\/div>\n<h3>Welche Fernsehger\u00e4te sind kompatibel mit Amazon Prime, Netflix und Co?<\/h3>\n<p>Streaming-Apps wie Netflix, Amazon Prime Video und Disney+ werden in vielen Haushalten auf den unterschiedlichsten Fernsehern genutzt \u2013 sogar dann, wenn das TV-Ger\u00e4t nicht mit den Streaming-Diensten kompatibel ist.<\/p>\n<p>Sie sind bereit f\u00fcr Netflix und Co. Ist es Ihr Fernseher auch? Nur weil man einen Streaming-Dienst nutzen m\u00f6chte, muss man sich noch lange kein neues TV-Ger\u00e4t kaufen. Wer Filme und Serien \u00fcber die Streaming-Seiten bis jetzt nur am PC geschaut hat und diesen Streaminggenuss nun auch auf dem gro\u00dfen TV-Screen im Wohnzimmer in Top-Qualit\u00e4t erleben oder das erste Mal einen Streaming-Dienst nutzen will, sollte zu allererst \u00fcberpr\u00fcfen, ob der vorhandene Fernseher mit den Streaming-Anbietern kompatibel ist. Aber auch wenn das nicht der Fall sein sollte, gibt es M\u00f6glichkeiten, von den Angeboten der Video-on-Demand-Anbieter zu profitieren &#8211; auch ohne neues TV-Ger\u00e4t.<\/p>\n<p>Auf welchen Fernsehern kann man Netflix schauen und welche Ger\u00e4te sind kompatibel mit Amazon Prime? Auf vielen Smart-TVs sind die Streaming-Apps bereits vorinstalliert.<\/p>\n<h4>Netflix streamen auf TV-Ger\u00e4ten<\/h4>\n<p>Ist auf einem TV das \u201eNetflix Recommended TV\u201c-Logo angebracht, kann man sich sicher sein, dass Netflix bereits darauf installiert ist. Dieses entdeckt man bei Marken wie Grundig, Panasonic, Samsung, Toshiba, LG, Philips und Sony.<\/p>\n<p>Der n\u00e4chste Weg, um herauszufinden, ob ein Fernseher mit Netflix kompatibel ist, f\u00fchrt zur Fernbedienung. Befindet sich darauf eine Netflix-Taste kann die Netflix-App schnell und einfach durch einmaliges Dr\u00fccken ge\u00f6ffnet werden. Gibt es keine solche Taste, hei\u00dft das aber noch lange nicht, dass der Streaming-Dienst nicht auf dem TV verf\u00fcgbar ist. Bei den meisten Fernsehern ist die App im Hauptmen\u00fc oder bei den Apps und Internetdiensten zu finden. Hat man auch hier keinen Erfolg bei der Suche nach Netflix, kann man die App im App-Store \u2013 falls vorhanden \u2013 herunterladen und installieren, wenn sie dort verf\u00fcgbar ist. Manchmal ist daf\u00fcr allerdings erst ein Software-Update notwendig. F\u00fcr Besitzer eines Samsung-Fernsehers interessant: Grunds\u00e4tzlich sollte die Neflix-App auf allen neueren Ger\u00e4ten funktionieren. F\u00fcr Ger\u00e4te bis Baujahr 2011, die zwischen Bildschirmdiagnoale und Modellnummer ein &#8222;C&#8220; oder&#8220;D&#8220; aufweisen, ist die App aber leider nicht verf\u00fcgbar.<\/p>\n<p>Was tun, wenn keine Netflix-App auf TV-Ger\u00e4ten zu finden ist, man aber nicht auf Netflix Filme und Serien verzichten m\u00f6chte? Daf\u00fcr gibt es eine L\u00f6sung. Man greift auf ein anderes Ger\u00e4t mit einer Netflix-App zur\u00fcck. Diese ist nicht nur auf vielen Smart-TVs verf\u00fcgbar. \u00dcber den HDMI-Anschluss am Fernseher k\u00f6nnen Streaming Player wie Apple TV 4K, Google Chromecast oder Amazon Fire TV Stick am TV angeschlossen werden und auf Streaming-Dienste zugreifen. Vielleicht haben Sie sogar schon ein Ger\u00e4t mit Netflix-Streaming-Software daheim, ohne es zu wissen. Netflix ist auf den Spielekonsolen PlayStation 3, PlayStation 4, Wii U, Xbox 360 installiert. Auch mit vielen Set-Top-Boxen von Pay-TV-Anbietern und Blu-ray-Playern der Marken LG, Samsung, Sony, Toshiba k\u00f6nnen Netflix-Inhalte gestreamt werden. Optimiert f\u00fcr die beliebtesten Browser (Google Chrome, Safari, Mozilla Firefox, etc.), steht auch dem Filmvergn\u00fcgen beim Streamen auf PC oder Laptop nichts im Wege. Wer es flexibler mag, kann seine Lieblingsfilme und -serien auch unterwegs mit dem Smartphone oder Tablet (Android, iOs, Windows Phone) ansehen.<\/p>\n<h4>Wie kann man Prime Video auf dem Fernseher schauen?<\/h4>\n<p>Als Amazon Prime Abonnent hat man die M\u00f6glichkeit, tausende Filmen und Serien zum Teil kostenlos zu streamen. Doch auch daf\u00fcr m\u00fcssen ein paar Voraussetzungen erf\u00fcllt sein. Was brauche ich, um Amazon Prime nutzen zu k\u00f6nnen? Um \u00fcber das TV-Ger\u00e4t auf die Inhalte des Video-on-Demand-Anbieters zugreifen zu k\u00f6nnen, ben\u00f6tigt man die Prime Video App. Auf vielen Ger\u00e4ten ist diese bereits vorinstalliert, zum Beispiel bei Marken wie LG, Panasonic, Samsung oder Sony. Wenn die App noch nicht vorhanden ist, kann diese im App-Store heruntergeladen werden.<\/p>\n<p>Ist das Ger\u00e4t nicht mit Prime Video kompatibel, ist das noch kein Grund zum Verzweifeln. Es gibt auch hier M\u00f6glichkeiten, das Problem zu umgehen und in den Genuss des Streamingvergn\u00fcgens zu kommen. Auch in diesem Fall kann ein Blu-ray-Player der Marken Sony, Samsung und Panasonic, eine Set-Top-Box, Spielekonsolen, Streaming Media Player oder ein Fire TV-Ger\u00e4t zu ungetr\u00fcbtem Streamingspa\u00df verhelfen. Wer zum Beispiel eine PlayStation 3, PlayStation 4, Wii, Wii U, Xbox 360 oder Xbox One zuhause hat, kann gleich mit dem Streamen loslegen. Amazon Fire TV Stick, Apple TV und Google Chromecast funktionieren in der Regel auch beim Streamen auf \u00e4lteren Fernsehern ohne Probleme. Air Play kann bei \u00e4lteren TV-Ger\u00e4ten ebenfalls verwendet werden. Gestreamt wird auch \u00fcber Computer und Laptop mit den Betriebssystemen Windows, Linux und macOS. Mit der Prime-Video-App auf Smartphone und Tablet (Android, iOS, Fire-Tablets) haben Sie Ihre Lieblingsfilme und -serien auch unterwegs immer dabei.<\/p>\n<h4>Auf welchen Fernsehern ist Disney+ verf\u00fcgbar?<\/h4>\n<p>Ganz neu im Rennen um Streaming Kunden ist Disney mit dem neuen Dienst Disney+. Grunds\u00e4tzlich ist die Disney+ App auf allen AndroidTVs inklusive Sharp Aquos und Sony Bravia verf\u00fcgbar. Bei LG TVs muss die App \u00fcber den LG Content Store heruntergeladen werden (vorausgesetzt ist WebOS 3.0 oder h\u00f6her). Allerdings wird Disney+ von LG Netcast TVs oder Ger\u00e4ten mit der LG TV Web Browser App nicht unterst\u00fctzt. Bei Samsung werden alle Ger\u00e4te ab 2016 unterst\u00fctzt, wenn diese \u00fcber Tizen verf\u00fcgen. Nicht unterst\u00fctzt werden Ger\u00e4te, wenn Orsay OS oder nur der Samsung Web Browser in Verwendung sind.<\/p>\n<p>Zusammengefasst: Neue Modelle unterst\u00fctzen grunds\u00e4tzlich die Apps der gr\u00f6\u00dften Streaming-Anbieter. Bei \u00e4lteren Ger\u00e4ten l\u00e4sst sich die Kompatibilit\u00e4t nicht unbedingt an dem Baujahr des Modells festmachen sondern h\u00e4ngt von der installierten Software ab. Das Aktualisieren des Ger\u00e4ts ist dabei immer von Vorteil, genauso wie das direkte Anschlie\u00dfen des Fernsehers per Netzwerk-Kabel.<\/p>\n<p>Link zu LIWEST: <a href=\"https:\/\/www.liwest.at\/liwest-blog\/blog\/fernsehen\/tv-streaming-apps?fbclid=IwAR3nbyPIDASnFCb1SUVl7zjVY2FfvwVG0X5ybV2arz3FsTGVcgINja283s8\">https:\/\/www.liwest.at\/liwest-blog\/blog\/fernsehen\/tv-streaming-apps?fbclid=IwAR3nbyPIDASnFCb1SUVl7zjVY2FfvwVG0X5ybV2arz3FsTGVcgINja283s8<\/a><\/p>\n<div class=\"post-entry-content\">\n<h2>Tipp:<\/h2>\n<p>Man kann Internetseiten (z. B: den TV Butler) auch als Icon am Homescreen ablegen.<\/p>\n<p>Und so geht\u2019s:<\/p>\n<ul>\n<li>Den link im Browser \u00f6ffnen (Safari)<\/li>\n<li>In der Statuszeile auf \u201eTeilen\u201c tippen<\/li>\n<li>In n\u00e4chsten Bild durchwischen bis zum Punkt \u201ezum Homebildschirm\u201c<\/li>\n<li>Beim n\u00e4chsten Schritt kann ich einen eigenen Namen f\u00fcr das Icon vergeben.<\/li>\n<li>Zum Speichern dann auf \u201eHinzuf\u00fcgen\u201c tippen (Rechte obere Ecke) und diese Internetseite wird als ICon am Bildschirm hinzugef\u00fcgt.<\/li>\n<\/ul>\n<p>Ich kann dieses Icon behandeln wie die App\u00b4s!<\/p>\n<p>Wenn ich auf dieses Icon tippe, dann \u00f6ffnet sich die entsprechende Internetseite.<\/p>\n<\/div>\n<\/div>\n","protected":false},"excerpt":{"rendered":"<p>Eine Infoseite zu H\u00f6rfilmen, DVD\u00b4s mit Audiodeskription, Blu-ray, Mediatheken mit H\u00f6rfilmen, Fernsehempf\u00e4nger mit Sprachausgabe, Fernsehprogrammen mit H\u00f6rfilmen, App\u00b4s etc.. H\u00f6rfilm.Info Alles \u00fcber die Audiodeskription Welche H\u00f6rfilme laufen im TV, auf&#8230; <a class=\"read-more-button\" href=\"http:\/\/hojas.co.at\/blog\/hoerfilm-co\/\">Lesen Sie mehr &gt;<\/a><\/p>\n","protected":false},"author":1,"featured_media":0,"parent":0,"menu_order":0,"comment_status":"closed","ping_status":"closed","template":"","meta":{"spay_email":""},"jetpack_sharing_enabled":true,"jetpack_shortlink":"https:\/\/wp.me\/PawkJb-oM","_links":{"self":[{"href":"http:\/\/hojas.co.at\/blog\/wp-json\/wp\/v2\/pages\/1536"}],"collection":[{"href":"http:\/\/hojas.co.at\/blog\/wp-json\/wp\/v2\/pages"}],"about":[{"href":"http:\/\/hojas.co.at\/blog\/wp-json\/wp\/v2\/types\/page"}],"author":[{"embeddable":true,"href":"http:\/\/hojas.co.at\/blog\/wp-json\/wp\/v2\/users\/1"}],"replies":[{"embeddable":true,"href":"http:\/\/hojas.co.at\/blog\/wp-json\/wp\/v2\/comments?post=1536"}],"version-history":[{"count":3,"href":"http:\/\/hojas.co.at\/blog\/wp-json\/wp\/v2\/pages\/1536\/revisions"}],"predecessor-version":[{"id":1547,"href":"http:\/\/hojas.co.at\/blog\/wp-json\/wp\/v2\/pages\/1536\/revisions\/1547"}],"wp:attachment":[{"href":"http:\/\/hojas.co.at\/blog\/wp-json\/wp\/v2\/media?parent=1536"}],"curies":[{"name":"wp","href":"https:\/\/api.w.org\/{rel}","templated":true}]}}