{"id":1741,"date":"2022-01-10T21:40:29","date_gmt":"2022-01-10T19:40:29","guid":{"rendered":"http:\/\/hojas.co.at\/blog\/?page_id=1741"},"modified":"2022-01-10T21:40:29","modified_gmt":"2022-01-10T19:40:29","slug":"iphoneinfos","status":"publish","type":"page","link":"http:\/\/hojas.co.at\/blog\/iphoneinfos\/","title":{"rendered":"iPhoneinfos"},"content":{"rendered":"<h1>Die VoiceOver-Gesten<\/h1>\n<p>Die folgenden Infos\u00a0 enthalten die wichtigsten Gesten f\u00fcr VoiceOver und dienen vorwiegend zur Illustration des Konzepts und dessen Leistungsumfangs. Ich habe daher eine eher un\u00fcbliche Ordnung gew\u00e4hlt: Nach Anzahl der ben\u00f6tigten Finger.<\/p>\n<p>&nbsp;<\/p>\n<p>Die Gesten funktionieren am iPhone, iPad und auch am Mac. Bei Apple TV ben\u00f6tigt man die Streichgesten nicht. Da funktioniert die Bedienung mit der Fernbedienung, SIRI oder einer Bluetooth-Tastatur.<\/p>\n<p>&nbsp;<\/p>\n<h2>Homebutton oder Ein\/Ausschalter<\/h2>\n<p>&nbsp;<\/p>\n<p>Homebutton oder Ein\/Ausschalter-Dreifach-Klick<\/p>\n<p>VoiceOver ein\/aus (wenn in den Einstellungen definiert) \u2013 Men\u00fcpunkte: Einstellungen \u2013 Allgemein \u2013 Bedienungshilfen &#8211; s Bedienungshilfen-K\u00fcrzel<\/p>\n<p>&nbsp;<\/p>\n<h2>Die Gesten mit einem Finger<\/h2>\n<p>&nbsp;<\/p>\n<p>Mit 1 Finger ein Element ber\u00fchren<\/p>\n<p>Das angetippte Element wird ausgew\u00e4hlt und angesagt.<\/p>\n<p>&nbsp;<\/p>\n<p>Mit 1 Finger langsam in beliebiger Richtung \u00fcber den Bildschirm gleiten<\/p>\n<p>Das jeweils ber\u00fchrte Element wird ausgew\u00e4hlt und angesagt. Der<\/p>\n<p>Bildschirminhalt kann auf diese Weise erkundet werden, d.h. die Art der<\/p>\n<p>einzelnen Objekte und ihre r\u00e4umliche Anordnung.<\/p>\n<p>&nbsp;<\/p>\n<p>Mit 1 Finger z\u00fcgig von links nach rechts wischen<\/p>\n<p>Das n\u00e4chstfolgende Element wird ausgew\u00e4hlt und angesagt.<\/p>\n<p>&nbsp;<\/p>\n<p>Wiederholtes z\u00fcgiges Wischen mit 1 Finger von links nach rechts<\/p>\n<p>Der Cursor bewegt sich nach rechts von einem Element zum anderen und von einer Zeile zur anderen bis zum letzten Element des Bildschirms.<\/p>\n<p>&nbsp;<\/p>\n<p>Mit 1 Finger z\u00fcgig von rechts nach links wischen<\/p>\n<p>Das voranstehende Element wird ausgew\u00e4hlt und angesagt.<\/p>\n<p>Wiederholtes z\u00fcgiges Wischen mit 1 Finger von rechts nach links<\/p>\n<p>Der Cursor bewegt sich r\u00fcckw\u00e4rts nach links von einem Element zum<\/p>\n<p>anderen bis zum ersten Element auf dem Bildschirm.<\/p>\n<p>&nbsp;<\/p>\n<p>Mit 1 Finger zweimal tippen und liegen lassen<\/p>\n<p>Symbol oder Ordner verschieben<\/p>\n<p>&nbsp;<\/p>\n<p>Mit 1 Finger in der Statuszeile zweimal tippen<\/p>\n<p>An den Anfang bl\u00e4ttern<\/p>\n<p>&nbsp;<\/p>\n<p>Mit 1 Finger nach oben oder unten streichen<\/p>\n<p>Objekt in einem Einblendmen\u00fc w\u00e4hlen,<br \/>\nden Wert einer Skala \u00e4ndern,<br \/>\nDas vorige oder n\u00e4chste Element des Rotors ausw\u00e4hlen.<\/p>\n<p>&nbsp;<\/p>\n<h2>Gesten mit zwei Fingern<\/h2>\n<p>&nbsp;<\/p>\n<p>Mit 2 Fingern nach oben wischen<\/p>\n<p>Der Bildschirminhalt wird von oben bis zum Ende vorgelesen.<\/p>\n<p>&nbsp;<\/p>\n<p>Mit 2 Fingern nach unten wischen<\/p>\n<p>Der Bildschirminhalt wird ab der aktuellen Position des Cursors bis zum Ende vorgelesen.<\/p>\n<p>&nbsp;<\/p>\n<p>Mit 2 Fingern einmal tippen<\/p>\n<p>Pausenfunktion beim Vorlesen: Das Vorlesen wird unterbrochen und bei<\/p>\n<p>erneutem Tippen mit 2 Fingern wieder fortgesetzt.<\/p>\n<p>&nbsp;<\/p>\n<p>Mit 2 Fingern doppeltippen<\/p>\n<p>Wenn das Telefon klingelt: Anruf annehmen.<\/p>\n<p>Mit nochmaligem Doppeltippen Anruf beenden.<\/p>\n<p>Bei Musikwiedergabe: Wiedergabe anhalten\/fortsetzen.<\/p>\n<p>Im Bearbeitungsmodus: Diktat starten \/ Diktat beenden.<\/p>\n<p>&nbsp;<\/p>\n<p>Anmerkung: Wenn beim Telefonieren die Gespr\u00e4chspartnerin oder der Gespr\u00e4chspartner schneller auflegt und ich mache einen 2 Finger-Doppeltipp, kann es passieren, dass man die Musik, das Radio, einen Podcast etc. einschaltet. Was man zum Schluss geh\u00f6rt hat.<\/p>\n<p>&nbsp;<\/p>\n<p>Mit 2 Fingern zweimal tippen und liegen lassen<\/p>\n<p>Das fokussierte Element f\u00fcr VoiceOver umbenennen.<\/p>\n<p>&nbsp;<\/p>\n<p>Mit 2 Fingern dreifach tippen<\/p>\n<p>Blendet ein Suchfeld und eine alpha-betische Auflistung der Elemente ein<\/p>\n<p>&nbsp;<\/p>\n<p>2 leicht gespreizte Fingern im oder gegen den Uhrzeigersinn drehen<\/p>\n<p>Den Rotor im bzw. gegen den Uhrzeigersinn bewegen *<\/p>\n<p>&nbsp;<\/p>\n<p>2 Finger spreizen und den Abstand vergr\u00f6\u00dfern<\/p>\n<p>Markierung erweitern<\/p>\n<p>&nbsp;<\/p>\n<p>2 Finger spreizen und den Abstand verkleinern<\/p>\n<p>Markierung verringern<\/p>\n<p>&nbsp;<\/p>\n<p>Mit 2 Fingern eine Zickzack-Bewegung in Form eines Z durchf\u00fchren<\/p>\n<p>Die &#8222;Zur\u00fccktaste&#8220; aktivieren, falls vorhanden.<\/p>\n<p>&nbsp;<\/p>\n<h2>Gesten mit drei Fingern<\/h2>\n<p>&nbsp;<\/p>\n<p>Mit 3 Fingern doppeltippen<\/p>\n<p>Sprachausgabe ein-\/ausschalten.<\/p>\n<p>&nbsp;<\/p>\n<p>Mit 3 Fingern nach oben wischen<\/p>\n<p>Zum n\u00e4chsten Bildschirm bl\u00e4ttern; (den sichtbaren Bildschirminhalt gleichsam<\/p>\n<p>nach oben schieben).<\/p>\n<p>&nbsp;<\/p>\n<p>Mit 3 Fingern nach unten wischen<\/p>\n<p>Zum vorigen Bildschirm zur\u00fcck bl\u00e4ttern; (den sichtbaren Bildschirminhalt<\/p>\n<p>gleichsam nach unten schieben).<\/p>\n<p>&nbsp;<\/p>\n<p>Mit 3 Fingern nach links wischen<\/p>\n<p>Horizontal zum n\u00e4chsten Bildschirm bl\u00e4ttern.<\/p>\n<p>&nbsp;<\/p>\n<p>Mit 3 Fingern nach rechts wischen<\/p>\n<p>Horizontal Einen Bildschirm nach links bl\u00e4ttern.<\/p>\n<p>&nbsp;<\/p>\n<p>Mit 3 Fingern einmal tippen<\/p>\n<p>\u00dcberschrift der aktuellen Bildschirmseite und Position des Cursors wird<\/p>\n<p>angesagt.<\/p>\n<p>&nbsp;<\/p>\n<p>Mit 3 Fingern dreimal auf den Bildschirm tippen<\/p>\n<p>Bildschirmvorhang ein\/aus<\/p>\n<p>&nbsp;<\/p>\n<p>Mit 3 Fingern in der Statuszeile nach unten streichen<\/p>\n<p>Mitteilungszentrale einblenden<\/p>\n<p>&nbsp;<\/p>\n<p>Mit 3 Fingern viermal tippen<\/p>\n<p>Zuletzt gesprochenen Text in die Zwischenablage kopieren.<\/p>\n<p>&nbsp;<\/p>\n<h2>Gesten mit vier Fingern<\/h2>\n<p>&nbsp;<\/p>\n<p>Mit 4 Fingern auf den oberen Teil des Bildschirms tippen<\/p>\n<p>Das erste Element auf dem Bildschirm wird ausgew\u00e4hlt.<\/p>\n<p>&nbsp;<\/p>\n<p>Mit 4 Fingern auf den unteren Teil des Bildschirms tippen<\/p>\n<p>Das letzte Element auf dem Bildschirm wird angew\u00e4hlt.<\/p>\n<p>&nbsp;<\/p>\n<p>\u00a9 Gerhard Hojas, J\u00e4nner 2022<\/p>\n<h1>Bedienen des iPhone\u00b4s und iPad\u00b4s ohne Homebutton<\/h1>\n<p>&nbsp;<\/p>\n<p>Anmerkung: Man kann im Text mit den Schnellnavigationstasten von Screenreadern navigieren.<\/p>\n<p>&nbsp;<\/p>\n<p>iPhoneinfos . Bedienung eines iPhones ohne Homebutton<\/p>\n<p>&nbsp;<\/p>\n<p>Die X-Serie der iPhones von Apple hat keinen Homebutton mehr. Dies hat Folgen f\u00fcr die Bedienung des Ger\u00e4tes.<\/p>\n<p>&nbsp;<\/p>\n<p>Die unten angegebenen Gesten gelten auch f\u00fcr iPads, welche keinen Homebutton mehr haben.<\/p>\n<p>&nbsp;<\/p>\n<h2>Zum Entsperren des Bildschirms<\/h2>\n<p>&nbsp;<\/p>\n<p>Ger\u00e4t mit Homebutton<\/p>\n<p>Einmal den Homebutton dr\u00fccken<\/p>\n<p>&nbsp;<\/p>\n<p>Ger\u00e4t ohne Homebutton<\/p>\n<p>Mit einem Finger von ganz unten etwas in den Bildschirm fahren<\/p>\n<p>&nbsp;<\/p>\n<p>Ger\u00e4t ohne Homebutton mit aktiviertem VoiceOver<\/p>\n<p>Mit einem Finger vom unteren Bildschirmrand bis fast nach ganz oben fahren, bis man den zweiten Ton h\u00f6rt<\/p>\n<p>&nbsp;<\/p>\n<h2>Zur\u00fcck zum Startbildschirm<\/h2>\n<p>&nbsp;<\/p>\n<p>Ger\u00e4t mit Homebutton<\/p>\n<p>Einmal den Homebutton dr\u00fccken<\/p>\n<p>&nbsp;<\/p>\n<p>Ger\u00e4t ohne Homebutton<\/p>\n<p>Am linken unteren Bildschirmrand mit einem Finger etwas in den Bildschirm fahren<\/p>\n<p>&nbsp;<\/p>\n<p>Ger\u00e4t ohne Homebutton mit aktiviertem VoiceOver<\/p>\n<p>Am linken unteren Bildschirmrand mit einem Finger etwas in den Bildschirm fahren<\/p>\n<p>&nbsp;<\/p>\n<h2>App verlassen<\/h2>\n<p>&nbsp;<\/p>\n<p>Ger\u00e4t mit Homebutton<\/p>\n<p>Einmal den Homebutton dr\u00fccken<\/p>\n<p>&nbsp;<\/p>\n<p>Ger\u00e4t ohne Homebutton<\/p>\n<p>Mit einem Finger vom unteren Bildschirmrand im Bildschirm bis \u00fcber die H\u00e4lfte fahren<\/p>\n<p>&nbsp;<\/p>\n<p>Ger\u00e4t ohne Homebutton mit aktiviertem VoiceOver<\/p>\n<p>Vom unteren Bildschirmrand mit einem Finger kurz in den Bildschirm fahren<\/p>\n<p>&nbsp;<\/p>\n<h2>Siri starten<\/h2>\n<p>&nbsp;<\/p>\n<p>Ger\u00e4t mit Homebutton<\/p>\n<p>Lange den Homebutton dr\u00fccken<\/p>\n<p>&nbsp;<\/p>\n<p>Ger\u00e4t ohne Homebutton<\/p>\n<p>Lange auf den Ein- \/ Ausschaltknopf dr\u00fccken<\/p>\n<p>&nbsp;<\/p>\n<p>Ger\u00e4t ohne Homebutton mit aktiviertem VoiceOver<\/p>\n<p>Lange auf den Ein- \/ Ausschaltknopf dr\u00fccken (Auf der rechten oberen Seite)<\/p>\n<p>&nbsp;<\/p>\n<h2>Bedienungshilfen-Kurzbefehl<\/h2>\n<p>&nbsp;<\/p>\n<p>Ger\u00e4t mit Homebutton<\/p>\n<p>Dreimal kurz den Homebutton dr\u00fccken<\/p>\n<p>&nbsp;<\/p>\n<p>Ger\u00e4t ohne Homebutton<\/p>\n<p>Dreimal kurz auf den Ein- \/ Ausschaltknopf dr\u00fccken<\/p>\n<p>&nbsp;<\/p>\n<p>Ger\u00e4t ohne Homebutton mit aktiviertem VoiceOver<\/p>\n<p>Dreimal kurz auf den Ein- \/ Ausschaltknopf dr\u00fccken<\/p>\n<p>&nbsp;<\/p>\n<h2>Ein-Hand-Modus<\/h2>\n<p>&nbsp;<\/p>\n<p>Ger\u00e4t mit Homebutton<\/p>\n<p>Zweimal leicht auf den Homebutton tippen (nicht dr\u00fccken)<\/p>\n<p>&nbsp;<\/p>\n<p>Ger\u00e4t ohne Homebutton<\/p>\n<p>Mit einem Finger am unteren Bildschirmrand nach unten wischen<\/p>\n<p>&nbsp;<\/p>\n<h2>App-Umschalter<\/h2>\n<p>&nbsp;<\/p>\n<p>Ger\u00e4t mit Homebutton<\/p>\n<p>Zweimal auf den Homebutton dr\u00fccken<\/p>\n<p>&nbsp;<\/p>\n<p>Ger\u00e4t ohne Homebutton<\/p>\n<p>Mit einem Finger vom unteren Bildschirmrand etwas in den Bildschirm fahren<\/p>\n<p>&nbsp;<\/p>\n<p>Ger\u00e4t ohne Homebutton mit aktiviertem VoiceOver<\/p>\n<p>Mit einem Finger vom unteren Bildschirmrand etwas in den Bildschirm fahren \u2013 bis \u00fcber die H\u00e4lfte, bis man den dritten Ton h\u00f6rt<\/p>\n<p>&nbsp;<\/p>\n<h2>Mitteilungszentrale<\/h2>\n<p>&nbsp;<\/p>\n<p>Ger\u00e4t mit Homebutton<\/p>\n<p>Mit einem Finger vom oberen Bildschirmrand in den Bildschirm fahren<\/p>\n<p>&nbsp;<\/p>\n<p>Ger\u00e4t ohne Homebutton<\/p>\n<p>Mit einem Finger von der linken oberen Ecke in den Bildschirm fahren<\/p>\n<p>&nbsp;<\/p>\n<p>Ger\u00e4t ohne Homebutton mit aktiviertem VoiceOver<\/p>\n<p>Ein Element in der Statuszeile antippen und dann mit drei Finger von oben nach unten fahren<\/p>\n<p>&nbsp;<\/p>\n<h2>Kontrollzentrum<\/h2>\n<p>&nbsp;<\/p>\n<p>Ger\u00e4t mit Homebutton<\/p>\n<p>Mit einem Finger vom unteren Bildschirmrand in den Bildschirm fahren<\/p>\n<p>&nbsp;<\/p>\n<p>Ger\u00e4t ohne Homebutton<\/p>\n<p>Mit einem Finger von der rechten oberen Ecke in den Bildschirm fahren<\/p>\n<p>&nbsp;<\/p>\n<p>Ger\u00e4t ohne Homebutton mit aktiviertem VoiceOver<\/p>\n<p>Ein Element in der Statuszeile antippen und dann mit drei Finger von unten nach oben fahren<\/p>\n<p>&nbsp;<\/p>\n<p>\u00a9 Gerhard Hojas, J\u00e4nner 2022<\/p>\n","protected":false},"excerpt":{"rendered":"<p>Die VoiceOver-Gesten Die folgenden Infos\u00a0 enthalten die wichtigsten Gesten f\u00fcr VoiceOver und dienen vorwiegend zur Illustration des Konzepts und dessen Leistungsumfangs. Ich habe daher eine eher un\u00fcbliche Ordnung gew\u00e4hlt: Nach&#8230; <a class=\"read-more-button\" href=\"http:\/\/hojas.co.at\/blog\/iphoneinfos\/\">Lesen Sie mehr &gt;<\/a><\/p>\n","protected":false},"author":1,"featured_media":0,"parent":0,"menu_order":0,"comment_status":"closed","ping_status":"closed","template":"","meta":{"spay_email":""},"jetpack_sharing_enabled":true,"jetpack_shortlink":"https:\/\/wp.me\/PawkJb-s5","_links":{"self":[{"href":"http:\/\/hojas.co.at\/blog\/wp-json\/wp\/v2\/pages\/1741"}],"collection":[{"href":"http:\/\/hojas.co.at\/blog\/wp-json\/wp\/v2\/pages"}],"about":[{"href":"http:\/\/hojas.co.at\/blog\/wp-json\/wp\/v2\/types\/page"}],"author":[{"embeddable":true,"href":"http:\/\/hojas.co.at\/blog\/wp-json\/wp\/v2\/users\/1"}],"replies":[{"embeddable":true,"href":"http:\/\/hojas.co.at\/blog\/wp-json\/wp\/v2\/comments?post=1741"}],"version-history":[{"count":1,"href":"http:\/\/hojas.co.at\/blog\/wp-json\/wp\/v2\/pages\/1741\/revisions"}],"predecessor-version":[{"id":1742,"href":"http:\/\/hojas.co.at\/blog\/wp-json\/wp\/v2\/pages\/1741\/revisions\/1742"}],"wp:attachment":[{"href":"http:\/\/hojas.co.at\/blog\/wp-json\/wp\/v2\/media?parent=1741"}],"curies":[{"name":"wp","href":"https:\/\/api.w.org\/{rel}","templated":true}]}}