{"id":2014,"date":"2025-05-04T17:51:33","date_gmt":"2025-05-04T15:51:33","guid":{"rendered":"http:\/\/hojas.co.at\/blog\/?page_id=2014"},"modified":"2025-05-04T17:51:33","modified_gmt":"2025-05-04T15:51:33","slug":"sagen-fabeln","status":"publish","type":"page","link":"http:\/\/hojas.co.at\/blog\/sagen-fabeln\/","title":{"rendered":"Sagen &#038; Fabeln"},"content":{"rendered":"<h1>Sagen und Fabeln<\/h1>\n<p>&nbsp;<\/p>\n<p>Diese Seite bietet eine vielf\u00e4ltige Sammlung von Sagen und Fabeln. Sie umfasst Erz\u00e4hlungen aus verschiedenen Nationen und Bundesl\u00e4ndern sowie Heldensagen, Rittersagen, r\u00f6mische und griechische Mythen, tatarische Legenden und vieles mehr.<\/p>\n<p>Auch die Fabeln sind nach L\u00e4ndern und Autoren sortiert und stehen zum Download bereit.<\/p>\n<p>&nbsp;<\/p>\n<p>Zudem enth\u00e4lt die Sammlung die Geschichten und Legenden rund um Eulenspiegel, M\u00fcnchhausen und R\u00fcbezahl.<\/p>\n<p>&nbsp;<\/p>\n<p>Alle Dokumente liegen im Word-Format vor und k\u00f6nnen mit einem einfachen Mausklick heruntergeladen werden. Die Dateien werden vermutlich im Download-Ordner Deines PCs gespeichert.<\/p>\n<p>&nbsp;<\/p>\n<h1>Sagen<\/h1>\n<p>&nbsp;<\/p>\n<h2>Sagen aus \u00d6sterreich!<\/h2>\n<p>&nbsp;<\/p>\n<h3>Sagen aus Salzburg<\/h3>\n<p><a href=\"https:\/\/hojas.co.at\/extern\/sagen\/Salzburg.doc\">https:\/\/hojas.co.at\/extern\/sagen\/Salzburg.doc<\/a><\/p>\n<p>&nbsp;<\/p>\n<h3>Sagen aus dem Burgenland<\/h3>\n<p><a href=\"https:\/\/hojas.co.at\/extern\/sagen\/Burgenland.doc\">https:\/\/hojas.co.at\/extern\/sagen\/Burgenland.doc<\/a><\/p>\n<p>&nbsp;<\/p>\n<h3>Sagen aus der Steiermark<\/h3>\n<p><a href=\"https:\/\/hojas.co.at\/extern\/sagen\/Steirmark.doc\">https:\/\/hojas.co.at\/extern\/sagen\/Steirmark.doc<\/a><\/p>\n<p>&nbsp;<\/p>\n<h3>Sagen aus Tirol<\/h3>\n<p><a href=\"https:\/\/hojas.co.at\/extern\/sagen\/Tirol.doc\">https:\/\/hojas.co.at\/extern\/sagen\/Tirol.doc<\/a><\/p>\n<p>&nbsp;<\/p>\n<h3>Sagen aus Vorarlberg<\/h3>\n<p><a href=\"https:\/\/hojas.co.at\/extern\/sagen\/Vorarlberg.doc\">https:\/\/hojas.co.at\/extern\/sagen\/Vorarlberg.doc<\/a><\/p>\n<p>&nbsp;<\/p>\n<h3>Sagen aus Wien<\/h3>\n<p><a href=\"https:\/\/hojas.co.at\/extern\/sagen\/Wiensagen.doc\">https:\/\/hojas.co.at\/extern\/sagen\/Wiensagen.doc<\/a><\/p>\n<p>&nbsp;<\/p>\n<h3>Sagen aus K\u00e4rnten<\/h3>\n<p><a href=\"https:\/\/hojas.co.at\/extern\/sagen\/Kaernten.doc\">https:\/\/hojas.co.at\/extern\/sagen\/Kaernten.doc<\/a><\/p>\n<p>&nbsp;<\/p>\n<h3>Sagen aus Nieder\u00f6sterreich<\/h3>\n<p><a href=\"https:\/\/hojas.co.at\/extern\/sagen\/Niederoesterreich.doc\">https:\/\/hojas.co.at\/extern\/sagen\/Niederoesterreich.doc<\/a><\/p>\n<p>&nbsp;<\/p>\n<h3>Sagen aus Ober\u00f6sterreich<\/h3>\n<p><a href=\"https:\/\/hojas.co.at\/extern\/sagen\/Oberoesterreich.doc\">https:\/\/hojas.co.at\/extern\/sagen\/Oberoesterreich.doc<\/a><\/p>\n<p>&nbsp;<\/p>\n<h3>Sagen aus \u00d6sterreich (alle Bundesl\u00e4nder)<\/h3>\n<p><a href=\"https:\/\/hojas.co.at\/extern\/sagen\/Oesterreichsagen.doc\">https:\/\/hojas.co.at\/extern\/sagen\/Oesterreichsagen.doc<\/a><\/p>\n<p>&nbsp;<\/p>\n<h2>Sagen aus Deutschland<\/h2>\n<p>&nbsp;<\/p>\n<h3>Deutsche Heimatsagen<\/h3>\n<p><a href=\"https:\/\/hojas.co.at\/extern\/sagen\/Deutsche_Heimatsagen.doc\">https:\/\/hojas.co.at\/extern\/sagen\/Deutsche_Heimatsagen.doc<\/a><\/p>\n<p>&nbsp;<\/p>\n<h3>Deutsche Heldensagen<\/h3>\n<p><a href=\"https:\/\/hojas.co.at\/extern\/sagen\/Deutsche_Heldensagen.doc\">https:\/\/hojas.co.at\/extern\/sagen\/Deutsche_Heldensagen.doc<\/a><\/p>\n<p>&nbsp;<\/p>\n<h3>Sagen aus Bayern<\/h3>\n<p><a href=\"https:\/\/hojas.co.at\/extern\/sagen\/Bayern.doc\">https:\/\/hojas.co.at\/extern\/sagen\/Bayern.doc<\/a><\/p>\n<p>&nbsp;<\/p>\n<h3>Sagen aus Berlin<\/h3>\n<p><a href=\"https:\/\/hojas.co.at\/extern\/sagen\/Berlin.doc\">https:\/\/hojas.co.at\/extern\/sagen\/Berlin.doc<\/a><\/p>\n<p>&nbsp;<\/p>\n<h3>Sagen aus Brandenburg<\/h3>\n<p><a href=\"https:\/\/hojas.co.at\/extern\/sagen\/Brandenburg.doc\">https:\/\/hojas.co.at\/extern\/sagen\/Brandenburg.doc<\/a><\/p>\n<p>&nbsp;<\/p>\n<h3>Sagen aus Franken<\/h3>\n<p><a href=\"https:\/\/hojas.co.at\/extern\/sagen\/Franken.doc\">https:\/\/hojas.co.at\/extern\/sagen\/Franken.doc<\/a><\/p>\n<p>&nbsp;<\/p>\n<h3>Sagen aus dem Harz<\/h3>\n<p><a href=\"https:\/\/hojas.co.at\/extern\/sagen\/Harz.doc\">https:\/\/hojas.co.at\/extern\/sagen\/Harz.doc<\/a><\/p>\n<p>&nbsp;<\/p>\n<h3>Sagen aus Hessen<\/h3>\n<p><a href=\"https:\/\/hojas.co.at\/extern\/sagen\/Hessen.doc\">https:\/\/hojas.co.at\/extern\/sagen\/Hessen.doc<\/a><\/p>\n<p>&nbsp;<\/p>\n<h3>Sagen aus Mecklenburg<\/h3>\n<p><a href=\"https:\/\/hojas.co.at\/extern\/sagen\/Mecklenburg.doc\">https:\/\/hojas.co.at\/extern\/sagen\/Mecklenburg.doc<\/a><\/p>\n<p>&nbsp;<\/p>\n<h3>Sagen aus Miesenbach<\/h3>\n<p><a href=\"https:\/\/hojas.co.at\/extern\/sagen\/Miesenbach.doc\">https:\/\/hojas.co.at\/extern\/sagen\/Miesenbach.doc<\/a><\/p>\n<p>&nbsp;<\/p>\n<h3>Sagen aus Niedersachsen<\/h3>\n<p><a href=\"https:\/\/hojas.co.at\/extern\/sagen\/Niedersachsen.doc\">https:\/\/hojas.co.at\/extern\/sagen\/Niedersachsen.doc<\/a><\/p>\n<p>&nbsp;<\/p>\n<h3>Sagen aus der Pfalz<\/h3>\n<p><a href=\"https:\/\/hojas.co.at\/extern\/sagen\/Pfalz.doc\">https:\/\/hojas.co.at\/extern\/sagen\/Pfalz.doc<\/a><\/p>\n<p>&nbsp;<\/p>\n<h3>Sagen aus dem Rheinland<\/h3>\n<p><a href=\"https:\/\/hojas.co.at\/extern\/sagen\/Rheinland.doc\">https:\/\/hojas.co.at\/extern\/sagen\/Rheinland.doc<\/a><\/p>\n<p>&nbsp;<\/p>\n<h3>Sagen aus dem Saarland<\/h3>\n<p><a href=\"https:\/\/hojas.co.at\/extern\/sagen\/Saarland.doc\">https:\/\/hojas.co.at\/extern\/sagen\/Saarland.doc<\/a><\/p>\n<p>&nbsp;<\/p>\n<h3>Sagen aus Sachsen<\/h3>\n<p><a href=\"https:\/\/hojas.co.at\/extern\/sagen\/Sachsen.doc\">https:\/\/hojas.co.at\/extern\/sagen\/Sachsen.doc<\/a><\/p>\n<p>&nbsp;<\/p>\n<h3>Sagen aus Schleswig<\/h3>\n<p><a href=\"https:\/\/hojas.co.at\/extern\/sagen\/Schleswig.doc\">https:\/\/hojas.co.at\/extern\/sagen\/Schleswig.doc<\/a><\/p>\n<p>&nbsp;<\/p>\n<h3>Sagen aus Schwaben<\/h3>\n<p><a href=\"https:\/\/hojas.co.at\/extern\/sagen\/Schwaben.doc\">https:\/\/hojas.co.at\/extern\/sagen\/Schwaben.doc<\/a><\/p>\n<p>&nbsp;<\/p>\n<h3>Sagem aus dem Spessart<\/h3>\n<p><a href=\"https:\/\/hojas.co.at\/extern\/sagen\/Spessart_Sagenwelt.doc\">https:\/\/hojas.co.at\/extern\/sagen\/Spessart_Sagenwelt.doc<\/a><\/p>\n<p>&nbsp;<\/p>\n<h2>Sagen verschiedener Nationen<\/h2>\n<p>&nbsp;<\/p>\n<h3>Sagen aus England<\/h3>\n<p><a href=\"https:\/\/hojas.co.at\/extern\/sagen\/England.doc\">https:\/\/hojas.co.at\/extern\/sagen\/England.doc<\/a><\/p>\n<p>&nbsp;<\/p>\n<h3>Sagen aus Frankreich<\/h3>\n<p><a href=\"https:\/\/hojas.co.at\/extern\/sagen\/Frankreich.doc\">https:\/\/hojas.co.at\/extern\/sagen\/Frankreich.doc<\/a><\/p>\n<p>&nbsp;<\/p>\n<h3>Sagen aus Liechtenstein<\/h3>\n<p><a href=\"https:\/\/hojas.co.at\/extern\/sagen\/Liechtenstein.doc\">https:\/\/hojas.co.at\/extern\/sagen\/Liechtenstein.doc<\/a><\/p>\n<p>&nbsp;<\/p>\n<h3>Sagen aus Polen<\/h3>\n<p><a href=\"https:\/\/hojas.co.at\/extern\/sagen\/Polen.doc\">https:\/\/hojas.co.at\/extern\/sagen\/Polen.doc<\/a><\/p>\n<p>&nbsp;<\/p>\n<h3>Sagen aus Pommern<\/h3>\n<p><a href=\"https:\/\/hojas.co.at\/extern\/sagen\/Pommern.doc\">https:\/\/hojas.co.at\/extern\/sagen\/Pommern.doc<\/a><\/p>\n<p>&nbsp;<\/p>\n<h3>Sagen aus Posen<\/h3>\n<p><a href=\"https:\/\/hojas.co.at\/extern\/sagen\/Posen.doc\">https:\/\/hojas.co.at\/extern\/sagen\/Posen.doc<\/a><\/p>\n<p>&nbsp;<\/p>\n<h3>Sagen aus Schlesien<\/h3>\n<p><a href=\"https:\/\/hojas.co.at\/extern\/sagen\/Schlesien.doc\">https:\/\/hojas.co.at\/extern\/sagen\/Schlesien.doc<\/a><\/p>\n<p>&nbsp;<\/p>\n<h3>Sagen aus der Schweiz<\/h3>\n<p><a href=\"https:\/\/hojas.co.at\/extern\/sagen\/Schweiz.doc\">https:\/\/hojas.co.at\/extern\/sagen\/Schweiz.doc<\/a><\/p>\n<p>&nbsp;<\/p>\n<h3>Sagen aus Slowenien<\/h3>\n<p><a href=\"https:\/\/hojas.co.at\/extern\/sagen\/Slowenien.doc\">https:\/\/hojas.co.at\/extern\/sagen\/Slowenien.doc<\/a><\/p>\n<p>&nbsp;<\/p>\n<h3>Sagen aus Spanien<\/h3>\n<p><a href=\"https:\/\/hojas.co.at\/extern\/sagen\/Spanien.doc\">https:\/\/hojas.co.at\/extern\/sagen\/Spanien.doc<\/a><\/p>\n<p>&nbsp;<\/p>\n<h2>Verschiedene Sagen<\/h2>\n<p>&nbsp;<\/p>\n<h3>Griechische Sagen<\/h3>\n<p><a href=\"https:\/\/hojas.co.at\/extern\/sagen\/Griechische_Sagen.doc\">https:\/\/hojas.co.at\/extern\/sagen\/Griechische_Sagen.doc<\/a><\/p>\n<p>&nbsp;<\/p>\n<h3>Heldensagen<\/h3>\n<p><a href=\"https:\/\/hojas.co.at\/extern\/sagen\/Heldensagen.doc\">https:\/\/hojas.co.at\/extern\/sagen\/Heldensagen.doc<\/a><\/p>\n<p>&nbsp;<\/p>\n<h3>Historische Sagen<\/h3>\n<p><a href=\"https:\/\/hojas.co.at\/extern\/sagen\/Historische_Sagen.doc\">https:\/\/hojas.co.at\/extern\/sagen\/Historische_Sagen.doc<\/a><\/p>\n<p>&nbsp;<\/p>\n<h3>Hoimanns Erzaehlungen<\/h3>\n<p><a href=\"https:\/\/hojas.co.at\/extern\/sagen\/Hoimanns_Erzaehlungen.doc\">https:\/\/hojas.co.at\/extern\/sagen\/Hoimanns_Erzaehlungen.doc<\/a><\/p>\n<p>&nbsp;<\/p>\n<h3>Nordische Sagen<\/h3>\n<p><a href=\"https:\/\/hojas.co.at\/extern\/sagen\/Nordische_Sagen.doc\">https:\/\/hojas.co.at\/extern\/sagen\/Nordische_Sagen.doc<\/a><\/p>\n<p>&nbsp;<\/p>\n<h3>Rittersagen<\/h3>\n<p><a href=\"https:\/\/hojas.co.at\/extern\/sagen\/Rittersagen.doc\">https:\/\/hojas.co.at\/extern\/sagen\/Rittersagen.doc<\/a><\/p>\n<p>&nbsp;<\/p>\n<h3>R\u00f6mische Sagen<\/h3>\n<p><a href=\"https:\/\/hojas.co.at\/extern\/sagen\/Roeemische_Sagen.doc\">https:\/\/hojas.co.at\/extern\/sagen\/Roeemische_Sagen.doc<\/a><\/p>\n<p>&nbsp;<\/p>\n<h3>Tatarische Sagen<\/h3>\n<p><a href=\"https:\/\/hojas.co.at\/extern\/sagen\/Tatarische_Sagen.doc\">https:\/\/hojas.co.at\/extern\/sagen\/Tatarische_Sagen.doc<\/a><\/p>\n<p>&nbsp;<\/p>\n<h2>Sagen und Legenden von Eulenspiegel, R\u00fcbezahl und M\u00fcnchhausen<\/h2>\n<p>&nbsp;<\/p>\n<h3>Die Legenden von R\u00fcbezahl<\/h3>\n<p><a href=\"https:\/\/hojas.co.at\/extern\/sagen\/Die_Legenden_vom_Ruebezahl.doc\">https:\/\/hojas.co.at\/extern\/sagen\/Die_Legenden_vom_Ruebezahl.doc<\/a><\/p>\n<p>&nbsp;<\/p>\n<h3>Die Erz\u00e4hlungen von Till Eulenspiegel<\/h3>\n<p><a href=\"https:\/\/hojas.co.at\/extern\/sagen\/Till_Eulenspiegel.doc\">https:\/\/hojas.co.at\/extern\/sagen\/Till_Eulenspiegel.doc<\/a><\/p>\n<p>&nbsp;<\/p>\n<h3>Die Geschichten vom Freiherr von M\u00fcnchhausen<\/h3>\n<p><a href=\"https:\/\/hojas.co.at\/extern\/sagen\/Freiherrn_von_Muenchhausen.doc\">https:\/\/hojas.co.at\/extern\/sagen\/Freiherrn_von_Muenchhausen.doc<\/a><\/p>\n<p>&nbsp;<\/p>\n<h1>Fabeln<\/h1>\n<p>&nbsp;<\/p>\n<h3>Fabeln antiker Dichter<\/h3>\n<p><a href=\"https:\/\/hojas.co.at\/extern\/fabel\/Fabeln_antiker_Dichter.doc\">https:\/\/hojas.co.at\/extern\/fabel\/Fabeln_antiker_Dichter.doc<\/a><\/p>\n<p>&nbsp;<\/p>\n<h3>Fabeln aus Afrika<\/h3>\n<p><a href=\"https:\/\/hojas.co.at\/extern\/fabel\/Fabeln_aus_Afrika.doc\">https:\/\/hojas.co.at\/extern\/fabel\/Fabeln_aus_Afrika.doc<\/a><\/p>\n<p>&nbsp;<\/p>\n<h3>Fabeln aus Asien<\/h3>\n<p><a href=\"https:\/\/hojas.co.at\/extern\/fabel\/Fabeln_aus_Asien.doc\">https:\/\/hojas.co.at\/extern\/fabel\/Fabeln_aus_Asien.doc<\/a><\/p>\n<p>&nbsp;<\/p>\n<h3>Fabeln aus Deutschland<\/h3>\n<p><a href=\"https:\/\/hojas.co.at\/extern\/fabel\/Fabeln_aus_Deutschland.doc\">https:\/\/hojas.co.at\/extern\/fabel\/Fabeln_aus_Deutschland.doc<\/a><\/p>\n<p>&nbsp;<\/p>\n<h3>Fabeln aus Europa<\/h3>\n<p><a href=\"https:\/\/hojas.co.at\/extern\/fabel\/Fabeln_aus_Europa.doc\">https:\/\/hojas.co.at\/extern\/fabel\/Fabeln_aus_Europa.doc<\/a><\/p>\n<p>&nbsp;<\/p>\n<h3>Fabeln von Abraham a Santa Clara<\/h3>\n<p><a href=\"https:\/\/hojas.co.at\/extern\/fabel\/Fabeln_von_Abraham_a_Santa_Clara.doc\">https:\/\/hojas.co.at\/extern\/fabel\/Fabeln_von_Abraham_a_Santa_Clara.doc<\/a><\/p>\n<p>&nbsp;<\/p>\n<h3>Fabeln von Aesop<\/h3>\n<p><a href=\"https:\/\/hojas.co.at\/extern\/fabel\/Fabeln_von_Aesop.doc\">https:\/\/hojas.co.at\/extern\/fabel\/Fabeln_von_Aesop.doc<\/a><\/p>\n<p>&nbsp;<\/p>\n<h3>Fabeln von La Fontaine<\/h3>\n<p><a href=\"https:\/\/hojas.co.at\/extern\/fabel\/Fabeln_von_La_Fontaine.doc\">https:\/\/hojas.co.at\/extern\/fabel\/Fabeln_von_La_Fontaine.doc<\/a><\/p>\n<p>&nbsp;<\/p>\n<h3>Fabeln von Lessing<\/h3>\n<p><a href=\"https:\/\/hojas.co.at\/extern\/fabel\/Fabeln_von_Lessing.doc\">https:\/\/hojas.co.at\/extern\/fabel\/Fabeln_von_Lessing.doc<\/a><\/p>\n<p>&nbsp;<\/p>\n<h3>Fabeln von Novalis<\/h3>\n<p><a href=\"https:\/\/hojas.co.at\/extern\/fabel\/Fabeln_von_Novalis.doc\">https:\/\/hojas.co.at\/extern\/fabel\/Fabeln_von_Novalis.doc<\/a><\/p>\n<p>&nbsp;<\/p>\n<h3>Fabeln Andere<\/h3>\n<p><a href=\"https:\/\/hojas.co.at\/extern\/fabel\/Fabeln_Andere.doc\">https:\/\/hojas.co.at\/extern\/fabel\/Fabeln_Andere.doc<\/a><\/p>\n<p>&nbsp;<\/p>\n<p>\u00a9 Mai 2025 by Gerhard Hojas<\/p>\n","protected":false},"excerpt":{"rendered":"<p>Sagen und Fabeln &nbsp; Diese Seite bietet eine vielf\u00e4ltige Sammlung von Sagen und Fabeln. Sie umfasst Erz\u00e4hlungen aus verschiedenen Nationen und Bundesl\u00e4ndern sowie Heldensagen, Rittersagen, r\u00f6mische und griechische Mythen, tatarische&#8230; <a class=\"read-more-button\" href=\"http:\/\/hojas.co.at\/blog\/sagen-fabeln\/\">Lesen Sie mehr &gt;<\/a><\/p>\n","protected":false},"author":1,"featured_media":0,"parent":0,"menu_order":0,"comment_status":"closed","ping_status":"closed","template":"","meta":{"spay_email":""},"jetpack_sharing_enabled":true,"jetpack_shortlink":"https:\/\/wp.me\/PawkJb-wu","_links":{"self":[{"href":"http:\/\/hojas.co.at\/blog\/wp-json\/wp\/v2\/pages\/2014"}],"collection":[{"href":"http:\/\/hojas.co.at\/blog\/wp-json\/wp\/v2\/pages"}],"about":[{"href":"http:\/\/hojas.co.at\/blog\/wp-json\/wp\/v2\/types\/page"}],"author":[{"embeddable":true,"href":"http:\/\/hojas.co.at\/blog\/wp-json\/wp\/v2\/users\/1"}],"replies":[{"embeddable":true,"href":"http:\/\/hojas.co.at\/blog\/wp-json\/wp\/v2\/comments?post=2014"}],"version-history":[{"count":1,"href":"http:\/\/hojas.co.at\/blog\/wp-json\/wp\/v2\/pages\/2014\/revisions"}],"predecessor-version":[{"id":2015,"href":"http:\/\/hojas.co.at\/blog\/wp-json\/wp\/v2\/pages\/2014\/revisions\/2015"}],"wp:attachment":[{"href":"http:\/\/hojas.co.at\/blog\/wp-json\/wp\/v2\/media?parent=2014"}],"curies":[{"name":"wp","href":"https:\/\/api.w.org\/{rel}","templated":true}]}}