{"id":2038,"date":"2025-05-21T08:51:32","date_gmt":"2025-05-21T06:51:32","guid":{"rendered":"https:\/\/hojas.co.at\/blog\/?page_id=2038"},"modified":"2026-03-26T21:44:09","modified_gmt":"2026-03-26T19:44:09","slug":"barrierefrei-in-linz","status":"publish","type":"page","link":"http:\/\/hojas.co.at\/blog\/barrierefrei-in-linz\/","title":{"rendered":"Barrierefreie Lokale  und Hotels in Linz"},"content":{"rendered":"<h1>Barrierefreie Lokale und Hotels in Linz und Umgebung!<\/h1>\n<p><strong>\u00a0<\/strong><\/p>\n<p><strong>Diese Liste erhebt keinen Anspruch auf Vollst\u00e4ndigkeit und wird nicht fortlaufend aktualisiert. Sie enth\u00e4lt ausschlie\u00dflich Lokale, die f\u00fcr ihre Qualit\u00e4t und ihren Service bekannt sind. Betriebe, in denen das Personal oder die Qualit\u00e4t nicht den erwarteten Standards entsprechen, sind hier nicht aufgef\u00fchrt. Ebenso finden sich keine Lokale in dieser Liste, die Menschen mit Behinderung diskriminieren.<\/strong><\/p>\n<h2>Legende:<\/h2>\n<p><strong>\u00a0<\/strong><\/p>\n<p><strong>BfZ = Barrierefreier Zugang<\/strong><\/p>\n<p><strong>B-WC = Behinderten WC<\/strong><\/p>\n<p><strong>\u00a0<\/strong><\/p>\n<h1>Lokale, Gasth\u00e4user und Cafe\u00b4s<\/h1>\n<p>&nbsp;<\/p>\n<h2>Lokale in der Linzer Innenstadt<\/h2>\n<p>&nbsp;<\/p>\n<table width=\"605\">\n<tbody>\n<tr>\n<td width=\"151\"><strong>Name<\/strong><\/td>\n<td width=\"151\"><strong>Adresse<\/strong><\/td>\n<td width=\"76\"><strong>BfZ<\/strong><\/td>\n<td width=\"76\"><strong>B-WC<\/strong><\/td>\n<td width=\"151\"><strong>Anmerkungen<\/strong><\/td>\n<\/tr>\n<tr>\n<td width=\"151\">Pianino<\/td>\n<td width=\"151\">Landstra\u00dfe 13<\/p>\n<p>4020 Linz<\/td>\n<td width=\"76\">Ja<\/td>\n<td width=\"76\">Nein<\/td>\n<td width=\"151\">Zugang mit Rampe<\/td>\n<\/tr>\n<tr>\n<td width=\"151\">Cafe Traxlmayr<\/td>\n<td width=\"151\">Promenade 16<\/p>\n<p>4020 Linz<\/td>\n<td width=\"76\">Ja<\/td>\n<td width=\"76\">Ja<\/td>\n<td width=\"151\"><\/td>\n<\/tr>\n<tr>\n<td width=\"151\">Klosterhof<\/td>\n<td width=\"151\">Landstra\u00dfe 30<\/p>\n<p>4020 Linz<\/td>\n<td width=\"76\">Ja<\/td>\n<td width=\"76\">Ja<\/td>\n<td width=\"151\">Wickeltisch<\/td>\n<\/tr>\n<tr>\n<td width=\"151\">Cafe Central<\/td>\n<td width=\"151\">Landstra\u00dfe 36<\/p>\n<p>4020 Linz<\/td>\n<td width=\"76\">Ja<\/td>\n<td width=\"76\">Nein<\/td>\n<td width=\"151\">Stufen zum WC<\/td>\n<\/tr>\n<tr>\n<td width=\"151\">Restaurant Rauner<\/td>\n<td width=\"151\">Krausstra\u00dfe 16<\/p>\n<p>4020 Linz<\/p>\n<p>&nbsp;<\/td>\n<td width=\"76\">Ja<\/td>\n<td width=\"76\">Ja<\/td>\n<td width=\"151\"><\/td>\n<\/tr>\n<tr>\n<td width=\"151\">Cubus<\/td>\n<td width=\"151\">Ars-Electronica- Stra\u00dfe 1, 4040 Linz<\/td>\n<td width=\"76\">Ja<\/td>\n<td width=\"76\">Ja<\/td>\n<td width=\"151\"><\/td>\n<\/tr>\n<tr>\n<td width=\"151\">Das Anton<\/td>\n<td width=\"151\">Am Volksgarten 1<\/p>\n<p>4020 Linz<\/td>\n<td width=\"76\">Ja<\/td>\n<td width=\"76\">Ja<\/td>\n<td width=\"151\"><\/td>\n<\/tr>\n<tr>\n<td width=\"151\">Lentos restaurant<\/td>\n<td width=\"151\">Ernst-Koref-Promenade 1, 4020 LInz<\/td>\n<td width=\"76\">Ja<\/td>\n<td width=\"76\">Ja<\/td>\n<td width=\"151\"><\/td>\n<\/tr>\n<tr>\n<td width=\"151\">Cafe Viele Leute<\/td>\n<td width=\"151\">Pfarrplatz 4<\/p>\n<p>4020 Linz<\/td>\n<td width=\"76\">Ja<\/td>\n<td width=\"76\">Ja<\/td>\n<td width=\"151\"><\/td>\n<\/tr>\n<tr>\n<td width=\"151\">Pauls steak &amp; veggi<\/td>\n<td width=\"151\">Am Domplatz 3<\/p>\n<p>4020 Linz<\/td>\n<td width=\"76\">Ja<\/td>\n<td width=\"76\">Ja<\/td>\n<td width=\"151\"><\/td>\n<\/tr>\n<tr>\n<td width=\"151\">Stadtliebe (Ursulinenhof)<\/td>\n<td width=\"151\">Landstra\u00dfe 31<\/p>\n<p>4020 Linz<\/td>\n<td width=\"76\">Ja<\/td>\n<td width=\"76\">Ja<\/td>\n<td width=\"151\">Wickeltisch<\/td>\n<\/tr>\n<tr>\n<td width=\"151\">Cafe Stern<\/td>\n<td width=\"151\">Graben 30<\/p>\n<p>4020 Linz<\/td>\n<td width=\"76\">Ja<\/td>\n<td width=\"76\">Ja<\/td>\n<td width=\"151\">Restaurant im Obergeschoss<\/td>\n<\/tr>\n<tr>\n<td width=\"151\">Cafe Gutmut<\/td>\n<td width=\"151\">Bischofstra\u00dfe 11<\/p>\n<p>4020 Linz<\/td>\n<td width=\"76\">Ja<\/td>\n<td width=\"76\">Ja<\/td>\n<td width=\"151\">Elektrischer T\u00fcr\u00f6ffner<\/td>\n<\/tr>\n<tr>\n<td width=\"151\">Bigoli<\/td>\n<td width=\"151\">OK-Platz 1<\/p>\n<p>4020 Linz<\/p>\n<p>&nbsp;<\/td>\n<td width=\"76\">Ja<\/td>\n<td width=\"76\">Ja<\/td>\n<td width=\"151\">B-WC auch im Passagekaufhaus<\/td>\n<\/tr>\n<tr>\n<td width=\"151\">Heuschober am Markt<\/td>\n<td width=\"151\">Marktplatz 13<\/p>\n<p>4020 Linz<\/td>\n<td width=\"76\">Ja,<\/p>\n<p>Eng<\/td>\n<td width=\"76\">Nein<\/td>\n<td width=\"151\">B-WC am S\u00fcdbahnmarkt<\/td>\n<\/tr>\n<tr>\n<td width=\"151\">Restaurant Essig\u00b4s<\/td>\n<td width=\"151\">Niederreithstr. 35b<\/p>\n<p>4020 Linz<\/td>\n<td width=\"76\">Ja<\/td>\n<td width=\"76\">Ja<\/td>\n<td width=\"151\"><\/td>\n<\/tr>\n<tr>\n<td width=\"151\">Uferei<\/td>\n<td width=\"151\">Untere Donau-l\u00e4nde 9, 4020 Linz<\/td>\n<td width=\"76\">Ja<\/td>\n<td width=\"76\">Ja<\/td>\n<td width=\"151\">B-WC im Keller mit Lift erreichbar<\/td>\n<\/tr>\n<tr>\n<td width=\"151\">Schlossbrasserie<\/td>\n<td width=\"151\">Schlossberg 1a<\/p>\n<p>4020 Linz<\/td>\n<td width=\"76\">Ja<\/td>\n<td width=\"76\">Ja<\/td>\n<td width=\"151\">Lift nur zu Museum zeiten aktiv.<\/td>\n<\/tr>\n<tr>\n<td width=\"151\">Wirtshaus Keinzel<\/td>\n<td width=\"151\">Rathausgasse 8<\/p>\n<p>4020 Linz<\/td>\n<td width=\"76\">Ja<\/td>\n<td width=\"76\">Nein<\/td>\n<td width=\"151\">BehindertenWC am Hauptplatz<\/td>\n<\/tr>\n<tr>\n<td width=\"151\">Jack the Ripperl<\/td>\n<td width=\"151\">Landstra\u00dfe 11<\/p>\n<p>4020 Linz<\/td>\n<td width=\"76\">Ja<\/td>\n<td width=\"76\">Ja<\/td>\n<td width=\"151\">Taubenmarkt<\/td>\n<\/tr>\n<tr>\n<td width=\"151\">La Madrina<\/td>\n<td width=\"151\">Hafferlstra\u00dfe 5<\/p>\n<p>4020 Linz<\/td>\n<td width=\"76\">Ja<\/td>\n<td width=\"76\">Ja<\/td>\n<td width=\"151\"><\/td>\n<\/tr>\n<tr>\n<td width=\"151\">Alte Metzgerrei<\/td>\n<td width=\"151\">Herrenstra\u00dfe 5<\/p>\n<p>4020 Linz<\/td>\n<td width=\"76\">Ja<\/td>\n<td width=\"76\">Nein<\/td>\n<td width=\"151\">Behinderten WC Promenade<\/td>\n<\/tr>\n<tr>\n<td width=\"151\">Dean&amp;david<\/td>\n<td width=\"151\">Hauptplatz 30<\/p>\n<p>4020 Linz<\/td>\n<td width=\"76\">Ja<\/td>\n<td width=\"76\">Nein<\/td>\n<td width=\"151\"><\/td>\n<\/tr>\n<tr>\n<td width=\"151\">L&#8217;Osteria Linz<\/td>\n<td width=\"151\">Promenade 22<\/p>\n<p>4020 Linz<\/td>\n<td width=\"76\">Ja<\/td>\n<td width=\"76\">Ja<\/td>\n<td width=\"151\"><\/td>\n<\/tr>\n<tr>\n<td width=\"151\">Gustavs<\/td>\n<td width=\"151\">K\u00e4rntnerstra\u00dfe 26<\/p>\n<p>4020 Linz<\/td>\n<td width=\"76\">Ja<\/td>\n<td width=\"76\">Ja<\/td>\n<td width=\"151\">Beim Wissensturm<\/td>\n<\/tr>\n<tr>\n<td width=\"151\">Stellwerk Cafe<\/td>\n<td width=\"151\">Bahnhofplatz 3 \u2013 6<\/p>\n<p>4020 Linz<\/td>\n<td width=\"76\">Ja<\/td>\n<td width=\"76\">Nein<\/td>\n<td width=\"151\">Behinderten WC im Bahnhof<\/td>\n<\/tr>\n<tr>\n<td width=\"151\">Cafe Volksgarten<\/td>\n<td width=\"151\">Am Volksgarten 1<\/p>\n<p>4020<\/td>\n<td width=\"76\">Ja<\/td>\n<td width=\"76\">Ja<\/td>\n<td width=\"151\">Im Erdgeschoss\u00a0 des Musiktheaters<\/td>\n<\/tr>\n<tr>\n<td width=\"151\">Casino Restaurant Linz<\/td>\n<td width=\"151\">Rainerstra\u00dfe 2 \u2013 4<\/p>\n<p>4020 Linz<\/td>\n<td width=\"76\">Ja<\/td>\n<td width=\"76\">Ja<\/td>\n<td width=\"151\"><\/td>\n<\/tr>\n<tr>\n<td width=\"151\">Die offene Kantine<\/td>\n<td width=\"151\">Hauptstra\u00dfe 1<\/p>\n<p>4040 Linz<\/td>\n<td width=\"76\">Ja<\/td>\n<td width=\"76\">Ja<\/td>\n<td width=\"151\">Zugang \u00fcber die\u00a0 Fiedlerstra\u00dfe<\/td>\n<\/tr>\n<tr>\n<td width=\"151\">Gelbes Krokodil<\/td>\n<td width=\"151\">Dametzstra\u00dfe 30<\/p>\n<p>4020 Linz<\/td>\n<td width=\"76\">Ja<\/td>\n<td width=\"76\">Ja<\/td>\n<td width=\"151\"><\/td>\n<\/tr>\n<tr>\n<td width=\"151\">Horizont<\/td>\n<td width=\"151\">Wiener Stra\u00dfe 120<\/p>\n<p>4020 Linz<\/td>\n<td width=\"76\">Ja<\/td>\n<td width=\"76\">Ja<\/td>\n<td width=\"151\">Im WIFI Selbstbedienung<\/td>\n<\/tr>\n<tr>\n<td width=\"151\">Restaurant Orpheus<\/td>\n<td width=\"151\">Dametzstra\u00dfe 23<\/p>\n<p>4020 Linz<\/td>\n<td width=\"76\">Ja<\/td>\n<td width=\"76\">Ja<\/td>\n<td width=\"151\">Museum Nordico<\/td>\n<\/tr>\n<tr>\n<td width=\"151\">H<\/p>\n<p>Johann\u00b4s bei Winkler<\/td>\n<td width=\"151\">Landstra\u00dfe 27<\/p>\n<p>4020 Linz<\/td>\n<td width=\"76\">Ja<\/td>\n<td width=\"76\">Ja<\/td>\n<td width=\"151\">Lift<\/td>\n<\/tr>\n<tr>\n<td width=\"151\">Cafe Danecker<\/td>\n<td width=\"151\">Promenade 3<\/p>\n<p>4020 Linz<\/td>\n<td width=\"76\">Ja<\/td>\n<td width=\"76\">Ja<\/td>\n<td width=\"151\">Lift<\/td>\n<\/tr>\n<tr>\n<td width=\"151\">My Indigo<\/td>\n<td width=\"151\">Promenade 22<\/p>\n<p>4020 Linz<\/td>\n<td width=\"76\">Ja<\/td>\n<td width=\"76\">Nein<\/td>\n<td width=\"151\">Behinderten WC in der Promenaden Galerie<\/td>\n<\/tr>\n<tr>\n<td width=\"151\">Gasthaus Keferfeld<\/td>\n<td width=\"151\">Landwiedstra\u00dfe 65<\/p>\n<p>4020 Linz<\/td>\n<td width=\"76\">Ja<\/td>\n<td width=\"76\">Ja<\/td>\n<td width=\"151\">Im Volkshaus Keferfeld<\/td>\n<\/tr>\n<tr>\n<td width=\"151\">Restaurant Square<\/td>\n<td width=\"151\">Hessenplatz 16 \u2013 18, 4020 Linz<\/td>\n<td width=\"76\">Ja<\/td>\n<td width=\"76\">Ja<\/td>\n<td width=\"151\">Im Hotel Park Inn,<\/p>\n<p>Hessenplatz<\/td>\n<\/tr>\n<tr>\n<td width=\"151\">Restaurant Kitchen and Bar<\/td>\n<td width=\"151\">Europaplatz 2<\/p>\n<p>4020 Linz<\/td>\n<td width=\"76\">Ja<\/td>\n<td width=\"76\">Ja<\/td>\n<td width=\"151\">Im Hotel Courtyard by Marriott<\/td>\n<\/tr>\n<tr>\n<td width=\"151\">Restaurant Donauwelle<\/td>\n<td width=\"151\">Am Winterhafen 13, 4020 Linz<\/td>\n<td width=\"76\">Ja<\/td>\n<td width=\"76\">Ja<\/td>\n<td width=\"151\">Im Hotel Donauwelle am Winterhafen<\/td>\n<\/tr>\n<tr>\n<td width=\"151\">Cafe Bistro Felix Ganglberger<\/td>\n<td width=\"151\">Hessenplatz 3<\/p>\n<p>4020 Linz<\/td>\n<td width=\"76\">Ja<\/td>\n<td width=\"76\">Ja<\/td>\n<td width=\"151\">In der WKO<\/td>\n<\/tr>\n<\/tbody>\n<\/table>\n<p>&nbsp;<\/p>\n<p>&nbsp;<\/p>\n<p>&nbsp;<\/p>\n<p>&nbsp;<\/p>\n<p>&nbsp;<\/p>\n<table width=\"605\">\n<tbody>\n<tr>\n<td colspan=\"5\" width=\"605\">\n<h2>Lokale im S\u00fcden von Linz<\/h2>\n<\/td>\n<\/tr>\n<tr>\n<td width=\"151\"><strong>Name<\/strong><\/td>\n<td width=\"151\"><strong>Adresse<\/strong><\/td>\n<td width=\"76\"><strong>BfZ<\/strong><\/td>\n<td width=\"76\"><strong>B-WC<\/strong><\/td>\n<td width=\"151\"><strong>Anmerkungen<\/strong><\/td>\n<\/tr>\n<tr>\n<td width=\"151\">Stadtwirt<\/td>\n<td width=\"151\">Wiener Stra\u00dfe 489<\/p>\n<p>4030 Linz<\/td>\n<td width=\"76\">Ja<\/td>\n<td width=\"76\">Ja<\/td>\n<td width=\"151\">Direkt in Ebelsberg<\/td>\n<\/tr>\n<tr>\n<td width=\"151\">Amano<\/td>\n<td width=\"151\">Lunaplatz 4<\/p>\n<p>4030 Linz<\/td>\n<td width=\"76\">Ja<\/td>\n<td width=\"76\">Ja<\/td>\n<td width=\"151\">Volkshaus Pichling<\/td>\n<\/tr>\n<tr>\n<td width=\"151\">Atrio<\/td>\n<td width=\"151\">Dauphinestra\u00dfe 19<\/p>\n<p>4030 Linz<\/td>\n<td width=\"76\">Ja<\/td>\n<td width=\"76\">Ja<\/td>\n<td width=\"151\">Volkshaus Auwiesen, Kegelbahnen<\/td>\n<\/tr>\n<tr>\n<td width=\"151\">Restaurant \u201cDA GIULIO\u201d Cucina Italiana<\/td>\n<td width=\"151\">Wiener Stra\u00dfe 485<\/p>\n<p>4030 Linz<\/td>\n<td width=\"76\">Ja<\/td>\n<td width=\"76\">Ja<\/td>\n<td width=\"151\">Im Best Western Hotel Spinerei Linz<\/td>\n<\/tr>\n<tr>\n<td width=\"151\">Gasthaus L\u00f6wenfeld<\/td>\n<td width=\"151\">Wiener Stra\u00dfe 441<\/p>\n<p>4030 Linz<\/td>\n<td width=\"76\">Ja<\/td>\n<td width=\"76\">Ja<\/td>\n<td width=\"151\">Umfeld: Minigolf, Schie\u00dfanlage<\/td>\n<\/tr>\n<\/tbody>\n<\/table>\n<p>&nbsp;<\/p>\n<h2>Lokale in der N\u00e4he von Linz<\/h2>\n<p>&nbsp;<\/p>\n<table width=\"605\">\n<tbody>\n<tr>\n<td width=\"151\"><strong>Name<\/strong><\/td>\n<td width=\"151\"><strong>Adresse<\/strong><\/td>\n<td width=\"76\"><strong>BfZ<\/strong><\/td>\n<td width=\"76\"><strong>B-WC<\/strong><\/td>\n<td width=\"151\"><strong>Anmerkungen<\/strong><\/td>\n<\/tr>\n<tr>\n<td width=\"151\">Gasthof Strau\u00df<\/td>\n<td width=\"151\">TraunuferStr. 21<\/p>\n<p>4052 Ansfelden<\/td>\n<td width=\"76\">Ja<\/td>\n<td width=\"76\">Ja<\/td>\n<td width=\"151\"><\/td>\n<\/tr>\n<tr>\n<td width=\"151\">Gasthof Hotel zur Post<\/td>\n<td width=\"151\">Dr.-Eduard-Peintner-Weg 2, 4052 Ansfelden<\/td>\n<td width=\"76\">Ja<\/td>\n<td width=\"76\">Ja<\/td>\n<td width=\"151\">B-WC im Nebengeb\u00e4ude<\/td>\n<\/tr>\n<tr>\n<td width=\"151\">Gasthof Hotel Stockinger<\/td>\n<td width=\"151\">Ritzlhofst. 63-65, 4052 Ansfelden<\/td>\n<td width=\"76\">Ja<\/td>\n<td width=\"76\">Ja<\/td>\n<td width=\"151\"><\/td>\n<\/tr>\n<tr>\n<td width=\"151\">Hotel Alpenblick<\/td>\n<td width=\"151\">Rohrbach 8<\/p>\n<p>4202 Kirchschlag<\/td>\n<td width=\"76\">Ja<\/td>\n<td width=\"76\">Ja<\/td>\n<td width=\"151\"><\/td>\n<\/tr>\n<tr>\n<td width=\"151\">Maurerwirt<\/td>\n<td width=\"151\">Kirchschlag 46<\/p>\n<p>4202 Kirchschlag<\/td>\n<td width=\"76\">Ja<\/td>\n<td width=\"76\">Ja<\/td>\n<td width=\"151\"><\/td>\n<\/tr>\n<\/tbody>\n<\/table>\n<p>&nbsp;<\/p>\n<h1>Hotels und Gasth\u00f6fe mit barrierefreien Zimmern in Linz und Linz Umgebung:<\/h1>\n<p>&nbsp;<\/p>\n<h2>Hotels mit barrierefreien Zimmern in Linz<\/h2>\n<p>&nbsp;<\/p>\n<table width=\"605\">\n<tbody>\n<tr>\n<td width=\"151\">Name<\/td>\n<td width=\"227\">Adresse<\/td>\n<td width=\"76\">Anzahl<\/td>\n<td width=\"151\">Anmerkungen<\/td>\n<\/tr>\n<tr>\n<td width=\"151\">Best Westerm Hotel Spinnerei Linz<\/td>\n<td width=\"227\">Wiener Stra\u00dfe 485<\/p>\n<p>4030 Linz<\/td>\n<td width=\"76\">5<\/td>\n<td width=\"151\"><\/td>\n<\/tr>\n<tr>\n<td width=\"151\">Hotel am Domplatz<\/td>\n<td width=\"227\">Stifterstra\u00dfe 4, Domplatz 5<\/p>\n<p>4020 LInz<\/td>\n<td width=\"76\">4<\/td>\n<td width=\"151\"><\/td>\n<\/tr>\n<tr>\n<td width=\"151\">Hotel Prielmayerhof<\/td>\n<td width=\"227\">Wei\u00dfenwolfstra\u00dfe 33<\/p>\n<p>4020 Linz<\/td>\n<td width=\"76\">3<\/td>\n<td width=\"151\"><\/td>\n<\/tr>\n<tr>\n<td width=\"151\">Park Inn<\/td>\n<td width=\"227\">Hessenplatz 16 \u2013 18<\/p>\n<p>4020 Linz<\/td>\n<td width=\"76\">2<\/td>\n<td width=\"151\"><\/td>\n<\/tr>\n<tr>\n<td width=\"151\">Harry\u00b4s Home Linz-Urfahr<\/td>\n<td width=\"227\">Donaufeldstra\u00dfe 3<\/p>\n<p>4040 Linz<\/td>\n<td width=\"76\">2<\/td>\n<td width=\"151\"><\/td>\n<\/tr>\n<tr>\n<td width=\"151\">Leonardo Boutique Linz City Center<\/p>\n<p>&nbsp;<\/td>\n<td width=\"227\">Steingasse 6<\/p>\n<p>4020 Linz<\/td>\n<td width=\"76\">6<\/td>\n<td width=\"151\"><\/td>\n<\/tr>\n<tr>\n<td width=\"151\">Motel One Hauptplatz<\/td>\n<td width=\"227\">Hauptplatz 10\/11<\/p>\n<p>4020 Linz<\/td>\n<td width=\"76\">4<\/td>\n<td width=\"151\"><\/td>\n<\/tr>\n<tr>\n<td width=\"151\">Courtyard by Marriott<\/td>\n<td width=\"227\">Europaplatz 2<\/p>\n<p>4020 Linz<\/td>\n<td width=\"76\">1<\/td>\n<td width=\"151\"><\/td>\n<\/tr>\n<tr>\n<td width=\"151\">Arte Hotel<\/td>\n<td width=\"227\">Fiedlerstra\u00dfe 6<\/p>\n<p>4040 Linz<\/td>\n<td width=\"76\">1<\/td>\n<td width=\"151\"><\/td>\n<\/tr>\n<tr>\n<td width=\"151\">Trans World Hotel Donauwelle Linz<\/td>\n<td width=\"227\">Am Winterhafen 13<\/p>\n<p>4020 Linz<\/td>\n<td width=\"76\">1<\/td>\n<td width=\"151\"><\/td>\n<\/tr>\n<tr>\n<td width=\"151\">ibis Styles Linz<\/td>\n<td width=\"227\">Wankm\u00fcllerhofstr 37<\/p>\n<p>4020 Linz<\/td>\n<td width=\"76\">1<\/td>\n<td width=\"151\"><\/td>\n<\/tr>\n<tr>\n<td width=\"151\">Bee Green Linz<\/td>\n<td width=\"227\">Hanuschstra\u00dfe 32<\/p>\n<p>4020 Linz<\/td>\n<td width=\"76\">2<\/td>\n<td width=\"151\">^Geh\u00f6rt zum Hotel Schwarzer B\u00e4r, Herrenstra\u00dfe<\/td>\n<\/tr>\n<\/tbody>\n<\/table>\n<p>&nbsp;<\/p>\n<p>&nbsp;<\/p>\n<p>&nbsp;<\/p>\n<h2>Hotels mit barrierefreien Zimmern in der N\u00e4he von Linz<\/h2>\n<p>&nbsp;<\/p>\n<table width=\"605\">\n<tbody>\n<tr>\n<td width=\"151\">Name<\/td>\n<td width=\"227\">Adresse<\/td>\n<td width=\"76\">Anzahl<\/td>\n<td width=\"151\">Anmerkungen<\/td>\n<\/tr>\n<tr>\n<td width=\"151\">Gasthaus Hotel\u00a0 Stockinger<\/td>\n<td width=\"227\">Ritzlhofstr. 63-65<\/p>\n<p>4052 Ansfelden<\/td>\n<td width=\"76\"><\/td>\n<td width=\"151\"><\/td>\n<\/tr>\n<tr>\n<td width=\"151\">Hotel Alpenblick<\/td>\n<td width=\"227\">Rohrbach 8<\/p>\n<p>4202 Kirchschlag<\/td>\n<td width=\"76\"><\/td>\n<td width=\"151\"><\/td>\n<\/tr>\n<\/tbody>\n<\/table>\n<p>&nbsp;<\/p>\n<p>*Stockinger:<\/p>\n<p>&nbsp;<\/p>\n<p>Wir haben in unserem Business****-Bereich einige gro\u00dfe Zimmer mit ebenerdiger Dusche, jedoch leider ohne Griffe neben der Toilette.<\/p>\n<p>Hierzu gibt es aber im Gang (direkt gegen\u00fcber der Zimmer) ein behindertengerechtes Badezimmer, das auch mit Griffen ausgestattet ist.<\/p>\n<p>Zudem haben wir eine Suite mit gr\u00f6\u00dferer Einfahrtst\u00fcr, gr\u00f6\u00dferer ebenerdiger Dusche und flacher Badewanne.<\/p>\n<p>&nbsp;<\/p>\n<p>&nbsp;<\/p>\n<p>&nbsp;<\/p>\n<p>&nbsp;<\/p>\n<table width=\"605\">\n<tbody>\n<tr>\n<td colspan=\"3\" width=\"151\">\n<h2>Hotels und Gasth\u00f6fe ohne barrierefreie Zimmer<\/h2>\n<\/td>\n<\/tr>\n<tr>\n<td width=\"227\">Name<\/td>\n<td width=\"302\">Adresse<\/td>\n<td width=\"151\">Anmerkungen<\/td>\n<\/tr>\n<tr>\n<td width=\"227\">Gasthof Strau\u00df<\/td>\n<td width=\"302\">TraunuferStr. 21, 4052 Ansfelden<\/td>\n<td width=\"151\"><\/td>\n<\/tr>\n<tr>\n<td width=\"227\">Gasthof Hotel Zur Post<\/td>\n<td width=\"302\">Dr.-Eduard-Peintner-Weg 2, 4052 Ansfelden<\/td>\n<td width=\"151\"><\/td>\n<\/tr>\n<tr>\n<td width=\"227\">Hotel Alcotel Nike<\/td>\n<td width=\"302\">Untere Donaul\u00e4nde 9, 4020 Linz<\/td>\n<td width=\"151\">Wird 2026 renoniert<\/td>\n<\/tr>\n<tr>\n<td width=\"227\">Hotel Schillerpark<\/td>\n<td width=\"302\">Rainerstra\u00dfe 2 \u2013 4<\/p>\n<p>4020 Linz<\/td>\n<td width=\"151\">Gro\u00dfe Zimmer aber keine barrierefreien Badezimmer<\/td>\n<\/tr>\n<tr>\n<td width=\"227\">Hotel Goldener Adler<\/td>\n<td width=\"302\">Hauptstra\u00dfe 56<\/p>\n<p>4040 Linz<\/td>\n<td width=\"151\"><\/td>\n<\/tr>\n<tr>\n<td width=\"227\">Maurerwirt<\/td>\n<td width=\"302\">Kirchschlag 46<\/p>\n<p>4202 Kirchschlag<\/td>\n<td width=\"151\"><\/td>\n<\/tr>\n<tr>\n<td width=\"227\">Hotel zur Lokomotive<\/td>\n<td width=\"302\">Weingartshofstra\u00dfe 20<\/p>\n<p>4020 Linz<\/td>\n<td width=\"151\"><\/td>\n<\/tr>\n<tr>\n<td width=\"227\">Hotel Schwarzer B\u00e4r<\/td>\n<td width=\"302\">Herrenstra\u00dfe 11<\/p>\n<p>4020 Linz<\/td>\n<td width=\"151\"><\/td>\n<\/tr>\n<tr>\n<td width=\"227\">Gasthof L\u00fcftner<\/td>\n<td width=\"302\">Klausenbachstra\u00dfe 18<\/p>\n<p>4040 Linz<\/td>\n<td width=\"151\"><\/td>\n<\/tr>\n<\/tbody>\n<\/table>\n<p>&nbsp;<\/p>\n<p>\u00a9 September 2024 by Gerhard Hojas<\/p>\n","protected":false},"excerpt":{"rendered":"<p>Barrierefreie Lokale und Hotels in Linz und Umgebung! \u00a0 Diese Liste erhebt keinen Anspruch auf Vollst\u00e4ndigkeit und wird nicht fortlaufend aktualisiert. Sie enth\u00e4lt ausschlie\u00dflich Lokale, die f\u00fcr ihre Qualit\u00e4t und&#8230; <a class=\"read-more-button\" href=\"http:\/\/hojas.co.at\/blog\/barrierefrei-in-linz\/\">Lesen Sie mehr &gt;<\/a><\/p>\n","protected":false},"author":1,"featured_media":0,"parent":0,"menu_order":0,"comment_status":"closed","ping_status":"closed","template":"","meta":{"spay_email":""},"jetpack_sharing_enabled":true,"jetpack_shortlink":"https:\/\/wp.me\/PawkJb-wS","_links":{"self":[{"href":"http:\/\/hojas.co.at\/blog\/wp-json\/wp\/v2\/pages\/2038"}],"collection":[{"href":"http:\/\/hojas.co.at\/blog\/wp-json\/wp\/v2\/pages"}],"about":[{"href":"http:\/\/hojas.co.at\/blog\/wp-json\/wp\/v2\/types\/page"}],"author":[{"embeddable":true,"href":"http:\/\/hojas.co.at\/blog\/wp-json\/wp\/v2\/users\/1"}],"replies":[{"embeddable":true,"href":"http:\/\/hojas.co.at\/blog\/wp-json\/wp\/v2\/comments?post=2038"}],"version-history":[{"count":4,"href":"http:\/\/hojas.co.at\/blog\/wp-json\/wp\/v2\/pages\/2038\/revisions"}],"predecessor-version":[{"id":2184,"href":"http:\/\/hojas.co.at\/blog\/wp-json\/wp\/v2\/pages\/2038\/revisions\/2184"}],"wp:attachment":[{"href":"http:\/\/hojas.co.at\/blog\/wp-json\/wp\/v2\/media?parent=2038"}],"curies":[{"name":"wp","href":"https:\/\/api.w.org\/{rel}","templated":true}]}}