{"id":978,"date":"2017-07-20T17:42:52","date_gmt":"2017-07-20T15:42:52","guid":{"rendered":"http:\/\/hojas.co.at\/blog\/?page_id=978"},"modified":"2020-06-07T14:34:06","modified_gmt":"2020-06-07T12:34:06","slug":"blogs","status":"publish","type":"page","link":"http:\/\/hojas.co.at\/blog\/blogs\/","title":{"rendered":"Blogs &#038; Foren"},"content":{"rendered":"<h3>Blind leben<\/h3>\n<p>Tipps, Hinweise und Anleitungen f\u00fcr Blinde und Sehbehinderte, Gedanken und Meinungen zur Welt der Blinden und der Sehenden, und vieles mehr. Das gibt es hier im Blind Leben Blog.<\/p>\n<p>Link zum Blog von Blind leben: <a href=\"https:\/\/blindleben.blogspot.co.at\/\">https:\/\/blindleben.blogspot.co.at\/<\/a><\/p>\n<h2>freiraum-europa<\/h2>\n<p>freiraum-europa &#8211; die expertInnen f\u00fcr barrierefreiheit<\/p>\n<p>Link zum Blog von freiraum-europa: <a href=\"http:\/\/www.freiraum-europa.org\/blog\/id-2017.html\">http:\/\/www.freiraum-europa.org\/blog\/id-2017.html<\/a><\/p>\n<h2>HG &#8211; Hilfsgemeinschaft der Blinden und Sehschwachen \u00d6sterreichs.<\/h2>\n<p>Die Hilfsgemeinschaft der Blinden und Sehschwachen \u00d6sterreichs setzt sich seit \u00fcber 80 Jahren aktiv f\u00fcr blinde und sehbehinderte Menschen in \u00d6sterreich\u00a0ein. Als \u00e4lteste und mit 4.300 Mitgliedern auch gr\u00f6\u00dfte Sehbehinderten-Selbsthilfeorganisation vertreten wir die Interessen von rund 318.000 stark sehbeeintr\u00e4chtigten Menschen in ganz\u00a0\u00d6sterreich.<\/p>\n<p>Link zum Blog der HG: <a href=\"https:\/\/www.hilfsgemeinschaft.at\/blog\">https:\/\/www.hilfsgemeinschaft.at\/blog<\/a><\/p>\n<h2>Verein BIZEPS<\/h2>\n<p>Der Verein \u201eBehindertenberatungszentrum-BIZEPS; Zentrum f\u00fcr Selbstbestimmtes Leben\u201c betreibt eine <a href=\"https:\/\/www.bizeps.or.at\/bizeps\/beratung\/\">Beratungsstelle f\u00fcr Menschen mit Behinderungen und deren Angeh\u00f6rige in Wien<\/a>, die nach den Kriterien der Selbstbestimmt-Leben-Bewegung organisiert ist und nach deren Wertvorstellungen<\/p>\n<p>Link zu BIZEPS: https:\/\/www.bizeps.or.at\/<\/p>\n<h2>Verein Blickkontakt<\/h2>\n<p>\u201eWas blinden Menschen fehlt, ist Blickkontakt!\u201c &#8211; Blickkontakt steht f\u00fcr die F\u00f6rderung und Verwirklichung der Integration, Chancengleichheit und Gleichberechtigung sehbehinderter und blinder Menschen in allen Bereichen des t\u00e4glichen Lebens, wie etwa Wohnen, Schule, Berufsausbildung, Erwerbst\u00e4tigkeit, Mobilit\u00e4t, Freizeit, Rechtsschutz, Kultur, Bildung etc.<\/p>\n<p>Link zum Verein Blickkontakt: http:\/\/www.blickkontakt.or.at\/<\/p>\n<h2>Lydia\u00b4s Welt<\/h2>\n<p>Rund um den Alltag einer blinden Mutter mit arabischem Hintergrund<\/p>\n<p>Wenn man einen Blinden kennt, dann kennt man auch nur einen. Das ist genauso wie bei anderen Personengruppen auch. Kenne ich das Kind einer Nachbarin, dann kenne ich auch nur dieses Kind. Ich kann somit also nicht von diesem Kind auf alle Kinder dieser Welt schlie\u00dfen.<\/p>\n<p>Blinde sind blind. Das ist so ziemlich alles was sie gemeinsam haben. Es ist eine ihrer Eigenschaften<\/p>\n<p>Link zum Blog von Lydia\u00b4s Welt: <a href=\"https:\/\/lydiaswelt.wordpress.com\/\">https:\/\/lydiaswelt.wordpress.com\/<\/a><\/p>\n<h2>Eva Papst \u2013 Aus meiner Feder<\/h2>\n<p>Es ist eine sehr &#8222;moderne Feder&#8220;, aus der meine Beitr\u00e4ge kommen &#8211; aus einem Organizer mit Braillezeile und Sprachausgabe. Nat\u00fcrlich hat er auch eine Tastatur, auch wenn diese nicht auf den ersten Blick als solche zu erkennen ist.<\/p>\n<p>Link zum Blog von Eva Papst: <a href=\"http:\/\/aus-meiner-feder.at\/\">http:\/\/aus-meiner-feder.at\/<\/a><\/p>\n<h2>Heikos.Blog<\/h2>\n<p>F\u00fcr Inklusion und Barrierefreiheit \/ Heiko Kunert \u00fcber Blindheit und das Leben.<\/p>\n<p>Ich schreibe auf <a href=\"https:\/\/heikos.blog\">Heikos.blog<\/a> \u00fcber meinen Alltag als blinder Mensch in Hamburg, \u00fcber Neuigkeiten aus der Blinden- und Sehbehinderten-Selbsthilfe und zu den Themen Inklusion und Barrierefreiheit. Daneben findet Ihr in diesem Blog aber auch Kultur-Tipps, Reise-Berichte, Interviews und vieles mehr \u2013 ein Blog so bund wie das Leben.<\/p>\n<p>Link zu Heikos Blog: <a href=\"https:\/\/heikos.blog\/\">https:\/\/heikos.blog\/<\/a><\/p>\n<h2>Blind verstehen<\/h2>\n<p>Blind verstehen ist das Webprojekt von Jennifer Sonntag. Sie schreibt B\u00fccher, moderiert im Fernsehen und besch\u00e4ftigt sich vor allem mit Mode, \u00c4sthetik und Blindheit. Jennifers B\u00fccher sind unbedingt lesenswert.<\/p>\n<p>Link zum Blog von Blind verstehen: <a href=\"http:\/\/www.blindverstehen.de\/\">http:\/\/www.blindverstehen.de\/<\/a><\/p>\n<h2>Ohrenblicke &#8211; Die Welt durch die Ohren betrachtet<\/h2>\n<p>Das Auge f\u00fchrt den Menschen in die Welt. <span class=\"farbe\">Das Ohr f\u00fchrt die Welt in den Menschen<\/span><\/p>\n<p><a href=\"http:\/\/www.ohrenblicke.de\/\">Link zum Blog von Ohrenblicke<\/a><\/p>\n<h2>Texthase Online<\/h2>\n<p>Texthase Online ist das Blog einer blinden Autorin. Sie schreibt unter Pseudonym \u00fcber das Schreiben und nebenbei auch ein wenig \u00fcber Blindheit.<\/p>\n<p>Link zum Blog von Texthase Online: <a href=\"https:\/\/texthaseonline.com\/\">https:\/\/texthaseonline.com\/<\/a><\/p>\n<h2>Silja Korn &#8211; Blind durch\u2019s Leben<\/h2>\n<p>Silja Korn ist eine blinde K\u00fcnstlerin und berichtet auf ihrer Website dar\u00fcber.<\/p>\n<p>Link zum Blog von Silja Korn: <a href=\"http:\/\/www.siljakorn.de\/\">http:\/\/www.siljakorn.de\/<\/a><\/p>\n<h2>Mit Blindheit geschlagen<\/h2>\n<p>In meinem Blog m\u00f6chte ich euch aus meinem Alltag als Blinde erz\u00e4hlen, wie die Schlagw\u00f6rter Inklusion, Barrierefreiheit und selbstbestimmtes Leben umgesetzt werden, und Ideen vermitteln, wie wir alle es noch besser machen k\u00f6nnten, f\u00fcr einen besseren Umgang miteinander.<\/p>\n<p>Link zum Blog von mit Blindheit geschlagen: <a href=\"https:\/\/mitblindheitgeschlagen.wordpress.com\/\">https:\/\/mitblindheitgeschlagen.wordpress.com\/<\/a><\/p>\n<h2>Kathi Backi &#8211; Backis Welt<\/h2>\n<p>Kathi berichtet im Wesentlichen \u00fcber ihr Leben mit einem Blinden-F\u00fchrhund.<\/p>\n<p>Link zum Blog von Backis Welt: <a href=\"http:\/\/backis-welt.de\/\">http:\/\/backis-welt.de\/<\/a><\/p>\n<h2>Ratgeber Wege finden<\/h2>\n<p>Informationen f\u00fcr Menschen mit Beeintr\u00e4chtigungen &#8211; Menschen mit Beeintr\u00e4chtigungen ben\u00f6tigen in manchen Bereichen Unterst\u00fctzung, damit das Recht auf Chancengleichheit und Teilnahme am gesellschaftlichen Leben verwirklicht werden kann.<\/p>\n<p>Link zum Blog von Wege finden: <a href=\"http:\/\/www.gleichgestellt.at\/Ratgeber\/ratgeber14.php?kapitelid=16%20&amp;%20infoid=2%20&amp;%20themenid=91\">http:\/\/www.gleichgestellt.at\/Ratgeber\/ratgeber14.php?kapitelid=16%20&amp;%20infoid=2%20&amp;%20themenid=91<\/a><\/p>\n<h2>Behindertenvertretung in \u00d6sterreich<\/h2>\n<p>N\u00fctzliche Informationen, zusammengestellt von Bernhard Hampl.<\/p>\n<p>Link zum Blog von Behindertenvertretung in \u00d6sterreich: <a href=\"http:\/\/www.bham.at\/BehVertr\/index.htm\">http:\/\/www.bham.at\/BehVertr\/index.htm<\/a><\/p>\n<h2>Anderes sehen e. V.<\/h2>\n<p>Fortschrittliche F\u00f6rderung blinder Kinder &#8211;\u00a0 Anderes Sehen steht f\u00fcr radikales Umdenken. <strong>No Limits! Blinde und sehende Kinder m\u00fcssen sich entsprechend ihren M\u00f6glichkeiten und Begabungen entwickeln k\u00f6nnen. Wir akzeptieren keine unn\u00f6tigen Barrieren oder Behinderungen. Wir stellen kluge L\u00f6sungen zur Verf\u00fcgung und fordern diese auch von anderen ein. Wir zeigen, dass es geht \u2013 machen Sie mit! Geben Sie sich nicht mit weniger zufrieden als gut und richtig ist. Es geht um das Leben und die Menschenrechte der Kinder.<\/strong><\/p>\n<p>Link zum Blog von anderes sehen e. V.: <a href=\"http:\/\/www.anderes-sehen.de\/\">http:\/\/www.anderes-sehen.de\/<\/a><\/p>\n<h2>Selbsthilfe-durchblick.de<\/h2>\n<p>Man muss nur die vielf\u00e4ltigen Hilfen nutzen, um das Leben sinnvoll und so selbst\u00e4ndig wie m\u00f6glich zu gestalten. Willkommen in der Selbsthilfe f\u00fcr Menschen mit Sehbehinderung.<\/p>\n<p>Link zum Blog von selbsthilfe-durchblick.de: <a href=\"http:\/\/www.selbsthilfe-durchblick.de\">http:\/\/www.selbsthilfe-durchblick.de<\/a><\/p>\n<h2>Blindlinks.net<\/h2>\n<p>F\u00fcr Blinde und Sehbehinderte gibt es eine Vielzahl von Informationen im Netz \u2013 massenhaft und verstreut. Doch was davon ist wirklich n\u00fctzlich? Wir von blindlinks.net haben aus diesem Grund das Netz f\u00fcr Sie unter die Lupe genommen und uns durch den Dschungel der Web-Sites und Informationen gek\u00e4mpft. Blindlinks.net setzt f\u00fcr Sie auf Klasse und Qualit\u00e4t anstatt auf reine Masse. Daher bietet blindlinks.net Ihnen nur die wirklich hilfreichsten Links. Diese Links geben wir Ihnen als Hilfe an die Hand, damit Sie sich erfolgreicher durchs Web bewegen k\u00f6nnen. Die Links sind untergliedert in Kategorien und Unterkategorien<\/p>\n<p>Link zum Blog von blindlinks.net: <a href=\"http:\/\/www.blindlinks.net\/\">http:\/\/www.blindlinks.net\/<\/a><\/p>\n<h2><strong>Clemis Seh Blick<\/strong><\/h2>\n<p>Tipps \u2013 vornehmlich f\u00fcr Menschen mit visueller Beeintr\u00e4chtigung<strong>Mit den Artikeln auf dieser Webseite will ich meine eigenen Erfahrungen und Einsch\u00e4tzungen im Umgang mit der Technik als Hilfsmittel weitergeben. Als Hilfsmittel, um das Handicap des Sehgesch\u00e4digten auszugleichen. Auch wenn vor meinen Aussagen nicht immer ein \u201cich glaube\u201d, \u201cich meine\u201d, \u201cich bin der Ansicht\u201d oder etwas \u00c4hnliches steht, es ist immer meine eigene, ganz subjektive Sicht der Dinge. Und trotz aller Begeisterung f\u00fcr Technik soll auch Feuilletonistisches nicht zu kurz kommen.<\/strong><\/p>\n<p>Link zum Blog von Clemis Seh Blick: <a href=\"https:\/\/clru.wordpress.com\/about\/\">https:\/\/clru.wordpress.com\/about\/<\/a><\/p>\n<h2>Raul Krauthausen \u2013 Aktivist f\u00fcr Inklusion<\/h2>\n<p><a href=\"https:\/\/www.facebook.com\/raul.krauthausen\/?fref=mentions\">Raul Krauthausen<\/a> ist kleiner als die meisten anderen Erwachsenen und sitzt im Rollstuhl. Das sieht jeder sofort. Was nicht jeder sofort sieht, ist, dass er Moderator, Autor, Sozialunternehmer und Tr\u00e4ger des Bundesverdienstkreuzes ist. Dass er die gr\u00f6\u00dfte Online-Plattform f\u00fcr rollstuhlgerechte Orte ins Leben gerufen hat.<\/p>\n<p><a href=\"Link%20zum%20Blog%20von%20Raul%20Krauthausen:%20\">Link zum Blog von Raul Krauthausen: <\/a>\u00a0<a href=\"https:\/\/perspective-daily.de\/article\/294\/ygru5vRD\">https:\/\/perspective-daily.de\/article\/294\/ygru5vRD<\/a><\/p>\n<h2>Blind kochen und mehr<\/h2>\n<p>Das Internetkochbuch (mit CD) von Nathalie Hackl.<\/p>\n<p>Link zum Blog von Blind kochen: <a href=\"http:\/\/www.blindkochen.at\/\">http:\/\/www.blindkochen.at\/<\/a><\/p>\n<h2>Theater4all<\/h2>\n<p>Das Projekt Theater4all hat es sich zur Aufgabe gemacht, Theater f\u00fcr blinde Menschen und f\u00fcr Menschen mit einer Sehbehinderung m\u00f6glich zu machen. Erfahrene Kommentatorinnen und Kommentatoren \u00fcbernehmen die Bildbeschreibung der gesamten Vorstellung. Die Theaterbesucherinnen und Theaterbesucher k\u00f6nnen vor der Vorstellung Informationen zum St\u00fcck, sowie w\u00e4hrend der Vorstellung die Audiodeskription des St\u00fcckes \u00fcber Kopfh\u00f6rer erleben.<\/p>\n<p>Link zum Blog von Theater4all: <a href=\"http:\/\/www.theater4all.at\/\">http:\/\/www.theater4all.at\/<\/a><\/p>\n<h2>Bilder f\u00fcr die Blinden<\/h2>\n<p>Wir verstehen uns als Service:\u00a0Blinde schicken uns ihre Bilder, die ihnen unsere Autoren dann beschreiben.Auch Blinde leben in einer Welt voller Bilder. Wir m\u00f6chten den Kreis der Menschen erweitern, an die sie sich wenden\u00a0k\u00f6nnen, wenn sie wissen wollen, was auf diesen Bildern zu sehen ist. Wenn Sie blind sind,\u00a0laden wir Sie ein, uns Fotos zu schicken, die wir f\u00fcr Sie beschreiben sollen.<\/p>\n<p>Link zum Blog Bilder f\u00fcr die Blinden: <a href=\"https:\/\/bildbeschreibungen.wordpress.com\/\">https:\/\/bildbeschreibungen.wordpress.com\/<\/a><\/p>\n<h2>Barrierefreies Internet<\/h2>\n<p>Barrierefreiheit im Internet ist nicht nur ein Thema f\u00fcr behinderte Menschen. In Wirklichkeit profitieren viele Menschen von barrierefreien Inhalten, die Sie gar nicht als Behinderte betrachten w\u00fcrden. Dazu geh\u00f6ren zum Beispiel funktionale Analphabeten, technik-unaffine Menschen oder Personen mit kognitiven Einschr\u00e4nkungen. Richtig verstanden profitieren wir alle davon, Sie, ich und Ihre Gro\u00dfmutter. Das glauben Sie nicht? Dann \u00fcberzeuge ich Sie gerne!<\/p>\n<p>Link zur Hompage des barrierefreien Internets: http:\/\/netz-barrierefrei.de\/backup\/node\/17<\/p>\n<h2>Der Weg des Maulwurfs<\/h2>\n<p>&#8222;Wenn jeder eine eigene Homepage hat, dann ich auch!&#8220;<br \/>\nKlar war das der Initialgedanke der meinem Projekt &#8222;eigene Homepage&#8220; zugrundelag.<br \/>\nDoch mittlerweile stellt sie (die Seite) zum Einen die M\u00f6glichkeit dar mich und meine Gedanken einer mehr oder minder interessierten \u00d6ffentlichkeit vorzustellen und zum Anderen mein ganz pers\u00f6nlicher HTML, PHP und CSS Spielplatz.<br \/>\nMeine erfolgreich abgeschlossene Umschulung zum Fachinformatiker f\u00fcr Anwendungsentwicklung soll ja auch nicht GAnz umsonst gewesen sein. Das bedeutet, dass ich alle zugrundeliegenden Skripte selbst geschrieben habe.<br \/>\nAngefangen mit dem Seiten Header und Foot \u00fcber die Navigationsleiste bis hin zu komplexeren Abl\u00e4ufen wie mein G\u00e4stebuch und meinen News-Blog. Alles ohne Datenbank, nur mit &#8211; geschickt &#8211; verkn\u00fcpften Textdateien.<\/p>\n<p>Link zum Blog vom Maulwurf: http:\/\/www.mogura-do.de\/mogdo\/de\/index.php<\/p>\n<h2>Forum f\u00fcr Blinde<\/h2>\n<p><span class=\"font_forum_title\">Ein Forum \u00fcber den Alltag blinder und sehbehinderter Menschen<\/span><\/p>\n<p><span class=\"font_forum_subtitle\">Link zum Forum f\u00fcr blinde Menschen<a href=\"http:\/\/49777.forumromanum.com\/member\/forum\/forum.php?action=index&amp;entryid=&amp;USER=user_49777&amp;onsearch=1\">:\u00a0http:\/\/49777.forumromanum.com\/member\/forum\/forum.php?action=std_tindex&amp;USER=user_49777&amp;onsearch=1&amp;threadid=2<\/a><\/span><\/p>\n<h2>ISCB<\/h2>\n<p>Die Interessengemeinschaft sehgesch\u00e4digter Computerbenutzer e. V. &#8211; ISCB &#8211; ist ein gemeinn\u00fctziger Selbsthilfeverein von Sehgesch\u00e4digten. Sie konnte am 17. Oktober 2012 ihr 25-j\u00e4hriges Jubil\u00e4um als eingetragener Verein feiern.<\/p>\n<p><a href=\"http:\/\/www.iscb.de\">Link zur ISCB <\/a><\/p>\n<h2>Yuotubekanal von Erdin Ciplak &#8211; Blindlife<\/h2>\n<p>ich hei\u00dfe Erdin und lebe in Hamburg. Mit einem Sehrest von nur 2 % und einer Leidenschaft von 100 %, nehme ich euch mit in meinen Alltag, auf Reisen und interessanten Veranstaltungen. Meinen Alltag bew\u00e4ltige ich mit diversen Hilfsmitteln wie z. B. einem wei\u00dfen Langstock, verschiedenen technischen Hilfsmitteln und meinen vier anderen Sinnen, die noch sehr gut meine Sehbehinderung ausgleichen. Bei mir geht es also rund um das Thema: &#8222;Blindheit und Sehbehinderung&#8220; und all das, was mich sonst so interessiert.<\/p>\n<p><a href=\"https:\/\/www.youtube.com\/channel\/UCbavhhtWVcCURt_wPG4W3-A\">Link zum Youtubekanal von Blindlife <\/a><\/p>\n<h2>Blindlife<\/h2>\n<div>\n<div id=\"cc-m-textwithimage-10873657897\" class=\"cc-m-textwithimage-inline-rte\" data-name=\"text\" data-action=\"text\">Herzlich Willkommen auf meiner Homepage. Mein Name ist Erdin Ciplak und BlindLife besch\u00e4ftigt sich mit dem Thema: Blindheit und Sehbehinderung. Meine Hauptaktivit\u00e4ten spielen sich auf meinem <a title=\"www.youtube.com\/blindlifevideos\" href=\"http:\/\/www.youtube.com\/blindlifevideos\" target=\"_blank\" rel=\"noopener noreferrer\">YouTube-Kanal<\/a> ab. Also schau doch einfach vorbei.Auf meiner Homepage findest du interessante Informationen \u00fcber mich, meine Vision, Ziele und Informationen dar\u00fcber wie ihr mich unterst\u00fctzen k\u00f6nnt. Wenn ihr also das erste mal auf meiner Homepage seit, dann lest euch doch alle Informationen durch, um ein Hintergrundwissen zu haben.<\/div>\n<\/div>\n<p><a href=\"https:\/\/www.blindlife.de\/\">Link zur Homepage von Blindlife<\/a><\/p>\n<h2>Du bist blind&#8230;.<\/h2>\n<p>Lustiges und Typisches, Ironisches und Informatives, Problematisches und Unerwartetes<\/p>\n<p>Ich hei\u00dfe Per Busch, lebe in Kassel, bin 48 Jahre alt und erblindete vor 24 Jahren zu 100%. Mehr \u00fcber mich gibts in diesem Versuch einer <a href=\"https:\/\/www.facebook.com\/per.busch.3\/about\">Selbstbeschreibung.<\/a><\/p>\n<p>Von 2007 bis 2010 engagierte ich mich f\u00fcr die Erf\u00fcllung meines Traums von blind bedienbaren Mobilger\u00e4ten. Ich wurde Wikipedianer und Gelegenheitsjournalist, fuhr auf Fachveranstaltungen, kontaktierte Communities, Medien, Firmen, Entwickler, Wissenschaftler und Institutionen, schrieb Blogkommentare und benutzte Mailinglisten sowie sp\u00e4ter auch Twitter. Auf diese spezielle, etwas blau\u00e4ugige Art der Selbsthilfe bin ich heute immer noch stolz. \ud83d\ude42 Mehr dazu, inklusive Links zu meinen Artikeln f\u00fcr Heise Online und meinem Video-Kurzauftritt bei Apples WWDC-Event von 2012: <a href=\"https:\/\/m.facebook.com\/per.busch.3\/posts\/1746140735399482\">Selbsthilfe 2.0 <\/a><\/p>\n<p><a href=\"https:\/\/dubistblind.wordpress.com\/\">Link zum Blog von Per Busch<\/a><\/p>\n<h2>50plus Blogs<\/h2>\n<p>Willkommen auf der \u00dcbersichtsseite \u00fcber alle unsere Blogs. W\u00e4hlen Sie Ihr Lieblingsthema \u2013 bestimmt ist etwas f\u00fcr Sie dabei!<\/p>\n<p><a href=\"https:\/\/www.50plus.at\/blog.htm\">Link zur 50Plus Blogseite<\/a><\/p>\n<h2>RollingPlanet<\/h2>\n<p>Portal f\u00fcr Menschen mit Behinderung.<\/p>\n<p><a href=\"https:\/\/rollingplanet.net\/\">Link zu Rollingplanet<\/a><\/p>\n<h2>Stiftung \u00abZugang f\u00fcr alle\u00bb<\/h2>\n<p>Die Stiftung \u00ab Zugang f\u00fcr alle\u00bb setzt sich seit dem Jahr 2000 f\u00fcr die F\u00f6rderung der behindertengerechten Technologienutzung ein. Zugang f\u00fcr Menschen mit Behinderungen zu Technologien ist ein wichtiger Bestandteil der chancengleichen und gleichberechtigten Teilhabe am sozialen, gesellschaftlichen und beruflichen Leben.<\/p>\n<p><a href=\"https:\/\/access4all.ch\/blog\/\">Link zu Stiftung Zugang f\u00fcr alle<\/a><\/p>\n<p>&nbsp;<\/p>\n","protected":false},"excerpt":{"rendered":"<p>Blind leben Tipps, Hinweise und Anleitungen f\u00fcr Blinde und Sehbehinderte, Gedanken und Meinungen zur Welt der Blinden und der Sehenden, und vieles mehr. Das gibt es hier im Blind Leben&#8230; <a class=\"read-more-button\" href=\"http:\/\/hojas.co.at\/blog\/blogs\/\">Lesen Sie mehr &gt;<\/a><\/p>\n","protected":false},"author":1,"featured_media":0,"parent":0,"menu_order":0,"comment_status":"closed","ping_status":"closed","template":"","meta":{"spay_email":""},"jetpack_sharing_enabled":true,"jetpack_shortlink":"https:\/\/wp.me\/PawkJb-fM","_links":{"self":[{"href":"http:\/\/hojas.co.at\/blog\/wp-json\/wp\/v2\/pages\/978"}],"collection":[{"href":"http:\/\/hojas.co.at\/blog\/wp-json\/wp\/v2\/pages"}],"about":[{"href":"http:\/\/hojas.co.at\/blog\/wp-json\/wp\/v2\/types\/page"}],"author":[{"embeddable":true,"href":"http:\/\/hojas.co.at\/blog\/wp-json\/wp\/v2\/users\/1"}],"replies":[{"embeddable":true,"href":"http:\/\/hojas.co.at\/blog\/wp-json\/wp\/v2\/comments?post=978"}],"version-history":[{"count":18,"href":"http:\/\/hojas.co.at\/blog\/wp-json\/wp\/v2\/pages\/978\/revisions"}],"predecessor-version":[{"id":1539,"href":"http:\/\/hojas.co.at\/blog\/wp-json\/wp\/v2\/pages\/978\/revisions\/1539"}],"wp:attachment":[{"href":"http:\/\/hojas.co.at\/blog\/wp-json\/wp\/v2\/media?parent=978"}],"curies":[{"name":"wp","href":"https:\/\/api.w.org\/{rel}","templated":true}]}}