{"id":99,"date":"2014-03-25T22:55:00","date_gmt":"2014-03-25T20:55:00","guid":{"rendered":"http:\/\/hojas.co.at\/blog\/?page_id=99"},"modified":"2022-10-17T21:53:00","modified_gmt":"2022-10-17T19:53:00","slug":"adressen","status":"publish","type":"page","link":"http:\/\/hojas.co.at\/blog\/adressen\/","title":{"rendered":"Adressen"},"content":{"rendered":"<h1><strong>Adressen f\u00fcr blinde und sehbehinderte Menschen und deren Angeh\u00f6rige.<\/strong><\/h1>\n<p>&nbsp;<\/p>\n<h2>Vereine und Organisationen<\/h2>\n<h3><strong>Hilfsgemeinschaft der Blinden und Sehschwachen \u00d6sterreichs <\/strong><\/h3>\n<p>J\u00e4gerstra\u00dfe 36<\/p>\n<p>1200 Wien<\/p>\n<p>Telefon: 01 330 35 45 0<\/p>\n<p>eMail: <a href=\"mailto:info@hilfsgemeinschaft.at\">info@hilfsgemeinschaft.at<\/a><\/p>\n<p>Web: <a href=\"http:\/\/www.hilfsgemeinschaft.at\/\">www.hilfsgemeinschaft.at<\/a><\/p>\n<h4>Standort Linz<\/h4>\n<p>Anzengruberstra\u00dfe 6 &#8211; 8<\/p>\n<p>4020 Linz<\/p>\n<p>Telefon: 0732 29 29 20 401<\/p>\n<p>eMail: <a href=\"mailto:christine.buergstein@hilfsgemeinschaft.at\">christine.buergstein@hilfsgemeinschaft.at<\/a><\/p>\n<p>&nbsp;<\/p>\n<h3>\u00a0<strong>freiraum-europa <\/strong><\/h3>\n<p>Krausstra\u00dfe 10<\/p>\n<p>4020 Linz<\/p>\n<p>Telefon: +43 732 94 66 00<\/p>\n<p>eMail: <a href=\"mailto:office@freiraum-europa.org\">Freiraum Europa<\/a><\/p>\n<p>Web: <a href=\"http:\/\/www.freiraum-europa.org\/\">http:\/\/www.freiraum-europa.org\/<\/a><\/p>\n<h3>\u00a0<strong>Verein Blickkontakt<\/strong><\/h3>\n<h3><strong>Interessengemeinschaft sehender, sehbehinderter und blinder Menschen<\/strong><\/h3>\n<p>Hoefftgasse 9\/3<\/p>\n<p>1110 Wien<\/p>\n<p>Telefon: +43(0)1 \/ 409 82 22<\/p>\n<p>eMail:<\/p>\n<p>Web: <a href=\"http:\/\/www.blickkontakt.or.at\/\">http:\/\/www.blickkontakt.or.at\/<\/a><\/p>\n<h3><strong>BIZEPS \u2013 Zentrum f\u00fcr Selbstbestimmtes Leben<\/strong><\/h3>\n<p>Sch\u00f6nngasse 15-17\/4<\/p>\n<p>1020 Wien<\/p>\n<p>Telefon: 01 \/ 523 89 21<\/p>\n<p>Fax: 01 \/ 523 89 21 20<\/p>\n<p>eMail: <a href=\"mailto:office@bizeps.or.at\">office@bizeps.or.at<\/a><\/p>\n<p>Web: <a href=\"https:\/\/www.bizeps.or.at\/\">https:\/\/www.bizeps.or.at\/<\/a><\/p>\n<h3>\u00f6bw \u2013 Die \u00d6sterreichische Blindenwohlfahrt<\/h3>\n<p>Baumgartenstra\u00dfe 69<\/p>\n<p>1140 Wien<\/p>\n<p>Telefon: +43 1 9 141 141<\/p>\n<p>Web: <a href=\"http:\/\/www.blind.at\/\">http:\/\/www.blind.at\/<\/a><\/p>\n<h3>Blindenapostolat<\/h3>\n<p>Stephansplatz 6|1|2|6<br \/>\nA-1010 Wien<br \/>\nTelefon: +43-(0)1-51552-3751<br \/>\neMail: oepi@pastoral.at<\/p>\n<p>Web: <a href=\"http:\/\/www.pastoral.at\/blindenapostolat\">http:\/\/www.pastoral.at\/blindenapostolat<\/a><\/p>\n<h3><strong>RISS &#8211; Rehabilitation und Integration f\u00fcr sp\u00e4terblindete und<\/strong> <strong>sehbehinderte Personen<\/strong><\/h3>\n<p>Raimundstra\u00dfe 4 \u2013 6<\/p>\n<p>4021 Linz<\/p>\n<p>Telefon: +43 732 6922 5930<\/p>\n<p>Fax: +43 732 6922 5158<\/p>\n<p>eMail: kristina.skelo@bbrz.at<\/p>\n<p>Web: <a href=\"http:\/\/www.bbrz.at\/fuer-erwachsene\/fuer-sehbeeintraechtigte-und-neurologisch-erkrankte\/rehabilitation-und-integration-fuer-spaeterblindete-und-sehbehinderte-menschen.html%5e\">http:\/\/www.bbrz.at\/fuer-erwachsene\/fuer-sehbeeintraechtigte-und-neurologisch-erkrankte\/rehabilitation-und-integration-fuer-spaeterblindete-und-sehbehinderte-menschen.html^<\/a><\/p>\n<h3><strong>\u00d6BR &#8211; \u00d6sterreichischer Behindertenrat<br \/>\n<\/strong><\/h3>\n<p>Favoritenstra\u00dfe 111\/ TOP11<\/p>\n<p>1100 Wien,<\/p>\n<p>Telefon.: +43 1 5131533<\/p>\n<p>Fax: +43 1 5131533-150<\/p>\n<p>eMail: <a href=\"mailto:dachverband@oear.or.at\">dachverband@oear.or.at<\/a><\/p>\n<p>Web: <a href=\"http:\/\/www.behindertenrat.at\/\">http:\/\/www.behindertenrat.at\/<\/a><\/p>\n<h3><strong>Pers\u00f6nliche Assistenz GmbH \u2013 O\u00d6<\/strong><\/h3>\n<p>Edlbacherstra\u00dfe 13<\/p>\n<p>4020 Linz<\/p>\n<p>Telefon: 0732 \/ 711621<br \/>\nFax: 0732 \/ 711621-20<br \/>\neMail: ta.znetsissa-ehcilneosrep@oreub<br \/>\nWeb: www.persoenliche-assistenz.at<\/p>\n<h3><strong>\u00d6ZIV \u00d6sterreichischer Zivil- Invalidenverband<\/strong><\/h3>\n<p>Hauffgasse 3-5\/3. OG<br \/>\n1110 Wien<\/p>\n<p>Telefon: +43-1\/513 15 35-0<br \/>\nFax: +43-1\/513 15 35-11<br \/>\neMail: <a href=\"mailto:buero@oeziv.org\">buero@oeziv.org<\/a><\/p>\n<p>Web: <a href=\"http:\/\/www.oeziv.org\/?nID=13\">http:\/\/www.oeziv.org\/?nID=13<\/a><\/p>\n<h3><strong>Verein ChronischKrank\u00ae \u00d6sterreich<\/strong><\/h3>\n<p>Kirchenplatz 3<\/p>\n<p>4470 Enns<\/p>\n<p>Telefon: Zentrale O\u00d6: +43 (0) 7223 \/ 82 6 67<\/p>\n<p>eMail: <a href=\"mailto:kontakt@chronischkrank.at\">kontakt@chronischkrank.at<\/a><\/p>\n<p>Web: <a href=\"http:\/\/chronischkrank.at\/\">http:\/\/chronischkrank.at\/<\/a><\/p>\n<h3><strong>Sozialministeriumservice (Bundessozialamt) <\/strong><\/h3>\n<p>Babenbergerstra\u00dfe 5,<br \/>\n1010 Wien<\/p>\n<p>Tel: 05 99 88<\/p>\n<p>Fax: 05 99 88 &#8211; 2030<\/p>\n<p>Mail: <a href=\"mailto:post@sozialministeriumservice.at\">post@sozialministeriumservice.at<\/a><\/p>\n<p>Web: <a href=\"https:\/\/www.sozialministeriumservice.at\/\">https:\/\/www.sozialministeriumservice.at\/<\/a><\/p>\n<p>Kontakte der Landesstellen: <a href=\"https:\/\/www.sozialministeriumservice.at\/site\/Ueber_uns\/Sozialministeriumservice\/Kontakt\/\">https:\/\/www.sozialministeriumservice.at\/site\/Ueber_uns\/Sozialministeriumservice\/Kontakt\/<\/a><\/p>\n<h3><strong>Magistrat der Landeshauptstadt Linz &#8211; Linksammlung<\/strong><\/h3>\n<p>Hauptstra\u00dfe 1 \u2013 5<\/p>\n<p>4041\u00a0 Linz<\/p>\n<p>Telefon:: +43 732 7070<\/p>\n<p>Fax: +43 732 7070 54 2110<\/p>\n<p>eMail: <a href=\"mailto:info@mag.linz.at\">info@mag.linz.at<\/a><\/p>\n<p>Web: <a href=\"http:\/\/www.linz.at\/links.asp#2\">http:\/\/www.linz.at\/links.asp#2<\/a><\/p>\n<h3><strong>LSZ f\u00fcr H\u00f6r- und Sehbildung<\/strong><\/h3>\n<p>Kapuzinerstra\u00dfe 40a<\/p>\n<p>4020 Linz<\/p>\n<p>Telefon: 0732 \/ 771058 \u2013 11<\/p>\n<p>Fax: 0732 \/ 7720 \u2013 258129<\/p>\n<p>eMail: <a href=\"mailto:lszhs-linz.post@ooe.gv.at\">lszhs-linz.post@ooe.gv.at<\/a><\/p>\n<p>Web: <a href=\"http:\/\/lszhs.eduhi.at\/\">http:\/\/lszhs.eduhi.at\/<\/a><\/p>\n<h3><strong>Deutscher Blinden- und Sehbehindertenverband e. V. (DBSV)<\/strong><\/h3>\n<p>Rungestra\u00dfe 19<\/p>\n<p>10179 Berlin<\/p>\n<p>Telefon: 030 285387-0<\/p>\n<p>Fax: 030 285387-200<\/p>\n<p>eMail: \u00a0<a href=\"mailto:info@dbsv.org\">info@dbsv.org<\/a><\/p>\n<p>Web: <a href=\"http:\/\/www.dbsv.org\/kontakt.html\">http:\/\/www.dbsv.org\/kontakt.html<\/a><\/p>\n<h3><strong>Bayrischer Blinden- und Sehbehindertenbund e.V. (BBSB) <\/strong><\/h3>\n<p>Arnulfstra\u00dfe 22<\/p>\n<p>80335 M\u00fcnchen<\/p>\n<p>Telefon: 0\u00a089\u00a0\/\u00a05\u00a059\u00a088 \u2013 0<\/p>\n<p>Fax: 0\u00a089 \/ 5\u00a059\u00a088 &#8211; 2\u00a066<\/p>\n<p>eMail: <a href=\"mailto:info@bbsb.org\">info@bbsb.org<\/a><\/p>\n<p>Web: <a href=\"http:\/\/www.bbsb.org\">http:\/\/www.bbsb.org<\/a><\/p>\n<h3><strong>Schweizerischer Blinden- und Sehbehindertenverband SBV <\/strong><\/h3>\n<p>K\u00f6nizstrasse 23<\/p>\n<p>3008 Bern<\/p>\n<p>Telefon: \u00a0+41 31 390 88 00<br \/>\nFax: \u00a0+41 31 390 88 50<br \/>\neMail <a href=\"mailto:info@sbv-fsa.ch\">info@sbv-fsa.ch (link sends e-mail)<\/a><\/p>\n<p>Web: <a href=\"http:\/\/www.sbv-fsa.ch\/de\">http:\/\/www.sbv-fsa.ch\/de<\/a><\/p>\n<h3><strong>IRIS &#8211; Institut f\u00fcr Rehabilitation und Integration Sehgesch\u00e4digter e. V.<\/strong><\/h3>\n<p>Marschnerstra\u00dfe 26<\/p>\n<p>D &#8211; 22081 Hamburg<\/p>\n<p>Telefon: 0 40 \u2013 2 29 30 26<\/p>\n<p>Fax: 0 40 \u2013 22 59 44<\/p>\n<p>eMail: <a href=\"mailto:info@iris-hamburg.org\">info@iris-hamburg.org<\/a><\/p>\n<p>Web: <a href=\"http:\/\/www.iris-hamburg.org\">www.iris-hamburg.org<\/a><\/p>\n<h3><strong>Schweizerischer Zentralverein f\u00fcr das Blindenwesen SZB<\/strong><\/h3>\n<p>Sch\u00fctzengasse 4<\/p>\n<p>CH-9001 St. Gallen<\/p>\n<p>Telefon: +41 (0)71 223 36 36<\/p>\n<p>Fax: +41 (0)71 222 73 18<\/p>\n<p>eMail: <a href=\"mailto:sekretariat@szb.ch\">sekretariat@szb.ch<\/a><\/p>\n<p>Web: <a href=\"http:\/\/www.szb.ch\/\">http:\/\/www.szb.ch<\/a><\/p>\n<h3><strong>Verein zur F\u00f6rderung der Blindenbildung e. V. (VzFB)<\/strong><\/h3>\n<p>Bleekstra\u00dfe 26<\/p>\n<p>D-30559 Hannover<\/p>\n<p>Telefon: (05 11) 9 54 65 \u2013 0<\/p>\n<p>Fax: (05 11) 9 54 65 \u2013 85<\/p>\n<p>eMail: <a href=\"mailto:v.vzfb@vzfb.de\">v.vzfb@vzfb.de<\/a><\/p>\n<p>Web: <a href=\"http:\/\/www.vzfb.de\/\">http:\/\/www.vzfb.de<\/a><\/p>\n<p>&nbsp;<\/p>\n<h2>Hilfsmittelfirmen f\u00fcr Blinde und Sehbehinderte<\/h2>\n<h3>SEHKREIS GmbH<\/h3>\n<p>Sch\u00f6nbrunner Stra\u00dfe 195<\/p>\n<p>1120 Wien<\/p>\n<p>Telefon: 01\/99 77 298<\/p>\n<p>Mail: <a href=\"mailto:info@sehkreis.at\">info@sehkreis.at<\/a><\/p>\n<p>Web: <a href=\"https:\/\/www.sehkreis.at\/\">https:\/\/www.sehkreis.at\/<\/a><\/p>\n<h3><strong>VIDEBIS<\/strong><\/h3>\n<p>Schlosshofer Stra\u00dfe 6<\/p>\n<p>Wien, Floridsdirf (5 Minuten vom Bahnhof Floridsdorf)<\/p>\n<p>1210 Wien<\/p>\n<p>Telefon: 01\/27 88 333<\/p>\n<p>Fax: 01\/27 88 333-13<\/p>\n<p>eMail: <a href=\"office@videbis.at\">office@videbis.at<\/a><\/p>\n<p>Web: <a href=\"http:\/\/www.videbis.at\">http:\/\/www.videbis.at<\/a><\/p>\n<h3>LHZ \u2013 Landeshilfsmittelzentrum des BSVS e.V.<\/h3>\n<p>Louis-Braille-Str. 6<\/p>\n<p>01099 Dresden<\/p>\n<p>Tel.: +49 (351) 80 90 624<\/p>\n<p>Fax: +49 (351) 80 90 627<\/p>\n<p>eMail: <a href=\"mailto:lhz@bsv-sachsen.de\">lhz@bsv-sachsen.de<\/a><\/p>\n<p>Web: <a href=\"https:\/\/www.landeshilfsmittelzentrum.de\/\">https:\/\/www.landeshilfsmittelzentrum.de\/<\/a><\/p>\n<h3>\u00a0<strong>Care tec GmbH<\/strong><\/h3>\n<p>Stubenbastei 1<\/p>\n<p>1010 Wien<\/p>\n<p>Telefon: 01 51 38 081\u2013 0<\/p>\n<p>Fax: 01 51 38 081\u2013 9<\/p>\n<p>Bestellung: <a href=\"mailto:bestellung@caretec.at\">bestellung@caretec.at<\/a><\/p>\n<p>Information: <a href=\"mailto:office@caretec.at\">office@caretec.at<\/a><\/p>\n<p>Web: <a href=\"http:\/\/www.caretec.at\/\">http:\/\/www.caretec.at<\/a><\/p>\n<h3><\/h3>\n<h3>\u00a0<strong>Marland GmbH<\/strong><\/h3>\n<p>Zollenreuter Strasse 6<\/p>\n<p>D-88326 Aulendorf<\/p>\n<p>Hotline: 00800 6363 6363<\/p>\n<p>Telefon:\u00a0 (+49) 07525 9205 \u2013 0<\/p>\n<p>Fax: (+49) 07525 9205 \u2013 19<\/p>\n<p>Web: <a href=\"http:\/\/www.marland.de\/\">http:\/\/www.marland.de<\/a><\/p>\n<h3><strong>Sehhelfer \u2013 Onlineshop f\u00fcr Blinde und Sehbehinderte<\/strong><\/h3>\n<p>Provinostr. 52<\/p>\n<p>D \u2013 86153\u00a0Augsburg<\/p>\n<p>Telefon: 0049 \/ 1805 \/ 152521<\/p>\n<p>eMail: <a href=\"mailto:info@sehhelfer.de\">info@sehhelfer.de<\/a><\/p>\n<p>Web: <a href=\"http:\/\/www.sehhelfer.de\">http:\/\/www.sehhelfer.de<\/a><\/p>\n<p>&nbsp;<\/p>\n<p>&nbsp;<\/p>\n<p>&nbsp;<\/p>\n<p>&nbsp;<\/p>\n<p>&nbsp;<\/p>\n","protected":false},"excerpt":{"rendered":"<p>Adressen f\u00fcr blinde und sehbehinderte Menschen und deren Angeh\u00f6rige. &nbsp; Vereine und Organisationen Hilfsgemeinschaft der Blinden und Sehschwachen \u00d6sterreichs J\u00e4gerstra\u00dfe 36 1200 Wien Telefon: 01 330 35 45 0 eMail:&#8230; <a class=\"read-more-button\" href=\"http:\/\/hojas.co.at\/blog\/adressen\/\">Lesen Sie mehr &gt;<\/a><\/p>\n","protected":false},"author":1,"featured_media":0,"parent":0,"menu_order":0,"comment_status":"open","ping_status":"closed","template":"","meta":{"spay_email":""},"jetpack_sharing_enabled":true,"jetpack_shortlink":"https:\/\/wp.me\/PawkJb-1B","_links":{"self":[{"href":"http:\/\/hojas.co.at\/blog\/wp-json\/wp\/v2\/pages\/99"}],"collection":[{"href":"http:\/\/hojas.co.at\/blog\/wp-json\/wp\/v2\/pages"}],"about":[{"href":"http:\/\/hojas.co.at\/blog\/wp-json\/wp\/v2\/types\/page"}],"author":[{"embeddable":true,"href":"http:\/\/hojas.co.at\/blog\/wp-json\/wp\/v2\/users\/1"}],"replies":[{"embeddable":true,"href":"http:\/\/hojas.co.at\/blog\/wp-json\/wp\/v2\/comments?post=99"}],"version-history":[{"count":24,"href":"http:\/\/hojas.co.at\/blog\/wp-json\/wp\/v2\/pages\/99\/revisions"}],"predecessor-version":[{"id":1820,"href":"http:\/\/hojas.co.at\/blog\/wp-json\/wp\/v2\/pages\/99\/revisions\/1820"}],"wp:attachment":[{"href":"http:\/\/hojas.co.at\/blog\/wp-json\/wp\/v2\/media?parent=99"}],"curies":[{"name":"wp","href":"https:\/\/api.w.org\/{rel}","templated":true}]}}