{"id":1524,"date":"2020-05-29T09:43:55","date_gmt":"2020-05-29T07:43:55","guid":{"rendered":"http:\/\/hojas.co.at\/blog\/?page_id=1524"},"modified":"2020-06-01T20:06:58","modified_gmt":"2020-06-01T18:06:58","slug":"gesundheit","status":"publish","type":"page","link":"https:\/\/hojas.co.at\/blog\/gesundheit\/","title":{"rendered":"Gesundheit"},"content":{"rendered":"<h1 class=\"main-headline\">Medizinische Hilfsmittel f\u00fcr Blinde und Sehbehinderte<\/h1>\n<h2>Blutdruckmessger\u00e4te mit Sprachausgabe (Oberarm)<\/h2>\n<h4>boso medicus exclusive sprechendes Oberarm-Blutdruckmessger\u00e4t<\/h4>\n<ul>\n<li>Oberarm-Blutdruckmessger\u00e4t<\/li>\n<li>Der Bewegungssensor verhindert falsche Messergebnisse<\/li>\n<li>Arrhythmie-Erkennung zur Anzeige von Herzrhythmusst\u00f6rungen<\/li>\n<li>Mittelwertanzeige zur differenzierten Blutdruckbeurteilung im Tagesverlauf (vormittags\/nachmittags)<\/li>\n<li>Zuschaltbare Sprachausgabe (5-sprachig) mit Lautst\u00e4rkeregelung<\/li>\n<li>Blutdruckbewertungsskala nach WHO<\/li>\n<li>Durch die Aufpumpautomatik ermittelt das Ger\u00e4t selbstst\u00e4ndig den Blutdruck ohne Nachpumpen.<\/li>\n<\/ul>\n<h4>Beurer BM49 sprechendes Oberarmblutdruckmessger\u00e4t<\/h4>\n<ul>\n<li>Vollautomatische Blutdruck- undPulsmessung am Oberarm<\/li>\n<li>Sprachausgabe: D, F, I, NL<\/li>\n<li>Lautst\u00e4rke regelbar, Sprache ausschaltbar<\/li>\n<li>Morgen- und Abendblutdruck der letzten 7 Tage<\/li>\n<li>Perfekt lesbares, blau beleuchtetes XL-Display<\/li>\n<li>2 x 60 Speicherpl\u00e4tze<\/li>\n<li>Risiko-Indikator<\/li>\n<li>Arrhythmie-Erkennung<\/li>\n<li>Medizinprodukt<\/li>\n<li>F\u00fcr Oberarmumf\u00e4nge von 22 \u2013 36 cm<\/li>\n<li>Datum und Uhrzeit \/ Abschaltautomatik<\/li>\n<li>Meldung bei Anwendungsfehlern<\/li>\n<li>Batteriewechselanzeige<\/li>\n<li>Aufbewahrungstasche<\/li>\n<li>XL-Manschette (35-44 cm) als Zubeh\u00f6r erh\u00e4ltlich<\/li>\n<li>Netzteil separat erh\u00e4ltlich<\/li>\n<\/ul>\n<h4>Blutdruckmessger\u00e4t Medtalk Deluxe Oberarm<\/h4>\n<ul>\n<li>Sprechendes Blutdruckmessger\u00e4t f\u00fcr den Oberarm<\/li>\n<li>Extra gro\u00dfe Displayanzeige mit gro\u00dfen Ziffern<\/li>\n<li>Gro\u00dfe Bedientasten mit taktilen Beschriftungen<\/li>\n<li>Sehr deutliche Sprachausgabe<\/li>\n<li>Extra einfache Bedienung<\/li>\n<li>Lautst\u00e4rke der Sprachausgabe in sechs Stufen regelbar<\/li>\n<li>Sprachausgabe kann auf Wunsch abgeschaltet werden<\/li>\n<li>Erkennt kritische Messwerte nach WHO-Richtlinien<\/li>\n<li>Erkennung von Herzrhythmusst\u00f6rungen<\/li>\n<li>Messbereich Blutdruck von 0 \u2013 300 mmHg<\/li>\n<li>Messbereich Puls von 30 \u2013 180 Schl\u00e4ge\/Min.<\/li>\n<li>F\u00fcr zwei Personen je 60 Speicherpl\u00e4tze mit Datum und Uhrzeit<\/li>\n<li>Automatische Abschaltung nach 1 Minute<\/li>\n<li>Verschiedene Sprachen w\u00e4hlbar: Deutsch, Englisch, Franz\u00f6sisch, Italienisch, Niederl\u00e4ndisch, Spanisch<\/li>\n<\/ul>\n<h4>Blutdruckmessger\u00e4t SANITAS SBM 52<\/h4>\n<p>Vollautomatische Blutdruck- und Pulsmessung am Oberarm Sprachausgabe in Deutsch, Englisch oder Spanisch Fu\u0308r Oberarmumf\u00e4nge von 22\u201336 cm Durchschnittswerte aller gespeicherten Messergebnisse sowie Morgen und Abendblutdruck der letzten 7 Tage Je 30 Speicherpl\u00e4tze f\u00fcr 4 Benutzer Warnt vor eventuellen Herzrhythmusst\u00f6rungen (Arrhythmie-Erkennung) Mit Sprachausgabe Blau beleuchtetes LC-Display Datum und Uhrzeit Abschaltautomatik Inklusive Batterien und Aufbewahrungstasche Meldung bei Anwendungsfehlern Lautst\u00e4rke regelbar<\/p>\n<p>Eigenschaften<\/p>\n<ul>\n<li>\u00a0\u00a0\u00a0 Sprechendes Blutdruckmessger\u00e4t SBM 52<\/li>\n<li>\u00a0\u00a0\u00a0 Vollautomatische Blutdruck- und Pulsmessung am Oberarm<\/li>\n<li>\u00a0\u00a0\u00a0 Mit Manschette fu\u0308r Oberarmumf\u00e4nge von ca. 22-36 cm<\/li>\n<li>\u00a0\u00a0\u00a0 Warnt vor evtl. Herzrhythmusst\u00f6rungen<\/li>\n<li>\u00a0\u00a0\u00a0 Je 30 Speicherpl\u00e4tze fu\u0308r 4 Benutzer<\/li>\n<li>\u00a0\u00a0\u00a0 Blau beleuchtetes XL-Display<\/li>\n<li>\u00a0\u00a0\u00a0 Einstufung der Messergebnisse mit farbiger LED-Skala<\/li>\n<li>\u00a0\u00a0\u00a0 Mit Abschaltautomatik<\/li>\n<li>\u00a0\u00a0\u00a0 Lautst\u00e4rke individuell regelbar, Stummschaltung m\u00f6glich<\/li>\n<li>\u00a0\u00a0\u00a0 Datums-\/Uhrzeitanzeige<\/li>\n<\/ul>\n<h3>Blutdruckmessger\u00e4te mit Sprachausgabe (Unterarm)<\/h3>\n<h4>Blutdruck-Messger\u00e4t Medtalk Comfort Unterarm<\/h4>\n<ul>\n<li>Sprechendes Blutdruckmessger\u00e4t f\u00fcr das Handgelenk<\/li>\n<li>Extra gro\u00dfe Displayanzeige mit gro\u00dfen Ziffern<\/li>\n<li>Gro\u00dfe Bedientasten mit taktilen Beschriftungen<\/li>\n<li>Sehr deutliche Sprachausgabe<\/li>\n<li>Extra einfache Bedienung<\/li>\n<li>Lautst\u00e4rke der Sprachausgabe in vier Stufen regelbar<\/li>\n<li>Sprachausgabe kann auf Wunsch abgeschaltet werden<\/li>\n<li>Erkennt kritische Messwerte nach WHO-Richtlinien<\/li>\n<li>Erkennung von Herzrhythmusst\u00f6rungen<\/li>\n<li>60 Speicherpl\u00e4tze mit Datum und Uhrzeit<\/li>\n<li>Sprachmitteilung bei schwachen Batterien<\/li>\n<li>Messbereich Blutdruck : 0 \u2013 300 mm Hg<\/li>\n<li>Messbereich Puls : 30 \u2013 180 Schl\u00e4ge\/Min.<\/li>\n<li>Automatische Abschaltung nach 1 Minute<\/li>\n<li>Verschiedene Sprachen w\u00e4hlbar: Deutsch, Englisch, Franz\u00f6sisch, Italienisch, Niederl\u00e4ndisch<\/li>\n<li>Inklusive Aufbewahrungsbox mit Armst\u00fctzfunktion<\/li>\n<li>Manschettengr\u00f6\u00dfe: 13,5 cm bis 22 cm<\/li>\n<\/ul>\n<h4>Beurer BC 21 Handgelenk-Blutdruckmessger\u00e4t mit Sprachausgabe<\/h4>\n<ul>\n<li>Beurer BC 21 Handgelenk-Blutdruckmessger\u00e4t<\/li>\n<li>Sprachausgabe mit regelbarer Lautst\u00e4rke<\/li>\n<li>Gro\u00dfes, \u00fcbersichtliches Display<\/li>\n<li>Zwei extra gro\u00dfe Tasten<\/li>\n<li>Anzeige m\u00f6glicher Herzrhythmusst\u00f6rungen anhand einer Farbskala<\/li>\n<li>Einfache Bedienung<\/li>\n<li>Abschaltautomatik<\/li>\n<li>Druckvorwahl und Luftablass automatisch<\/li>\n<li>Meldung bei Anwendungsfehlern<\/li>\n<li>Zwei Benutzerspeicher f\u00fcr je 60 Messwerte<\/li>\n<li>Durchschnittswertberechnung gespeicherter Messwerte<\/li>\n<li>Passend bei Handgelenksumf\u00e4ngen von 14,0 \u2013 19,5 cm<\/li>\n<\/ul>\n<h3>Blutdruckmessger\u00e4te mit Bluetooth und App Oberarm<\/h3>\n<h4>boso medicus system Oberarm-Blutdruckmessger\u00e4t mit App<\/h4>\n<ul>\n<li>Pr\u00e4zises Blutdruckmessen am Oberarm \u2013 klinisch validiert nach ESH<\/li>\n<li>Anzeige von Herzrhythmusst\u00f6rung zum Erkennen von z.B. Vorhofflimmern<\/li>\n<li>Speicher f\u00fcr 30 Messwerte f\u00fcr 14-Tage-Profil<\/li>\n<li>\u00dcbertragung der Messwerte via Bluetooth in die boso App, einfach und sicher ohne Registrierung, Cloud oder \u00e4hnliches:<\/li>\n<li>Speicherung der Blutdruckwerte, Puls und eventuelle Arrhythmien mit Datum und Uhrzeit.<\/li>\n<li>Auswertung der Messwerte mit graphischer oder statistischer Darstellung im Langzeitprofil.<\/li>\n<li>Berichtversand per Email, zum Beispiel an den Hausarzt.<\/li>\n<li>Universalmanschette f\u00fcr Armumf\u00e4nge von 22 bis 42 cm<\/li>\n<li>Intelligente Aufpumpautomatik f\u00fcr eine Messung ohne Nachpumpen<\/li>\n<li>Optional erh\u00e4ltlich: XL-Manschette (32 bis 48 cm) \/ Netzger\u00e4t<\/li>\n<\/ul>\n<h4>Beurer BM57 Bluetooth und App Oberarm<\/h4>\n<ul>\n<li>Bluetooth\u00ae zur \u00dcbertragung der Messwerte an Ihr Smartphone<\/li>\n<li>Wei\u00df beleuchtetes XL-Display<\/li>\n<li>Inklusive Universal Manschette f\u00fcr Oberarmumf\u00e4nge von 23-43 cm<\/li>\n<li>Inflation Technology: schnelle und komfortable Messung<\/li>\n<li>Vollautomatische Blutdruck- und Pulsmessung am Oberarm<\/li>\n<li>Drahtlose \u00dcbertragung der Messergebnisse aller gespeicherten Messwerte<\/li>\n<li>Morgen- und Abendblutdruck der letzten 7 Tage<\/li>\n<li>Perfekt lesbares, beleuchtetes XL-Display<\/li>\n<li>2 x 60 Speicherpl\u00e4tze<\/li>\n<li>Risiko-Indikator<\/li>\n<li>Arrhythmie-Erkennung<\/li>\n<li>F\u00fcr Oberarmumf\u00e4nge von 23 \u2013 43 cm<\/li>\n<li>Datum und Uhrzeit \/ Abschaltautomatik<\/li>\n<li>Meldung bei Anwendungsfehlern<\/li>\n<li>Batteriewechselanzeige<\/li>\n<li>Aufbewahrungstasche<\/li>\n<li>Netzteil separat erh\u00e4ltlich<\/li>\n<\/ul>\n<h4>QardioArm Blutdruckmessger\u00e4t \u2013 Funktioniert nur mit Smartphone<\/h4>\n<p>&nbsp;<\/p>\n<p>Medizinisch genaue, benutzerfreundliche, kompakte digitale Oberarmmanschette. App f\u00fcr iOS, Android und Kindle verf\u00fcgbar<\/p>\n<p>Verbindet sich \u00fcber eine kostenlose App mit Ihrem Smartphone. Funktioniert mit Apple Watch oder Android Wear (iOS 10.0 oder h\u00f6her, Kindle, Android 5 oder neuer, Android Wear und Apple Watch. Ben\u00f6tigt Bluetooth 4.0.und h\u00f6her)<\/p>\n<p>Diese elegante, sehr leichte und tragbare, einteilige Weitbereichsmanschette passt auf standardm\u00e4\u00dfige \/ gro\u00dfe Oberarme f\u00fcr Erwachsene mit einem Umfang von 22 bis 37 cm. Voll kabellos, leicht und diskret. Die Batterielebensdauer betr\u00e4gt bis zu einem Jahr bei h\u00e4ufigem Gebrauch<\/p>\n<p>Speichern, \u00fcberwachen und verfolgen Sie Ihre Fortschritte in Ihrer App, und teilen Sie diese bei Bedarf mit Ihrer Familie oder Ihrem Arzt (in der App oder per E-Mail)<\/p>\n<p>Ma\u00dftabellen, Multi-Benutzer, Erinnerungen, Notizen hinzuf\u00fcgen, Erkennung unregelm\u00e4\u00dfiger Herzschl\u00e4ge. Data share: Kann mit bis zu acht Smartphones oder Tablets gleichzeitig verbindet werden. Teilen Sie Ihre Daten \u00fcber die In-App-Funktion automatisch mit Freunden und Verwandten oder senden Sie die Ergebnisse per E-Mail an Ihren Arzt<\/p>\n<h2 class=\"main-headline\">Sprechende Blutzuckermessger\u00e4te<\/h2>\n<div class=\"entry-content\">\n<h3>Sprechendes Blutzuckermessger\u00e4t Wellion Calla Dialog<\/h3>\n<p>Hersteller: MED TRUST HANDELSGMBH<\/p>\n<p>NO CODE Blutzuckermessger\u00e4t mit Sprachausgabe<\/p>\n<p>Das Wellion CALLA Dialog erm\u00f6glicht blinden und sehbehinderten Menschen eine einfache, zuverl\u00e4ssige und genaue Kontrolle ihres Blutzuckerspiegels.<\/p>\n<p>Durch die NO CODE Funktion wird Ihnen eine einfache und pr\u00e4zise Messung erm\u00f6glicht, was auch zur Vermeidung von Anwenderfehlern beitr\u00e4gt.<\/p>\n<p>Die Messergebnisse werden mittels der Sprachfunktion vorgelesen und k\u00f6nnen vom gro\u00dfen Display zus\u00e4tzlich abgelesen werden.<\/p>\n<p>Der Wellion CALLA Teststreifen ist durch seine optimale Gr\u00f6\u00dfe einfach zu handhaben. Durch die ausgezeichnete Markierung der Ober- und Unterseite sowie der Vorder- und R\u00fcckseite ist das Einf\u00fchren des Teststreifens in das Blutzuckermessger\u00e4t einfach und intuitiv.<\/p>\n<p>Mit dem Wellion CALLA Dialog k\u00f6nnen Durchschnittswerte von 7, 14 und 30 Tagen angezeigt werden. Durch diese Informationen wird Patienten und medizinischem Fachpersonal eine genauere Beurteilung der Diabetes-Einstellung erm\u00f6glicht.<\/p>\n<p>Kontakt:<\/p>\n<p>MED TRUST Handelsges.m.b.H.<\/p>\n<p>Gewerbepark 10<\/p>\n<p>A \u2013 7221 Marz<\/p>\n<p>Tel: +43 2626 \/ 64 190 16<\/p>\n<p>Fax: +43 2626 \/ 64 190 77<\/p>\n<p>Mail: kaspar@medtrust.at<\/p>\n<p>www.medtrust.at<\/p>\n<p><a href=\"http:\/\/www.wellion.at\">www.wellion.at<\/a><\/p>\n<p>Link zur Produktseite von Wellion: <a href=\"https:\/\/www.wellion.eu\/de\/produkte\/blutzuckermessgeraete\/wellion_calla_dialog\/\">https:\/\/www.wellion.eu\/de\/produkte\/blutzuckermessgeraete\/wellion_calla_dialog\/<\/a><\/p>\n<h3>Sprechendes Blutzuckermessger\u00e4t TESTAMED GlucoCheck Advance Star<\/h3>\n<p>Hersteller: Sebapharma GmbH &amp; Co. KG<\/p>\n<p>Mit dem innovativen Blutzuckermessger\u00e4t TESTAmed GlucoCheck ADVANCE ist Blutzucker messen dank optionaler Sprachausgabe der Messwerte in Deutsch und T\u00fcrkisch und in variabler Lautst\u00e4rke jetzt noch komfortabler. Der beleuchtete Teststreifeneinschub und das gro\u00dfe Display sorgen f\u00fcr eine einfache Handhabung.<\/p>\n<p>Die Quick Sip-in\u0093 Streifentechnologie sorgt f\u00fcr eine schnelle Blutaufnahme im Reaktionsfeld. Der integrierte USB-Anschluss erleichtert die Daten\u00fcbertragung auf den PC mit kostenloser Software. Der gro\u00dfe Datenspeicher erm\u00f6glicht eine Speicherung von 450 Messwerten mit Datum, Uhrzeit und Mahlzeitenmarkierung.<\/p>\n<p>Mithilfe der Auswurffunktion k\u00f6nnen verwendete Teststreifen hygienisch entsorgt werden. Die Messeinheit des Ger\u00e4tes l\u00e4sst sich je nach Wunsch individuell auf mg\/dl oder mmol\/l einstellen. Ohne Codierung. Mit Erinnerungsfunktion \u0096 das Ger\u00e4t erinnert bis zu viermal an ausstehende Messung. Messgenauigkeit nach ISO-Norm 15197:2013.<\/p>\n<p>Das praktische Starter Set umfasst neben dem Blutzuckermessger\u00e4t ein handliches Etui, eine Stechhilfe, eine Glukosekontrolll\u00f6sung, zwei AAA-Batterien, 10 Teststreifen sowie 10 Soft-Lanzetten.<\/p>\n<p>Kontakt:<\/p>\n<p>Sebapharma GmbH &amp; Co. KG<\/p>\n<p>Binger Stra\u00dfe 80<\/p>\n<p>56154 Boppard-Bad Salzig<\/p>\n<p>Telefon: (06742) 90 00<\/p>\n<p>Fax: (06742) 90 01 76<\/p>\n<p>Mail: info@sebamed.de<\/p>\n<p>Internet: http:\/\/www.sebamed.de<\/p>\n<p>Link zum Produkt auf Amazon: <a href=\"https:\/\/www.amazon.de\/gp\/product\/B07CQWMMYR\/ref=ox_sc_act_title_2?smid=AX5NGPFXUHZ53&amp;psc=1\">https:\/\/www.amazon.de\/gp\/product\/B07CQWMMYR\/ref=ox_sc_act_title_2?smid=AX5NGPFXUHZ53&amp;psc=1<\/a><\/p>\n<p>Link zum Produkt auf Delmed.de: <a href=\"https:\/\/www.delmed.de\/product\/testamed-glucocheck-advance-star-kit-mg-dl-mmol-l.1389978.html\">https:\/\/www.delmed.de\/product\/testamed-glucocheck-advance-star-kit-mg-dl-mmol-l.1389978.html<\/a><\/p>\n<h3>Sprechendes Blutzuckermessger\u00e4t GlucoTalk<\/h3>\n<p>Hersteller: Abbott (Vorher Alere)<\/p>\n<p>Einfach Blutzucker messen mit dem sprechenden Blutzuckermessger\u00e4t GlucoTalk. Durch Nutzung der Sprachfunktion kann die M\u00f6glichkeit eines fehlerhaften Ablesens der Blutzuckermessergebnisse reduziert werden.<\/p>\n<p>GlucoTalk ist klein und handlich und macht aufgrund der Sprachf\u00fchrung (Deutsch,Russisch,T\u00fcrkisch) die Blutzuckermessung einfach und sicher wie nie zuvor. Es ist besonders geeignet f\u00fcr Diabetiker mit Sehschw\u00e4che, die auf eine sichere und schnelle Durchf\u00fchrung einer Blutzuckermessung nicht verzichten wollen.<\/p>\n<p>Kontakt:<\/p>\n<p>Alere ist jetzt Abbott<\/p>\n<p>Abbott Rapid Diagnostics Austria GmbH<\/p>\n<p>Johann-Konrad-Vogel-Stra\u00dfe 7-9<\/p>\n<p>A-4020 Linz<\/p>\n<p>Telefon: 0800 298042<\/p>\n<p>Link zur Produktseite auf Alere: <a href=\"https:\/\/www.alere.com\/de\/home\/product-details\/glucotalk.html\">https:\/\/www.alere.com\/de\/home\/product-details\/glucotalk.html<\/a><\/p>\n<p>Link zur Produktseite auf Mediqdirekt.de: <a href=\"https:\/\/www.mediqdirekt.de\/glucotalk-blutzuckermessgerat.html\">https:\/\/www.mediqdirekt.de\/glucotalk-blutzuckermessgerat.html<\/a><\/p>\n<p>Link zur Produktseite auf Diabetiker-Bedarf.de: <a href=\"https:\/\/www.diabetiker-bedarf.de\/gluco-talk-messgerat\">https:\/\/www.diabetiker-bedarf.de\/gluco-talk-messgerat<\/a><\/p>\n<h3>Sprechendes Blutzuckermessger\u00e4t Beurer GL 34.<\/h3>\n<p>Hersteller: Beurer GmbH<\/p>\n<p>Das Blutzuckermessger\u00e4t GL 34 ist ein einfaches Ger\u00e4t, das f\u00fcr die t\u00e4gliche Messung perfekt geeignet ist. Jeder gemessene Wert wird Ihnen mit einer sehr deutlichen, weiblichen Stimme angesagt und automatisch gespeichert. Das Blutzuckermessger\u00e4t speichert maximal 448 Messwerte mit dem jeweiligen Datum und der Uhrzeit. Dadurch haben Sie immer einen optimalen \u00dcberblick \u00fcber Ihre Werte.<\/p>\n<p>Damit Sie Ihre Messwerte problemlos ablesen k\u00f6nnen, verf\u00fcgt das Ger\u00e4t \u00fcber ein gro\u00dfes LCD-Display, in welchem alle Ziffern und Zeichen gro\u00df dargestellt werden. Im Display k\u00f6nnen Sie sich auch Ihren durchschnittlichen Blutzuckerwert verschiedener Zeitr\u00e4ume (7, 14, 21, 28, 60 oder 90 Tage) anzeigen lassen.<\/p>\n<p>Die Messung Ihres aktuellen Blutzuckerwertes ist mit dem GL 34 schnell und problemlos erledigt. Das Ger\u00e4t ben\u00f6tigt f\u00fcr eine genaue Messung nur sechs Sekunden. Dank moderner Technik (AST-Messung) k\u00f6nnen Sie das Blut f\u00fcr die Messung nicht nur an der Fingerbeere, sondern auch an anderen K\u00f6rperstellen wie z.B. Ihrem Arm entnehmen. Dadurch werden dauerhaft wunde Fingerbeeren vermieden.<\/p>\n<p>&nbsp;<\/p>\n<p>Kontakt:<\/p>\n<p>Beurer GmbH<\/p>\n<p>S\u00f6flinger Str. 218<\/p>\n<p>89077 Ulm<\/p>\n<p>Tel.: 0049 731\/3989-0<\/p>\n<p>\u00d6sterreich:<\/p>\n<p>Beurer Austria GmbH<\/p>\n<p>Franz-H\u00f6nig-Stra\u00dfe 7<\/p>\n<p>4910 Ried im Innkreis<\/p>\n<p>Tel.: 0043 7752\/21400<\/p>\n<p>E-Mail: office.at@beurer.de<\/p>\n<p>Link zu Infoseite Beurer GL 34: <a href=\"https:\/\/www.beurer.com\/web\/de\/produkte\/medical\/blutzucker\/blutzuckermessgeraete\/gl-34-mmol-l.php\">https:\/\/www.beurer.com\/web\/de\/produkte\/medical\/blutzucker\/blutzuckermessgeraete\/gl-34-mmol-l.php<\/a><\/p>\n<p>Link zu Sehhelfer: <a href=\"https:\/\/www.sehhelfer.de\/Grosse-Anzeige\/Medizinische-Messgeraete\/Sprechendes-Blutzuckermessgeraet-Beurer-GL-34.html\">https:\/\/www.sehhelfer.de\/Grosse-Anzeige\/Medizinische-Messgeraete\/Sprechendes-Blutzuckermessgeraet-Beurer-GL-34.html<\/a><\/p>\n<p>Link zu Amazon: <a href=\"https:\/\/www.amazon.de\/Beurer-462-01-GL-34-Blutzuckermessger%C3%A4t\/dp\/B0036OR33E\">https:\/\/www.amazon.de\/Beurer-462-01-GL-34-Blutzuckermessger%C3%A4t\/dp\/B0036OR33E<\/a><\/p>\n<h2>Sprechende Fiebermesser<\/h2>\n<h4>Sprechendes Infrarot Stirn-Fieberthermometer 1328s von Marschall<\/h4>\n<ul>\n<li>Kontaktloses, sprechendes Fieberthermometer<\/li>\n<li>Mit deutlicher Sprachausgabe der Messergebnisse<\/li>\n<li>Misst durch Infrarot die Stirntemperatur<\/li>\n<li>LED-Display leuchtet bei normaler Temperatur blau, bei Fieber rot<\/li>\n<li>Einfache, intuitive Bedienung durch wenige Tasten<\/li>\n<li>Kann auch die Umgebungstemperatur oder Oberfl\u00e4chentemperatur von Objekten messen<\/li>\n<li>Verf\u00fcgbare Sprachen: Deutsch, Englisch, Spanisch, Franz\u00f6sisch, Russisch, Italienisch<\/li>\n<li>Automatische Speicherung der letzten 12 Messwerte<\/li>\n<li>Messbereich: K\u00f6rpertemperatur 34 \u00b0C \u2013 43 \u00b0C, Umgebungstemperatur 0 \u00b0C \u2013 100 \u00b0C<\/li>\n<li>Messabstand: 5-10 cm<\/li>\n<\/ul>\n<h4>Sprechendes Digital-Fieberthermometer 1327s von Marschall<\/h4>\n<p>Fieberthermometer mit flexibler Spitze und Sprachausgabe zur Messung der K\u00f6rpertemperatur. Mit leuchtendem LED-Display. 6 Sprachen einstellbar.<\/p>\n<ul>\n<li>Sprechendes, digitales Fieberthermometer mit flexibler Spitze<\/li>\n<li>Zur oralen Messung in der Mundh\u00f6hle, der rektalen Messung im After oder axillaren Messung unter dem Arm geeignet<\/li>\n<li>Mit deutlicher Sprachausgabe der Messergebnisse<\/li>\n<li>LED-Display leuchtet bei normaler Temperatur blau, bei Fieber rot<\/li>\n<li>Einfache, intuitive Bedienung durch nur eine Betriebstaste<\/li>\n<li>Kurze Messdauer zwischen 8-10 Sekunden<\/li>\n<li>Verf\u00fcgbare Sprachen: Deutsch, Englisch, Spanisch, Franz\u00f6sisch, Russisch, Italienisch<\/li>\n<li>Automatische Abschaltung nach einer Minute<\/li>\n<li>Messbereich: 32 \u00b0C \u2013 42,9 \u00b0C<\/li>\n<\/ul>\n<\/div>\n","protected":false},"excerpt":{"rendered":"<p>Medizinische Hilfsmittel f\u00fcr Blinde und Sehbehinderte Blutdruckmessger\u00e4te mit Sprachausgabe (Oberarm) boso medicus exclusive sprechendes Oberarm-Blutdruckmessger\u00e4t Oberarm-Blutdruckmessger\u00e4t Der Bewegungssensor verhindert falsche Messergebnisse Arrhythmie-Erkennung zur Anzeige von Herzrhythmusst\u00f6rungen Mittelwertanzeige zur differenzierten Blutdruckbeurteilung&#8230; <a class=\"read-more-button\" href=\"https:\/\/hojas.co.at\/blog\/gesundheit\/\">Lesen Sie mehr &gt;<\/a><\/p>\n","protected":false},"author":1,"featured_media":0,"parent":0,"menu_order":0,"comment_status":"closed","ping_status":"closed","template":"","meta":{"spay_email":""},"jetpack_sharing_enabled":true,"jetpack_shortlink":"https:\/\/wp.me\/PawkJb-oA","_links":{"self":[{"href":"https:\/\/hojas.co.at\/blog\/wp-json\/wp\/v2\/pages\/1524"}],"collection":[{"href":"https:\/\/hojas.co.at\/blog\/wp-json\/wp\/v2\/pages"}],"about":[{"href":"https:\/\/hojas.co.at\/blog\/wp-json\/wp\/v2\/types\/page"}],"author":[{"embeddable":true,"href":"https:\/\/hojas.co.at\/blog\/wp-json\/wp\/v2\/users\/1"}],"replies":[{"embeddable":true,"href":"https:\/\/hojas.co.at\/blog\/wp-json\/wp\/v2\/comments?post=1524"}],"version-history":[{"count":4,"href":"https:\/\/hojas.co.at\/blog\/wp-json\/wp\/v2\/pages\/1524\/revisions"}],"predecessor-version":[{"id":1529,"href":"https:\/\/hojas.co.at\/blog\/wp-json\/wp\/v2\/pages\/1524\/revisions\/1529"}],"wp:attachment":[{"href":"https:\/\/hojas.co.at\/blog\/wp-json\/wp\/v2\/media?parent=1524"}],"curies":[{"name":"wp","href":"https:\/\/api.w.org\/{rel}","templated":true}]}}