{"id":1725,"date":"2021-12-07T13:31:15","date_gmt":"2021-12-07T11:31:15","guid":{"rendered":"http:\/\/hojas.co.at\/blog\/?page_id=1725"},"modified":"2023-06-08T20:38:20","modified_gmt":"2023-06-08T18:38:20","slug":"podcasts-2","status":"publish","type":"page","link":"https:\/\/hojas.co.at\/blog\/podcasts-2\/","title":{"rendered":"Reisepodcasts"},"content":{"rendered":"<h1>Podcastss zu Freizeit und Reisen<\/h1>\n<p>&nbsp;<\/p>\n<h2>Blind Reisen von Marcel Franke<\/h2>\n<p>&nbsp;<\/p>\n<p>Die Welt als blinder Mensch bereisen, darum dreht es sich im Blind Reisen Podcast. Diese Welt h\u00e4lt so viele sch\u00f6ne Dinge bereit und durch H\u00f6ren Schmecken f\u00fchlen und mit Abenteuerlust im Herzen kann man die Welt auch ohne Augenlicht entdecken und die spannenden Kulturen anderer L\u00e4nder erleben. Seit ihr neugierig geworden, dann freue ich mich \u00fcber euer Feedback und \u00fcber eure Bewertungen. Viel Freude beim h\u00f6ren und Reisen! Euer Marcel.<\/p>\n<p>&nbsp;<\/p>\n<p>Auf Apple Podcasts anh\u00f6ren: <a href=\"https:\/\/podcasts.apple.com\/at\/podcast\/blind-reisen\/id1514204597\">https:\/\/podcasts.apple.com\/at\/podcast\/blind-reisen\/id1514204597<\/a><\/p>\n<p>&nbsp;<\/p>\n<h2>Blind auf Reisen \u2013 Andrea Eberl<\/h2>\n<p>&nbsp;<\/p>\n<p>Wie ist es, blind zu reisen? Diese Frage haben sich bestimmt schon viele gestellt. Ich reise gern und oft und werde zuk\u00fcnftig hier \u00fcber meine Reisen erz\u00e4hlen.<\/p>\n<p>&nbsp;<\/p>\n<p>Auf Apple Podcast anh\u00f6ren: <a href=\"https:\/\/podcasts.apple.com\/at\/podcast\/blind-auf-reisen\/id1500793858\">https:\/\/podcasts.apple.com\/at\/podcast\/blind-auf-reisen\/id1500793858<\/a><\/p>\n<p>&nbsp;<\/p>\n<h2>Meine Wien-Tipps<\/h2>\n<p>&nbsp;<\/p>\n<p>Meine pers\u00f6nlichen Tipps rund um Wien \u2013 Restaurants, Veranstaltungen, Gesch\u00e4fte und mehr \u2013 ff\u00fcr BesucherInnen genauso wie f\u00fcr Wiener und Wienerinnen.<\/p>\n<p>&nbsp;<\/p>\n<p>Auf Apple Podcast anh\u00f6ren: <a href=\"https:\/\/podcasts.apple.com\/us\/podcast\/meine-wien-tipps\/id1501382748\">https:\/\/podcasts.apple.com\/us\/podcast\/meine-wien-tipps\/id1501382748<\/a><\/p>\n<p>&nbsp;<\/p>\n<h2>GEOaudio: H\u00f6ren und Reisen \u2013 Mit GEO die Welt erleben!<\/h2>\n<p>&nbsp;<\/p>\n<p>Der GEO-Podcast: Spannende Hintergrundgeschichten, Interviews mit GEO-Reportern und Experten, ausgew\u00e4hlte GEO-Reportagen, O-T\u00f6ne aus Metropolen, Urwald, W\u00fcste oder Antarktis. Jeden Donnerstag neu.<\/p>\n<p>&nbsp;<\/p>\n<p>Auf Apple Podcasts anh\u00f6ren: <a href=\"https:\/\/podcasts.apple.com\/at\/podcast\/geoaudio-h%C3%B6ren-und-reisen-mit-geo-die-welt-erleben\/id129278389\">https:\/\/podcasts.apple.com\/at\/podcast\/geoaudio-h%C3%B6ren-und-reisen-mit-geo-die-welt-erleben\/id129278389<\/a><\/p>\n<p>&nbsp;<\/p>\n<h2>Bergwelten \u2013 H\u00f6hen und Tiefen<\/h2>\n<p>&nbsp;<\/p>\n<p>Mut. Angst. Liebe. Verantwortung. Die gro\u00dfen Fragen des Lebens begegnen uns in den Bergen oft besonders intensiv. Dieser Podcast widmet sich in jeder Folge einem Thema, erz\u00e4hlt spannende und ber\u00fchrende Geschichten und nimmt euch mit nach drau\u00dfen.<\/p>\n<p>&nbsp;<\/p>\n<p>Bergwelten \u2013 der Podcast \u00fcber H\u00f6hen und Tiefen \u2013 ist eine Produktion des Red Bull Media House. Produziert und gehostet wird er von Katharina Lehner, Robert Maruna, Katrin Rath und Mara Simperler.<\/p>\n<p>&nbsp;<\/p>\n<p>Auf Apple Podcasts anh\u00f6ren: <a href=\"https:\/\/podcasts.apple.com\/at\/podcast\/bergwelten-h%C3%B6hen-und-tiefen\/id1522464646\">https:\/\/podcasts.apple.com\/at\/podcast\/bergwelten-h%C3%B6hen-und-tiefen\/id1522464646<\/a><\/p>\n<p>&nbsp;<\/p>\n<h2>radioReisen &#8211; Bayerischer Rundfunk<\/h2>\n<p>&nbsp;<\/p>\n<p>Es gibt noch viel zu entdecken! Der Podcast f\u00fcr alle, die auf Reisen etwas erleben wollen: fremde Kulturen, interessante Menschen, unbekannte Orte. Jede Woche erz\u00e4hlen B\u00e4rbel Wossagk und David Mayonga drei Geschichten von unterwegs. Mit Reportagen, Interviews, Sounds und Musik tauchen wir tief in spannende Welten ein. Das ist Urlaub f\u00fcr den Kopf.<\/p>\n<p>&nbsp;<\/p>\n<p>Auf Apple Podcasts anh\u00f6ren: <a href=\"https:\/\/podcasts.apple.com\/at\/podcast\/radioreisen\/id560983615\">https:\/\/podcasts.apple.com\/at\/podcast\/radioreisen\/id560983615<\/a><\/p>\n<p>&nbsp;<\/p>\n<h2>Ober\u00f6sterreich \u2013 der Tourismuspodcast &#8211; ife Radio<\/h2>\n<p>&nbsp;<\/p>\n<p>Ober\u00f6sterreich ist wundersch\u00f6n \u2013 und deshalb stellen wir euch unser Bundesland jetzt auch im Rahmen von Podcasts vor. Dagmar Hager f\u00e4hrt kreuz und quer durchs Land \u2013 immer auf der Suche nach den traumhaftesten Pl\u00e4tzen, hippsten Locations, urigsten H\u00fctten, jeder Menge Spa\u00df und Action und nat\u00fcrlich nach den besten Schmankerln. Perfekt f\u00fcr den den Urlaub dahoam!<\/p>\n<p>&nbsp;<\/p>\n<p>Auf Apple Podcasts anh\u00f6ren: <a href=\"https:\/\/podcasts.apple.com\/at\/podcast\/ober%C3%B6sterreich-der-tourismuspodcast\/id1517366636\">https:\/\/podcasts.apple.com\/at\/podcast\/ober%C3%B6sterreich-der-tourismuspodcast\/id1517366636<\/a><\/p>\n<p>&nbsp;<\/p>\n<h2>Sagenhaftes L\u00e4ndle &#8211; ANTENNE VORARLBERG<\/h2>\n<p>&nbsp;<\/p>\n<p>Zu jedem Baum, jeder Wiese, jedem Stein und jedem Berg gibt es in Vorarlberg eine Sage! Wir lieben Vorarlberg und haben die spannendsten Sagen aus dem L\u00e4ndle zum Leben erweckt.<\/p>\n<p>&nbsp;<\/p>\n<p>Auf Apple Podcasts anh\u00f6ren: <a href=\"https:\/\/podcasts.apple.com\/at\/podcast\/sagenhaftes-l%C3%A4ndle-ii\/id1442189396\">https:\/\/podcasts.apple.com\/at\/podcast\/sagenhaftes-l%C3%A4ndle-ii\/id1442189396<\/a><\/p>\n<p>&nbsp;<\/p>\n<h2>RADIOREISE \u2013 macht Reiselust!<\/h2>\n<p>&nbsp;<\/p>\n<p>Die Radioreise mit Alexander Tauscher entdeckt die Welt mit den Ohren. Wir bringen Geschichten aus Nah und Fern, aus Ost und West, aus S\u00fcd und Nord. Wir laufen durch gro\u00dfe St\u00e4dte wie Moskau oder Madrid, wir wandern in den Bergen, ob in den Alpen oder in den Anden. Wir reisen dorthin, wo die j\u00fcngste Geschichte besonders bewegend ist, ob in Israel oder in Myanmar. Wir feiern mit den Schwulen in Tel Aviv und sind bei einer Traumhochzeit auf den Malediven dabei. Mit dem Krabbenf\u00e4ngern am Nordkap oder dem Mafia-Insider auf Sizilien, die Radioreise ist nah dran. Viel Spa\u00df und auf Weiterh\u00f6ren!<\/p>\n<p>&nbsp;<\/p>\n<p>Auf Apple Podcasts anh\u00f6ren: <a href=\"https:\/\/podcasts.apple.com\/at\/podcast\/radioreise-macht-reiselust\/id435711592\">https:\/\/podcasts.apple.com\/at\/podcast\/radioreise-macht-reiselust\/id435711592<\/a><\/p>\n<p>&nbsp;<\/p>\n<h2>50 States \u2013 Durch die USA mit Dirk Rohrbach<\/h2>\n<p>&nbsp;<\/p>\n<p>Hohe Berge und tiefe Canyons, einsame Pr\u00e4rie und freundliche Kleinst\u00e4dte \u2013 Dirk Rohrbach macht sich auf die Reise, um das echte Amerika zu entdecken. Alle 50 Bundesstaaten, abseits der ausgetretenen Pfade. In der ersten Staffel paddelt er auf Amerikas l\u00e4ngstem Fluss, dem Missouri\/Mississippi River, von der Quelle bis zur M\u00fcndung. In der zweiten<\/p>\n<p>&nbsp;<\/p>\n<p>Auf Apple Podcasts anh\u00f6ren: <a href=\"https:\/\/podcasts.apple.com\/at\/podcast\/50-states-durch-die-usa-mit-dirk-rohrbach\/id1463485806\">https:\/\/podcasts.apple.com\/at\/podcast\/50-states-durch-die-usa-mit-dirk-rohrbach\/id1463485806<\/a><\/p>\n<p>&nbsp;<\/p>\n<h2>Explore \u2013 Der National Geographic Podcast<\/h2>\n<p>&nbsp;<\/p>\n<p>Durch tiefe W\u00e4lder, auf hohe Gipfel, in dunkle H\u00f6hlen und helle W\u00fcsten \u2013 und noch viel mehr! Unser Planet ist so sch\u00f6n und birgt noch so viele Geheimnisse. Genau das ist unser Antrieb! Entdecke die Welt mit uns.<\/p>\n<p>&nbsp;<\/p>\n<p>Auf Apple Podcasts anh\u00f6ren: <a href=\"https:\/\/podcasts.apple.com\/at\/podcast\/explore-der-national-geographic-podcast\/id1472489132\">https:\/\/podcasts.apple.com\/at\/podcast\/explore-der-national-geographic-podcast\/id1472489132<\/a><\/p>\n<p>&nbsp;<\/p>\n<h2>Weltwach \u2013 Abenteuer. Reisen. Leben.<\/h2>\n<p>&nbsp;<\/p>\n<p>Reisen helfen uns die Welt besser zu verstehen. Dieser Podcast zeigt wie.\u00a0 Im Weltwach Podcast unterh\u00e4lt sich Buchautor Erik Lorenz jede Woche mit Abenteurern, Reiseschriftstellern und Fotografen \u00fcber aufregende Expeditionen und lebensver\u00e4ndernde Streifz\u00fcge. G\u00e4ste wie Reinhold Messner, Christine Th\u00fcrmer und Steve McCurry erz\u00e4hlen vom Ringen mit der Natur. Aufschlussreichen Begegnungen. Der Konfrontation mit dem Unbekannten. Und unterhaltsamen Missgeschicken unterwegs. Sie sprechen \u00fcber kulturelle, \u00f6kologische, soziale und politische Fragen des Reisens. Und liefern Denkanst\u00f6\u00dfe daf\u00fcr, selbst aufzubrechen und ausgetretene Pfade zu verlassen. Mehr Infos unter www.Weltwach.de.<\/p>\n<p>&nbsp;<\/p>\n<p>Auf Apple Podcasts anh\u00f6ren: <a href=\"https:\/\/podcasts.apple.com\/at\/podcast\/weltwach-abenteuer-reisen-leben\/id1245866413\">https:\/\/podcasts.apple.com\/at\/podcast\/weltwach-abenteuer-reisen-leben\/id1245866413<\/a><\/p>\n<p>&nbsp;<\/p>\n<h2>Abenteuer wandern<\/h2>\n<p>&nbsp;<\/p>\n<p>Die ganz besonderen Wandertipps im Osten \u00d6sterreichs.Dieses Jahr \u2013 2020 \u2013 erleben wir einen besonderen Sommer. Wir richten unsere Blicke auf die nahen Ziele, auf die Berge, die Wege, die W\u00e4lder, die vor unserer Haust\u00fcre liegen. Jennifer Frank und Claudio Sch\u00fctz sind Moderatoren bei Radio Nieder\u00f6sterreich, wo sie von Fr\u00fchsommer bis Herbst auch w\u00f6chentlich Wandertipps geben.<\/p>\n<p>&nbsp;<\/p>\n<p>Auf Apple Podcast anh\u00f6ren: <a href=\"https:\/\/podcasts.apple.com\/at\/podcast\/abenteuer-wandern\/id1520915013\">https:\/\/podcasts.apple.com\/at\/podcast\/abenteuer-wandern\/id1520915013<\/a><\/p>\n<p>&nbsp;<\/p>\n<h2>\u00d61 Ambiente Reise-Shortcuts<\/h2>\n<p>&nbsp;<\/p>\n<p>Audio-Miniaturen des \u00d61 Reisemagazins. Mit neuen Zielen Woche f\u00fcr Woche.<\/p>\n<p>&nbsp;<\/p>\n<p>Auf Apple Podcast anh\u00f6ren: <a href=\"https:\/\/podcasts.apple.com\/at\/podcast\/%C3%B61-ambiente-reise-shortcuts\/id348376973\">https:\/\/podcasts.apple.com\/at\/podcast\/%C3%B61-ambiente-reise-shortcuts\/id348376973<\/a><\/p>\n<p>&nbsp;<\/p>\n<h2>Bergfreundinnen<\/h2>\n<p>&nbsp;<\/p>\n<p>Bergfreundinnen ist der Podcast f\u00fcr dein Leben mit den Bergen. Anna, Toni und Kaddi lieben Berge. St\u00e4ndig zieht es die drei hinaus und hinauf \u2013 und wenn sie nicht am Berg sind, reden sie dar\u00fcber. S\u00e4tze wie \u201eDie Berge geh\u00f6ren uns\u201c oder \u201c<\/p>\n<p>&nbsp;<\/p>\n<p>Auf Apple Podcast anh\u00f6ren: <a href=\"https:\/\/podcasts.apple.com\/at\/podcast\/bergfreundinnen\/id1520156947\">https:\/\/podcasts.apple.com\/at\/podcast\/bergfreundinnen\/id1520156947<\/a><\/p>\n<p>&nbsp;<\/p>\n<h2>Abenteuer Australien<\/h2>\n<p>&nbsp;<\/p>\n<p>Viel mehr als nur K\u00e4ngurus, Koalas &amp; Co.: In \u201eAbenteuer Australien\u201c nimmt euch Journalistin Sabrina Frangos mit in ihre neue Heimat. Lernt interessante Menschen kennen und h\u00f6rt aufregende Australien-Geschichten abseits der Touri-Hotspots. Entdeckt das Land durch die Augen von Ausgewanderten und Aussies.<\/p>\n<p>&nbsp;<\/p>\n<p>Auf Apple Podcast anh\u00f6ren: <a href=\"https:\/\/podcasts.apple.com\/de\/podcast\/abenteuer-australien\/id1559930327\">https:\/\/podcasts.apple.com\/de\/podcast\/abenteuer-australien\/id1559930327<\/a><\/p>\n<p>&nbsp;<\/p>\n<h2>BR24 f\u00fcr Bergsteiger<\/h2>\n<p>&nbsp;<\/p>\n<p>Wissen Sie, was Reinhold Messner als seinen 15. Achttausender bezeichnet? Oder warum Wandern die Freizeitbesch\u00e4ftigung Nummer 1 in Bayern ist? Oder welche Tour, welcher Klettersteig, welche Radlroute zu empfehlen ist? Sie erfahren es in \u201eBR24 f\u00fcr Bergsteiger\u201c. Das alpine Magazin rund um H\u00fctten und H\u00f6henwege, Gipfel und Grate. Aktuell und informativ.<\/p>\n<p>&nbsp;<\/p>\n<p>Auf Apple Podcast anh\u00f6ren: <a href=\"https:\/\/podcasts.apple.com\/de\/podcast\/br24-f%C3%BCr-bergsteiger\/id152818933\">https:\/\/podcasts.apple.com\/de\/podcast\/br24-f%C3%BCr-bergsteiger\/id152818933<\/a><\/p>\n<p>&nbsp;<\/p>\n<h2>Hauptsache raus \u2013 der OUTDOOR-Podcast<\/h2>\n<p>&nbsp;<\/p>\n<p>Die Redaktion des outdoor Magazins liebt das Leben in der freien Natur. Ob Wandern, Trekking, Bergsteigen, Klettersteige oder Kanu-Touren \u2013 wer sich f\u00fcrs Outdoor-Leben irgendwo zwischen Eifel und Neuseeland interessiert, ist hier richtig. Hauptsache raus \u2013 in diesem Podcast berichten wir vom Leben drau\u00dfen, erz\u00e4hlen unsere schr\u00e4gsten, lustigsten und haarstr\u00e4ubendsten Erlebnisse und geben viele n\u00fctzliche Tipps, die das Leben drau\u00dfen angenehmer machen.<\/p>\n<p>&nbsp;<\/p>\n<p>Auf Apple Podcast anh\u00f6ren: <a href=\"https:\/\/podcasts.apple.com\/at\/podcast\/hauptsache-raus-der-outdoor-podcast\/id1459994076\">https:\/\/podcasts.apple.com\/at\/podcast\/hauptsache-raus-der-outdoor-podcast\/id1459994076<\/a><\/p>\n<p>&nbsp;<\/p>\n<h2>Pilgern auf dem Jakobsweg<\/h2>\n<p>&nbsp;<\/p>\n<p>Am Anfang ist da die Idee: Ich gehe den Jakobsweg. Dann kommen viele Fragezeichen und Zweifel. Dieser Podcast m\u00f6chte Dir beides nehmen. Ich bin Marcus, bin seit 2012 Pilger und schildere Dir hier meine Sicht und Erfahrungen. Vielleicht kann ich Dir im Podcast sogar Fragen beantworten. Wenn Du schon Pilgern warst, wirst Du sicher Vieles wiedererkennen. Dein Podcast rund um den Jakobsweg.<\/p>\n<p>&nbsp;<\/p>\n<p>Auf Apple Podcast anh\u00f6ren: <a href=\"https:\/\/podcasts.apple.com\/at\/podcast\/der-camino-podcast-pilgern-auf-dem-jakobsweg\/id1558797245\">https:\/\/podcasts.apple.com\/at\/podcast\/der-camino-podcast-pilgern-auf-dem-jakobsweg\/id1558797245<\/a><\/p>\n<p>&nbsp;<\/p>\n<h2>Tatort Reise<\/h2>\n<p>&nbsp;<\/p>\n<p>Ob in Thailand, Indien, den USA oder Brasilien; ob Los Angeles, Kathmandu oder Freudenstadt im Schwarzwald \u2013 Verbrechen geschehen \u00fcberall. Und wir nehmen euch mit in unserem neuen TRAVELBOOK-Podcast \u201eTATORT REISE\u201c.<\/p>\n<p>&nbsp;<\/p>\n<p>In jeder Folge sprechen wir mit Experten und geben euch einen exklusiven Blick hinter die Kulissen.<\/p>\n<p>&nbsp;<\/p>\n<p>Auf Apple Podcast anh\u00f6ren: <a href=\"https:\/\/podcasts.apple.com\/de\/podcast\/tatort-reise-der-true-crime-podcast\/id1559938508\">https:\/\/podcasts.apple.com\/de\/podcast\/tatort-reise-der-true-crime-podcast\/id1559938508<\/a><\/p>\n<p>&nbsp;<\/p>\n<p>\u00a9 Juni 2023 by Gerhard Hojas<\/p>\n","protected":false},"excerpt":{"rendered":"<p>Podcastss zu Freizeit und Reisen &nbsp; Blind Reisen von Marcel Franke &nbsp; Die Welt als blinder Mensch bereisen, darum dreht es sich im Blind Reisen Podcast. Diese Welt h\u00e4lt so&#8230; <a class=\"read-more-button\" href=\"https:\/\/hojas.co.at\/blog\/podcasts-2\/\">Lesen Sie mehr &gt;<\/a><\/p>\n","protected":false},"author":1,"featured_media":0,"parent":0,"menu_order":0,"comment_status":"closed","ping_status":"closed","template":"","meta":{"spay_email":""},"jetpack_sharing_enabled":true,"jetpack_shortlink":"https:\/\/wp.me\/PawkJb-rP","_links":{"self":[{"href":"https:\/\/hojas.co.at\/blog\/wp-json\/wp\/v2\/pages\/1725"}],"collection":[{"href":"https:\/\/hojas.co.at\/blog\/wp-json\/wp\/v2\/pages"}],"about":[{"href":"https:\/\/hojas.co.at\/blog\/wp-json\/wp\/v2\/types\/page"}],"author":[{"embeddable":true,"href":"https:\/\/hojas.co.at\/blog\/wp-json\/wp\/v2\/users\/1"}],"replies":[{"embeddable":true,"href":"https:\/\/hojas.co.at\/blog\/wp-json\/wp\/v2\/comments?post=1725"}],"version-history":[{"count":6,"href":"https:\/\/hojas.co.at\/blog\/wp-json\/wp\/v2\/pages\/1725\/revisions"}],"predecessor-version":[{"id":1873,"href":"https:\/\/hojas.co.at\/blog\/wp-json\/wp\/v2\/pages\/1725\/revisions\/1873"}],"wp:attachment":[{"href":"https:\/\/hojas.co.at\/blog\/wp-json\/wp\/v2\/media?parent=1725"}],"curies":[{"name":"wp","href":"https:\/\/api.w.org\/{rel}","templated":true}]}}